{"id":963,"date":"2022-06-26T15:30:28","date_gmt":"2022-06-26T13:30:28","guid":{"rendered":"https:\/\/nessana-art.com\/?page_id=963"},"modified":"2022-09-30T18:09:14","modified_gmt":"2022-09-30T16:09:14","slug":"xenia","status":"publish","type":"page","link":"https:\/\/nessana-art.com\/en\/xenia\/","title":{"rendered":""},"content":{"rendered":"<div class=\"wp-block-group\"><div class=\"wp-block-group__inner-container is-layout-flow wp-block-group-is-layout-flow\">\n<h2 class=\"has-text-align-center wp-block-heading\"><strong>Reversed!<\/strong><\/h2>\n\n\n\n<p><br><\/p>\n\n\n\n<h2 class=\"has-text-align-center wp-block-heading\" id=\"jonte-acryl-auf-leinwand-50-x-50-cm\">Xenia, acrylic on canvas, 70 x 100 cm <\/h2>\n\n\n\n<div class=\"wp-block-jetpack-slideshow aligncenter\" data-autoplay=\"true\" data-delay=\"4\" data-effect=\"slide\"><div class=\"wp-block-jetpack-slideshow_container swiper-container\"><ul class=\"wp-block-jetpack-slideshow_swiper-wrapper swiper-wrapper\"><li class=\"wp-block-jetpack-slideshow_slide swiper-slide\"><figure><img data-recalc-dims=\"1\" loading=\"lazy\" decoding=\"async\" width=\"720\" height=\"1024\" alt=\"\" class=\"wp-block-jetpack-slideshow_image wp-image-971\" data-id=\"971\" src=\"https:\/\/i0.wp.com\/nessana-art.com\/wp-content\/uploads\/2022\/06\/Xenia-Reversed-c-Nessana.jpg?resize=720%2C1024&#038;ssl=1\" srcset=\"https:\/\/i0.wp.com\/nessana-art.com\/wp-content\/uploads\/2022\/06\/Xenia-Reversed-c-Nessana-scaled.jpg?resize=720%2C1024&amp;ssl=1 720w, https:\/\/i0.wp.com\/nessana-art.com\/wp-content\/uploads\/2022\/06\/Xenia-Reversed-c-Nessana-scaled.jpg?resize=211%2C300&amp;ssl=1 211w, https:\/\/i0.wp.com\/nessana-art.com\/wp-content\/uploads\/2022\/06\/Xenia-Reversed-c-Nessana-scaled.jpg?resize=768%2C1093&amp;ssl=1 768w, https:\/\/i0.wp.com\/nessana-art.com\/wp-content\/uploads\/2022\/06\/Xenia-Reversed-c-Nessana-scaled.jpg?resize=1080%2C1536&amp;ssl=1 1080w, https:\/\/i0.wp.com\/nessana-art.com\/wp-content\/uploads\/2022\/06\/Xenia-Reversed-c-Nessana-scaled.jpg?resize=1440%2C2048&amp;ssl=1 1440w, https:\/\/i0.wp.com\/nessana-art.com\/wp-content\/uploads\/2022\/06\/Xenia-Reversed-c-Nessana-scaled.jpg?resize=8%2C12&amp;ssl=1 8w, https:\/\/i0.wp.com\/nessana-art.com\/wp-content\/uploads\/2022\/06\/Xenia-Reversed-c-Nessana-scaled.jpg?resize=17%2C24&amp;ssl=1 17w, https:\/\/i0.wp.com\/nessana-art.com\/wp-content\/uploads\/2022\/06\/Xenia-Reversed-c-Nessana-scaled.jpg?resize=25%2C36&amp;ssl=1 25w, https:\/\/i0.wp.com\/nessana-art.com\/wp-content\/uploads\/2022\/06\/Xenia-Reversed-c-Nessana-scaled.jpg?resize=34%2C48&amp;ssl=1 34w, https:\/\/i0.wp.com\/nessana-art.com\/wp-content\/uploads\/2022\/06\/Xenia-Reversed-c-Nessana-scaled.jpg?w=1799&amp;ssl=1 1799w, https:\/\/i0.wp.com\/nessana-art.com\/wp-content\/uploads\/2022\/06\/Xenia-Reversed-c-Nessana-scaled.jpg?w=1738&amp;ssl=1 1738w\" sizes=\"(max-width: 720px) 100vw, 720px\" \/><\/figure><\/li><li class=\"wp-block-jetpack-slideshow_slide swiper-slide\"><figure><img data-recalc-dims=\"1\" loading=\"lazy\" decoding=\"async\" width=\"773\" height=\"1024\" alt=\"\" class=\"wp-block-jetpack-slideshow_image wp-image-964\" data-id=\"964\" src=\"https:\/\/i0.wp.com\/nessana-art.com\/wp-content\/uploads\/2022\/06\/01E75FEB-389C-49CC-A631-16F774DB92E8-2.jpeg?resize=773%2C1024&#038;ssl=1\" srcset=\"https:\/\/i0.wp.com\/nessana-art.com\/wp-content\/uploads\/2022\/06\/01E75FEB-389C-49CC-A631-16F774DB92E8-2-scaled.jpeg?resize=773%2C1024&amp;ssl=1 773w, https:\/\/i0.wp.com\/nessana-art.com\/wp-content\/uploads\/2022\/06\/01E75FEB-389C-49CC-A631-16F774DB92E8-2-scaled.jpeg?resize=226%2C300&amp;ssl=1 226w, https:\/\/i0.wp.com\/nessana-art.com\/wp-content\/uploads\/2022\/06\/01E75FEB-389C-49CC-A631-16F774DB92E8-2-scaled.jpeg?resize=768%2C1017&amp;ssl=1 768w, https:\/\/i0.wp.com\/nessana-art.com\/wp-content\/uploads\/2022\/06\/01E75FEB-389C-49CC-A631-16F774DB92E8-2-scaled.jpeg?resize=1160%2C1536&amp;ssl=1 1160w, https:\/\/i0.wp.com\/nessana-art.com\/wp-content\/uploads\/2022\/06\/01E75FEB-389C-49CC-A631-16F774DB92E8-2-scaled.jpeg?resize=1546%2C2048&amp;ssl=1 1546w, https:\/\/i0.wp.com\/nessana-art.com\/wp-content\/uploads\/2022\/06\/01E75FEB-389C-49CC-A631-16F774DB92E8-2-scaled.jpeg?resize=9%2C12&amp;ssl=1 9w, https:\/\/i0.wp.com\/nessana-art.com\/wp-content\/uploads\/2022\/06\/01E75FEB-389C-49CC-A631-16F774DB92E8-2-scaled.jpeg?resize=18%2C24&amp;ssl=1 18w, https:\/\/i0.wp.com\/nessana-art.com\/wp-content\/uploads\/2022\/06\/01E75FEB-389C-49CC-A631-16F774DB92E8-2-scaled.jpeg?resize=27%2C36&amp;ssl=1 27w, https:\/\/i0.wp.com\/nessana-art.com\/wp-content\/uploads\/2022\/06\/01E75FEB-389C-49CC-A631-16F774DB92E8-2-scaled.jpeg?resize=36%2C48&amp;ssl=1 36w, https:\/\/i0.wp.com\/nessana-art.com\/wp-content\/uploads\/2022\/06\/01E75FEB-389C-49CC-A631-16F774DB92E8-2-scaled.jpeg?w=1933&amp;ssl=1 1933w, https:\/\/i0.wp.com\/nessana-art.com\/wp-content\/uploads\/2022\/06\/01E75FEB-389C-49CC-A631-16F774DB92E8-2-scaled.jpeg?w=1738&amp;ssl=1 1738w\" sizes=\"(max-width: 773px) 100vw, 773px\" \/><\/figure><\/li><li class=\"wp-block-jetpack-slideshow_slide swiper-slide\"><figure><img data-recalc-dims=\"1\" loading=\"lazy\" decoding=\"async\" width=\"869\" height=\"869\" alt=\"\" class=\"wp-block-jetpack-slideshow_image wp-image-967\" data-id=\"967\" src=\"https:\/\/i0.wp.com\/nessana-art.com\/wp-content\/uploads\/2022\/06\/20220617_212505.jpg?resize=869%2C869&#038;ssl=1\" srcset=\"https:\/\/i0.wp.com\/nessana-art.com\/wp-content\/uploads\/2022\/06\/20220617_212505-scaled.jpg?resize=1024%2C1024&amp;ssl=1 1024w, https:\/\/i0.wp.com\/nessana-art.com\/wp-content\/uploads\/2022\/06\/20220617_212505-scaled.jpg?resize=300%2C300&amp;ssl=1 300w, https:\/\/i0.wp.com\/nessana-art.com\/wp-content\/uploads\/2022\/06\/20220617_212505-scaled.jpg?resize=150%2C150&amp;ssl=1 150w, https:\/\/i0.wp.com\/nessana-art.com\/wp-content\/uploads\/2022\/06\/20220617_212505-scaled.jpg?resize=768%2C768&amp;ssl=1 768w, https:\/\/i0.wp.com\/nessana-art.com\/wp-content\/uploads\/2022\/06\/20220617_212505-scaled.jpg?resize=1536%2C1536&amp;ssl=1 1536w, https:\/\/i0.wp.com\/nessana-art.com\/wp-content\/uploads\/2022\/06\/20220617_212505-scaled.jpg?resize=2048%2C2048&amp;ssl=1 2048w, https:\/\/i0.wp.com\/nessana-art.com\/wp-content\/uploads\/2022\/06\/20220617_212505-scaled.jpg?resize=12%2C12&amp;ssl=1 12w, https:\/\/i0.wp.com\/nessana-art.com\/wp-content\/uploads\/2022\/06\/20220617_212505-scaled.jpg?resize=24%2C24&amp;ssl=1 24w, https:\/\/i0.wp.com\/nessana-art.com\/wp-content\/uploads\/2022\/06\/20220617_212505-scaled.jpg?resize=36%2C36&amp;ssl=1 36w, https:\/\/i0.wp.com\/nessana-art.com\/wp-content\/uploads\/2022\/06\/20220617_212505-scaled.jpg?resize=48%2C48&amp;ssl=1 48w, https:\/\/i0.wp.com\/nessana-art.com\/wp-content\/uploads\/2022\/06\/20220617_212505-scaled.jpg?w=1738&amp;ssl=1 1738w\" sizes=\"(max-width: 869px) 100vw, 869px\" \/><\/figure><\/li><li class=\"wp-block-jetpack-slideshow_slide swiper-slide\"><figure><img data-recalc-dims=\"1\" loading=\"lazy\" decoding=\"async\" width=\"786\" height=\"1024\" alt=\"\" class=\"wp-block-jetpack-slideshow_image wp-image-968\" data-id=\"968\" src=\"https:\/\/i0.wp.com\/nessana-art.com\/wp-content\/uploads\/2022\/06\/B270EB95-7A4E-4099-89B2-BDE8B3D11F57-2.jpeg?resize=786%2C1024&#038;ssl=1\" srcset=\"https:\/\/i0.wp.com\/nessana-art.com\/wp-content\/uploads\/2022\/06\/B270EB95-7A4E-4099-89B2-BDE8B3D11F57-2-scaled.jpeg?resize=786%2C1024&amp;ssl=1 786w, https:\/\/i0.wp.com\/nessana-art.com\/wp-content\/uploads\/2022\/06\/B270EB95-7A4E-4099-89B2-BDE8B3D11F57-2-scaled.jpeg?resize=230%2C300&amp;ssl=1 230w, https:\/\/i0.wp.com\/nessana-art.com\/wp-content\/uploads\/2022\/06\/B270EB95-7A4E-4099-89B2-BDE8B3D11F57-2-scaled.jpeg?resize=768%2C1000&amp;ssl=1 768w, https:\/\/i0.wp.com\/nessana-art.com\/wp-content\/uploads\/2022\/06\/B270EB95-7A4E-4099-89B2-BDE8B3D11F57-2-scaled.jpeg?resize=1179%2C1536&amp;ssl=1 1179w, https:\/\/i0.wp.com\/nessana-art.com\/wp-content\/uploads\/2022\/06\/B270EB95-7A4E-4099-89B2-BDE8B3D11F57-2-scaled.jpeg?resize=1573%2C2048&amp;ssl=1 1573w, https:\/\/i0.wp.com\/nessana-art.com\/wp-content\/uploads\/2022\/06\/B270EB95-7A4E-4099-89B2-BDE8B3D11F57-2-scaled.jpeg?resize=9%2C12&amp;ssl=1 9w, https:\/\/i0.wp.com\/nessana-art.com\/wp-content\/uploads\/2022\/06\/B270EB95-7A4E-4099-89B2-BDE8B3D11F57-2-scaled.jpeg?resize=18%2C24&amp;ssl=1 18w, https:\/\/i0.wp.com\/nessana-art.com\/wp-content\/uploads\/2022\/06\/B270EB95-7A4E-4099-89B2-BDE8B3D11F57-2-scaled.jpeg?resize=28%2C36&amp;ssl=1 28w, https:\/\/i0.wp.com\/nessana-art.com\/wp-content\/uploads\/2022\/06\/B270EB95-7A4E-4099-89B2-BDE8B3D11F57-2-scaled.jpeg?resize=37%2C48&amp;ssl=1 37w, https:\/\/i0.wp.com\/nessana-art.com\/wp-content\/uploads\/2022\/06\/B270EB95-7A4E-4099-89B2-BDE8B3D11F57-2-scaled.jpeg?w=1966&amp;ssl=1 1966w, https:\/\/i0.wp.com\/nessana-art.com\/wp-content\/uploads\/2022\/06\/B270EB95-7A4E-4099-89B2-BDE8B3D11F57-2-scaled.jpeg?w=1738&amp;ssl=1 1738w\" sizes=\"(max-width: 786px) 100vw, 786px\" \/><\/figure><\/li><li class=\"wp-block-jetpack-slideshow_slide swiper-slide\"><figure><img data-recalc-dims=\"1\" loading=\"lazy\" decoding=\"async\" width=\"746\" height=\"1024\" alt=\"\" class=\"wp-block-jetpack-slideshow_image wp-image-969\" data-id=\"969\" src=\"https:\/\/i0.wp.com\/nessana-art.com\/wp-content\/uploads\/2022\/06\/B744C4FE-2B57-4D22-939C-431F6FE67BA3-2.jpeg?resize=746%2C1024&#038;ssl=1\" srcset=\"https:\/\/i0.wp.com\/nessana-art.com\/wp-content\/uploads\/2022\/06\/B744C4FE-2B57-4D22-939C-431F6FE67BA3-2-scaled.jpeg?resize=746%2C1024&amp;ssl=1 746w, https:\/\/i0.wp.com\/nessana-art.com\/wp-content\/uploads\/2022\/06\/B744C4FE-2B57-4D22-939C-431F6FE67BA3-2-scaled.jpeg?resize=219%2C300&amp;ssl=1 219w, https:\/\/i0.wp.com\/nessana-art.com\/wp-content\/uploads\/2022\/06\/B744C4FE-2B57-4D22-939C-431F6FE67BA3-2-scaled.jpeg?resize=768%2C1054&amp;ssl=1 768w, https:\/\/i0.wp.com\/nessana-art.com\/wp-content\/uploads\/2022\/06\/B744C4FE-2B57-4D22-939C-431F6FE67BA3-2-scaled.jpeg?resize=1119%2C1536&amp;ssl=1 1119w, https:\/\/i0.wp.com\/nessana-art.com\/wp-content\/uploads\/2022\/06\/B744C4FE-2B57-4D22-939C-431F6FE67BA3-2-scaled.jpeg?resize=1492%2C2048&amp;ssl=1 1492w, https:\/\/i0.wp.com\/nessana-art.com\/wp-content\/uploads\/2022\/06\/B744C4FE-2B57-4D22-939C-431F6FE67BA3-2-scaled.jpeg?resize=9%2C12&amp;ssl=1 9w, https:\/\/i0.wp.com\/nessana-art.com\/wp-content\/uploads\/2022\/06\/B744C4FE-2B57-4D22-939C-431F6FE67BA3-2-scaled.jpeg?resize=17%2C24&amp;ssl=1 17w, https:\/\/i0.wp.com\/nessana-art.com\/wp-content\/uploads\/2022\/06\/B744C4FE-2B57-4D22-939C-431F6FE67BA3-2-scaled.jpeg?resize=26%2C36&amp;ssl=1 26w, https:\/\/i0.wp.com\/nessana-art.com\/wp-content\/uploads\/2022\/06\/B744C4FE-2B57-4D22-939C-431F6FE67BA3-2-scaled.jpeg?resize=35%2C48&amp;ssl=1 35w, https:\/\/i0.wp.com\/nessana-art.com\/wp-content\/uploads\/2022\/06\/B744C4FE-2B57-4D22-939C-431F6FE67BA3-2-scaled.jpeg?w=1865&amp;ssl=1 1865w, https:\/\/i0.wp.com\/nessana-art.com\/wp-content\/uploads\/2022\/06\/B744C4FE-2B57-4D22-939C-431F6FE67BA3-2-scaled.jpeg?w=1738&amp;ssl=1 1738w\" sizes=\"(max-width: 746px) 100vw, 746px\" \/><\/figure><\/li><li class=\"wp-block-jetpack-slideshow_slide swiper-slide\"><figure><img data-recalc-dims=\"1\" loading=\"lazy\" decoding=\"async\" width=\"728\" height=\"1024\" alt=\"\" class=\"wp-block-jetpack-slideshow_image wp-image-965\" data-id=\"965\" src=\"https:\/\/i0.wp.com\/nessana-art.com\/wp-content\/uploads\/2022\/06\/3B79D970-933A-4399-A8EA-EDD61315CEA3-2.jpeg?resize=728%2C1024&#038;ssl=1\" srcset=\"https:\/\/i0.wp.com\/nessana-art.com\/wp-content\/uploads\/2022\/06\/3B79D970-933A-4399-A8EA-EDD61315CEA3-2-scaled.jpeg?resize=728%2C1024&amp;ssl=1 728w, https:\/\/i0.wp.com\/nessana-art.com\/wp-content\/uploads\/2022\/06\/3B79D970-933A-4399-A8EA-EDD61315CEA3-2-scaled.jpeg?resize=213%2C300&amp;ssl=1 213w, https:\/\/i0.wp.com\/nessana-art.com\/wp-content\/uploads\/2022\/06\/3B79D970-933A-4399-A8EA-EDD61315CEA3-2-scaled.jpeg?resize=768%2C1080&amp;ssl=1 768w, https:\/\/i0.wp.com\/nessana-art.com\/wp-content\/uploads\/2022\/06\/3B79D970-933A-4399-A8EA-EDD61315CEA3-2-scaled.jpeg?resize=1092%2C1536&amp;ssl=1 1092w, https:\/\/i0.wp.com\/nessana-art.com\/wp-content\/uploads\/2022\/06\/3B79D970-933A-4399-A8EA-EDD61315CEA3-2-scaled.jpeg?resize=1457%2C2048&amp;ssl=1 1457w, https:\/\/i0.wp.com\/nessana-art.com\/wp-content\/uploads\/2022\/06\/3B79D970-933A-4399-A8EA-EDD61315CEA3-2-scaled.jpeg?resize=9%2C12&amp;ssl=1 9w, https:\/\/i0.wp.com\/nessana-art.com\/wp-content\/uploads\/2022\/06\/3B79D970-933A-4399-A8EA-EDD61315CEA3-2-scaled.jpeg?resize=17%2C24&amp;ssl=1 17w, https:\/\/i0.wp.com\/nessana-art.com\/wp-content\/uploads\/2022\/06\/3B79D970-933A-4399-A8EA-EDD61315CEA3-2-scaled.jpeg?resize=26%2C36&amp;ssl=1 26w, https:\/\/i0.wp.com\/nessana-art.com\/wp-content\/uploads\/2022\/06\/3B79D970-933A-4399-A8EA-EDD61315CEA3-2-scaled.jpeg?resize=34%2C48&amp;ssl=1 34w, https:\/\/i0.wp.com\/nessana-art.com\/wp-content\/uploads\/2022\/06\/3B79D970-933A-4399-A8EA-EDD61315CEA3-2-scaled.jpeg?w=1821&amp;ssl=1 1821w, https:\/\/i0.wp.com\/nessana-art.com\/wp-content\/uploads\/2022\/06\/3B79D970-933A-4399-A8EA-EDD61315CEA3-2-scaled.jpeg?w=1738&amp;ssl=1 1738w\" sizes=\"(max-width: 728px) 100vw, 728px\" \/><\/figure><\/li><li class=\"wp-block-jetpack-slideshow_slide swiper-slide\"><figure><img data-recalc-dims=\"1\" loading=\"lazy\" decoding=\"async\" width=\"737\" height=\"1024\" alt=\"\" class=\"wp-block-jetpack-slideshow_image wp-image-966\" data-id=\"966\" src=\"https:\/\/i0.wp.com\/nessana-art.com\/wp-content\/uploads\/2022\/06\/71232FCD-C148-427A-A25B-5439DBF7955D-2.jpeg?resize=737%2C1024&#038;ssl=1\" srcset=\"https:\/\/i0.wp.com\/nessana-art.com\/wp-content\/uploads\/2022\/06\/71232FCD-C148-427A-A25B-5439DBF7955D-2-scaled.jpeg?resize=737%2C1024&amp;ssl=1 737w, https:\/\/i0.wp.com\/nessana-art.com\/wp-content\/uploads\/2022\/06\/71232FCD-C148-427A-A25B-5439DBF7955D-2-scaled.jpeg?resize=216%2C300&amp;ssl=1 216w, https:\/\/i0.wp.com\/nessana-art.com\/wp-content\/uploads\/2022\/06\/71232FCD-C148-427A-A25B-5439DBF7955D-2-scaled.jpeg?resize=768%2C1067&amp;ssl=1 768w, https:\/\/i0.wp.com\/nessana-art.com\/wp-content\/uploads\/2022\/06\/71232FCD-C148-427A-A25B-5439DBF7955D-2-scaled.jpeg?resize=1105%2C1536&amp;ssl=1 1105w, https:\/\/i0.wp.com\/nessana-art.com\/wp-content\/uploads\/2022\/06\/71232FCD-C148-427A-A25B-5439DBF7955D-2-scaled.jpeg?resize=1474%2C2048&amp;ssl=1 1474w, https:\/\/i0.wp.com\/nessana-art.com\/wp-content\/uploads\/2022\/06\/71232FCD-C148-427A-A25B-5439DBF7955D-2-scaled.jpeg?resize=9%2C12&amp;ssl=1 9w, https:\/\/i0.wp.com\/nessana-art.com\/wp-content\/uploads\/2022\/06\/71232FCD-C148-427A-A25B-5439DBF7955D-2-scaled.jpeg?resize=17%2C24&amp;ssl=1 17w, https:\/\/i0.wp.com\/nessana-art.com\/wp-content\/uploads\/2022\/06\/71232FCD-C148-427A-A25B-5439DBF7955D-2-scaled.jpeg?resize=26%2C36&amp;ssl=1 26w, https:\/\/i0.wp.com\/nessana-art.com\/wp-content\/uploads\/2022\/06\/71232FCD-C148-427A-A25B-5439DBF7955D-2-scaled.jpeg?resize=35%2C48&amp;ssl=1 35w, https:\/\/i0.wp.com\/nessana-art.com\/wp-content\/uploads\/2022\/06\/71232FCD-C148-427A-A25B-5439DBF7955D-2-scaled.jpeg?w=1842&amp;ssl=1 1842w, https:\/\/i0.wp.com\/nessana-art.com\/wp-content\/uploads\/2022\/06\/71232FCD-C148-427A-A25B-5439DBF7955D-2-scaled.jpeg?w=1738&amp;ssl=1 1738w\" sizes=\"(max-width: 737px) 100vw, 737px\" \/><\/figure><\/li><li class=\"wp-block-jetpack-slideshow_slide swiper-slide\"><figure><img data-recalc-dims=\"1\" loading=\"lazy\" decoding=\"async\" width=\"760\" height=\"1024\" alt=\"\" class=\"wp-block-jetpack-slideshow_image wp-image-970\" data-id=\"970\" src=\"https:\/\/i0.wp.com\/nessana-art.com\/wp-content\/uploads\/2022\/06\/BCDE3C29-C3A4-41E2-8733-49FC08DC0429-2.jpeg?resize=760%2C1024&#038;ssl=1\" srcset=\"https:\/\/i0.wp.com\/nessana-art.com\/wp-content\/uploads\/2022\/06\/BCDE3C29-C3A4-41E2-8733-49FC08DC0429-2-scaled.jpeg?resize=760%2C1024&amp;ssl=1 760w, https:\/\/i0.wp.com\/nessana-art.com\/wp-content\/uploads\/2022\/06\/BCDE3C29-C3A4-41E2-8733-49FC08DC0429-2-scaled.jpeg?resize=223%2C300&amp;ssl=1 223w, https:\/\/i0.wp.com\/nessana-art.com\/wp-content\/uploads\/2022\/06\/BCDE3C29-C3A4-41E2-8733-49FC08DC0429-2-scaled.jpeg?resize=768%2C1035&amp;ssl=1 768w, https:\/\/i0.wp.com\/nessana-art.com\/wp-content\/uploads\/2022\/06\/BCDE3C29-C3A4-41E2-8733-49FC08DC0429-2-scaled.jpeg?resize=1140%2C1536&amp;ssl=1 1140w, https:\/\/i0.wp.com\/nessana-art.com\/wp-content\/uploads\/2022\/06\/BCDE3C29-C3A4-41E2-8733-49FC08DC0429-2-scaled.jpeg?resize=1520%2C2048&amp;ssl=1 1520w, https:\/\/i0.wp.com\/nessana-art.com\/wp-content\/uploads\/2022\/06\/BCDE3C29-C3A4-41E2-8733-49FC08DC0429-2-scaled.jpeg?resize=9%2C12&amp;ssl=1 9w, https:\/\/i0.wp.com\/nessana-art.com\/wp-content\/uploads\/2022\/06\/BCDE3C29-C3A4-41E2-8733-49FC08DC0429-2-scaled.jpeg?resize=18%2C24&amp;ssl=1 18w, https:\/\/i0.wp.com\/nessana-art.com\/wp-content\/uploads\/2022\/06\/BCDE3C29-C3A4-41E2-8733-49FC08DC0429-2-scaled.jpeg?resize=27%2C36&amp;ssl=1 27w, https:\/\/i0.wp.com\/nessana-art.com\/wp-content\/uploads\/2022\/06\/BCDE3C29-C3A4-41E2-8733-49FC08DC0429-2-scaled.jpeg?resize=36%2C48&amp;ssl=1 36w, https:\/\/i0.wp.com\/nessana-art.com\/wp-content\/uploads\/2022\/06\/BCDE3C29-C3A4-41E2-8733-49FC08DC0429-2-scaled.jpeg?w=1900&amp;ssl=1 1900w, https:\/\/i0.wp.com\/nessana-art.com\/wp-content\/uploads\/2022\/06\/BCDE3C29-C3A4-41E2-8733-49FC08DC0429-2-scaled.jpeg?w=1738&amp;ssl=1 1738w\" sizes=\"(max-width: 760px) 100vw, 760px\" \/><\/figure><\/li><li class=\"wp-block-jetpack-slideshow_slide swiper-slide\"><figure><img data-recalc-dims=\"1\" loading=\"lazy\" decoding=\"async\" width=\"869\" height=\"869\" alt=\"\" class=\"wp-block-jetpack-slideshow_image wp-image-972\" data-id=\"972\" src=\"https:\/\/i0.wp.com\/nessana-art.com\/wp-content\/uploads\/2022\/06\/Xenia-c-Nessana.-Room-mock-up-created-via-canvy..jpg?resize=869%2C869&#038;ssl=1\" srcset=\"https:\/\/i0.wp.com\/nessana-art.com\/wp-content\/uploads\/2022\/06\/Xenia-c-Nessana.-Room-mock-up-created-via-canvy..jpg?resize=1024%2C1024&amp;ssl=1 1024w, https:\/\/i0.wp.com\/nessana-art.com\/wp-content\/uploads\/2022\/06\/Xenia-c-Nessana.-Room-mock-up-created-via-canvy..jpg?resize=300%2C300&amp;ssl=1 300w, https:\/\/i0.wp.com\/nessana-art.com\/wp-content\/uploads\/2022\/06\/Xenia-c-Nessana.-Room-mock-up-created-via-canvy..jpg?resize=150%2C150&amp;ssl=1 150w, https:\/\/i0.wp.com\/nessana-art.com\/wp-content\/uploads\/2022\/06\/Xenia-c-Nessana.-Room-mock-up-created-via-canvy..jpg?resize=768%2C768&amp;ssl=1 768w, https:\/\/i0.wp.com\/nessana-art.com\/wp-content\/uploads\/2022\/06\/Xenia-c-Nessana.-Room-mock-up-created-via-canvy..jpg?resize=12%2C12&amp;ssl=1 12w, https:\/\/i0.wp.com\/nessana-art.com\/wp-content\/uploads\/2022\/06\/Xenia-c-Nessana.-Room-mock-up-created-via-canvy..jpg?resize=24%2C24&amp;ssl=1 24w, https:\/\/i0.wp.com\/nessana-art.com\/wp-content\/uploads\/2022\/06\/Xenia-c-Nessana.-Room-mock-up-created-via-canvy..jpg?resize=36%2C36&amp;ssl=1 36w, https:\/\/i0.wp.com\/nessana-art.com\/wp-content\/uploads\/2022\/06\/Xenia-c-Nessana.-Room-mock-up-created-via-canvy..jpg?resize=48%2C48&amp;ssl=1 48w, https:\/\/i0.wp.com\/nessana-art.com\/wp-content\/uploads\/2022\/06\/Xenia-c-Nessana.-Room-mock-up-created-via-canvy..jpg?w=1080&amp;ssl=1 1080w\" sizes=\"(max-width: 869px) 100vw, 869px\" \/><\/figure><\/li><\/ul><a class=\"wp-block-jetpack-slideshow_button-prev swiper-button-prev swiper-button-white\" role=\"button\"><\/a><a class=\"wp-block-jetpack-slideshow_button-next swiper-button-next swiper-button-white\" role=\"button\"><\/a><a aria-label=\"Pause Slideshow\" class=\"wp-block-jetpack-slideshow_button-pause\" role=\"button\"><\/a><div class=\"wp-block-jetpack-slideshow_pagination swiper-pagination swiper-pagination-white\"><\/div><\/div><\/div>\n\n\n\n<div class=\"wp-block-buttons is-layout-flex wp-block-buttons-is-layout-flex\">\n<div class=\"wp-block-button has-custom-width wp-block-button__width-100 is-style-outline is-style-outline--1\"><a class=\"wp-block-button__link has-text-color has-background\" href=\"https:\/\/nessana-art.com\/en\/contact\/\" style=\"border-radius:5px;background-color:#efefef;color:#349bb5\">price-\/purchase request<\/a><\/div>\n<\/div>\n<\/div><\/div>\n\n\n\n<p><br><\/p>\n\n\n\n<p class=\"has-text-align-center\">&#8222;<strong>Xenia<\/strong>&nbsp;is asking you to take a deeper look!<br>The pink, red, orange and gold colour scheme in the background could be interpreted as \"typically female\". Xenia's look into the viewer's eyes could be both \"Not my colours, I don't belong in this setting!\" or \"Yes, proud and confident, these colours give me a boost!\".\nWhat does that mean outside of the art world? Asking questions and communicating when we are not sure how to interpret a situation will be as helpful as not letting our first interpretation lead our thoughts.\"<\/p>\n\n\n\n<p class=\"has-text-align-center\"><\/p>\n\n\n\n<p><\/p>\n\n\n\n<p class=\"has-text-align-center\"><br>Curious about more? If you want to get regular insights on origins, backgrounds and inspirations you can go to the <a href=\"https:\/\/nessana-art.com\/en\/\">homepage<\/a> and sign up for the newsletter.<\/p>","protected":false},"excerpt":{"rendered":"<p>Reversed! Xenia, Acryl auf Leinwand, 70 x 100 cm &#8222;Xenia&nbsp;bittet Dich: Schau genauer hin!Die pinken, roten, orangenen und goldenen Farben im Hintergrund k\u00f6nnte man als &#8222;typisch weiblich&#8220; interpretieren. Aber f\u00fchlt sich Xenia dort wohl? Ihr Blick k\u00f6nnte hei\u00dfen &#8222;Nicht meine Farben, ich f\u00fchle mich hier unwohl&#8220; oder &#8222;Ich bin stolz und selbstbewusst, die Farben geben&hellip;<\/p>","protected":false},"author":1,"featured_media":0,"parent":0,"menu_order":0,"comment_status":"closed","ping_status":"closed","template":"","meta":{"footnotes":""},"class_list":["post-963","page","type-page","status-publish","hentry","no-post-thumbnail","post-grid-3-col","entry"],"jetpack_sharing_enabled":true,"_links":{"self":[{"href":"https:\/\/nessana-art.com\/en\/wp-json\/wp\/v2\/pages\/963","targetHints":{"allow":["GET"]}}],"collection":[{"href":"https:\/\/nessana-art.com\/en\/wp-json\/wp\/v2\/pages"}],"about":[{"href":"https:\/\/nessana-art.com\/en\/wp-json\/wp\/v2\/types\/page"}],"author":[{"embeddable":true,"href":"https:\/\/nessana-art.com\/en\/wp-json\/wp\/v2\/users\/1"}],"replies":[{"embeddable":true,"href":"https:\/\/nessana-art.com\/en\/wp-json\/wp\/v2\/comments?post=963"}],"version-history":[{"count":4,"href":"https:\/\/nessana-art.com\/en\/wp-json\/wp\/v2\/pages\/963\/revisions"}],"predecessor-version":[{"id":1220,"href":"https:\/\/nessana-art.com\/en\/wp-json\/wp\/v2\/pages\/963\/revisions\/1220"}],"wp:attachment":[{"href":"https:\/\/nessana-art.com\/en\/wp-json\/wp\/v2\/media?parent=963"}],"curies":[{"name":"wp","href":"https:\/\/api.w.org\/{rel}","templated":true}]}}