{"id":938,"date":"2022-06-26T15:12:41","date_gmt":"2022-06-26T13:12:41","guid":{"rendered":"https:\/\/nessana-art.com\/?page_id=938"},"modified":"2022-11-03T18:48:23","modified_gmt":"2022-11-03T17:48:23","slug":"tony","status":"publish","type":"page","link":"https:\/\/nessana-art.com\/en\/tony\/","title":{"rendered":""},"content":{"rendered":"<h2 class=\"has-text-align-center wp-block-heading\"><strong>Reversed!<\/strong><\/h2>\n\n\n\n<p><br><\/p>\n\n\n\n<h2 class=\"has-text-align-center wp-block-heading\" id=\"jonte-acryl-auf-leinwand-50-x-50-cm\">Tony, acrylic on canvas, 60 x 60 cm <\/h2>\n\n\n\n<div class=\"wp-block-jetpack-slideshow aligncenter\" data-autoplay=\"true\" data-delay=\"4\" data-effect=\"slide\"><div class=\"wp-block-jetpack-slideshow_container swiper-container\"><ul class=\"wp-block-jetpack-slideshow_swiper-wrapper swiper-wrapper\"><li class=\"wp-block-jetpack-slideshow_slide swiper-slide\"><figure><img data-recalc-dims=\"1\" loading=\"lazy\" decoding=\"async\" width=\"869\" height=\"869\" alt=\"\" class=\"wp-block-jetpack-slideshow_image wp-image-948\" data-id=\"948\" src=\"https:\/\/i0.wp.com\/nessana-art.com\/wp-content\/uploads\/2022\/06\/Tony-Reversed-c-Nessana.jpg?resize=869%2C869&#038;ssl=1\" srcset=\"https:\/\/i0.wp.com\/nessana-art.com\/wp-content\/uploads\/2022\/06\/Tony-Reversed-c-Nessana-scaled.jpg?resize=1024%2C1024&amp;ssl=1 1024w, https:\/\/i0.wp.com\/nessana-art.com\/wp-content\/uploads\/2022\/06\/Tony-Reversed-c-Nessana-scaled.jpg?resize=300%2C300&amp;ssl=1 300w, https:\/\/i0.wp.com\/nessana-art.com\/wp-content\/uploads\/2022\/06\/Tony-Reversed-c-Nessana-scaled.jpg?resize=150%2C150&amp;ssl=1 150w, https:\/\/i0.wp.com\/nessana-art.com\/wp-content\/uploads\/2022\/06\/Tony-Reversed-c-Nessana-scaled.jpg?resize=768%2C767&amp;ssl=1 768w, https:\/\/i0.wp.com\/nessana-art.com\/wp-content\/uploads\/2022\/06\/Tony-Reversed-c-Nessana-scaled.jpg?resize=1536%2C1534&amp;ssl=1 1536w, https:\/\/i0.wp.com\/nessana-art.com\/wp-content\/uploads\/2022\/06\/Tony-Reversed-c-Nessana-scaled.jpg?resize=2048%2C2046&amp;ssl=1 2048w, https:\/\/i0.wp.com\/nessana-art.com\/wp-content\/uploads\/2022\/06\/Tony-Reversed-c-Nessana-scaled.jpg?resize=12%2C12&amp;ssl=1 12w, https:\/\/i0.wp.com\/nessana-art.com\/wp-content\/uploads\/2022\/06\/Tony-Reversed-c-Nessana-scaled.jpg?resize=24%2C24&amp;ssl=1 24w, https:\/\/i0.wp.com\/nessana-art.com\/wp-content\/uploads\/2022\/06\/Tony-Reversed-c-Nessana-scaled.jpg?resize=36%2C36&amp;ssl=1 36w, https:\/\/i0.wp.com\/nessana-art.com\/wp-content\/uploads\/2022\/06\/Tony-Reversed-c-Nessana-scaled.jpg?resize=48%2C48&amp;ssl=1 48w, https:\/\/i0.wp.com\/nessana-art.com\/wp-content\/uploads\/2022\/06\/Tony-Reversed-c-Nessana-scaled.jpg?w=1738&amp;ssl=1 1738w\" sizes=\"(max-width: 869px) 100vw, 869px\" \/><\/figure><\/li><li class=\"wp-block-jetpack-slideshow_slide swiper-slide\"><figure><img data-recalc-dims=\"1\" loading=\"lazy\" decoding=\"async\" width=\"869\" height=\"869\" alt=\"\" class=\"wp-block-jetpack-slideshow_image wp-image-1286\" data-id=\"1286\" src=\"https:\/\/i0.wp.com\/nessana-art.com\/wp-content\/uploads\/2022\/11\/Tony-Reversed-c-Nessana-Art-Print.jpg?resize=869%2C869&#038;ssl=1\" srcset=\"https:\/\/i0.wp.com\/nessana-art.com\/wp-content\/uploads\/2022\/11\/Tony-Reversed-c-Nessana-Art-Print-scaled.jpg?resize=1024%2C1024&amp;ssl=1 1024w, https:\/\/i0.wp.com\/nessana-art.com\/wp-content\/uploads\/2022\/11\/Tony-Reversed-c-Nessana-Art-Print-scaled.jpg?resize=300%2C300&amp;ssl=1 300w, https:\/\/i0.wp.com\/nessana-art.com\/wp-content\/uploads\/2022\/11\/Tony-Reversed-c-Nessana-Art-Print-scaled.jpg?resize=150%2C150&amp;ssl=1 150w, https:\/\/i0.wp.com\/nessana-art.com\/wp-content\/uploads\/2022\/11\/Tony-Reversed-c-Nessana-Art-Print-scaled.jpg?resize=768%2C767&amp;ssl=1 768w, https:\/\/i0.wp.com\/nessana-art.com\/wp-content\/uploads\/2022\/11\/Tony-Reversed-c-Nessana-Art-Print-scaled.jpg?resize=1536%2C1534&amp;ssl=1 1536w, https:\/\/i0.wp.com\/nessana-art.com\/wp-content\/uploads\/2022\/11\/Tony-Reversed-c-Nessana-Art-Print-scaled.jpg?resize=2048%2C2046&amp;ssl=1 2048w, https:\/\/i0.wp.com\/nessana-art.com\/wp-content\/uploads\/2022\/11\/Tony-Reversed-c-Nessana-Art-Print-scaled.jpg?resize=12%2C12&amp;ssl=1 12w, https:\/\/i0.wp.com\/nessana-art.com\/wp-content\/uploads\/2022\/11\/Tony-Reversed-c-Nessana-Art-Print-scaled.jpg?resize=24%2C24&amp;ssl=1 24w, https:\/\/i0.wp.com\/nessana-art.com\/wp-content\/uploads\/2022\/11\/Tony-Reversed-c-Nessana-Art-Print-scaled.jpg?resize=36%2C36&amp;ssl=1 36w, https:\/\/i0.wp.com\/nessana-art.com\/wp-content\/uploads\/2022\/11\/Tony-Reversed-c-Nessana-Art-Print-scaled.jpg?resize=48%2C48&amp;ssl=1 48w, https:\/\/i0.wp.com\/nessana-art.com\/wp-content\/uploads\/2022\/11\/Tony-Reversed-c-Nessana-Art-Print-scaled.jpg?w=1738&amp;ssl=1 1738w\" sizes=\"(max-width: 869px) 100vw, 869px\" \/><\/figure><\/li><li class=\"wp-block-jetpack-slideshow_slide swiper-slide\"><figure><img data-recalc-dims=\"1\" loading=\"lazy\" decoding=\"async\" width=\"869\" height=\"869\" alt=\"\" class=\"wp-block-jetpack-slideshow_image wp-image-942\" data-id=\"942\" src=\"https:\/\/i0.wp.com\/nessana-art.com\/wp-content\/uploads\/2022\/06\/20220415_173459.jpg?resize=869%2C869&#038;ssl=1\" srcset=\"https:\/\/i0.wp.com\/nessana-art.com\/wp-content\/uploads\/2022\/06\/20220415_173459-scaled.jpg?resize=1024%2C1024&amp;ssl=1 1024w, https:\/\/i0.wp.com\/nessana-art.com\/wp-content\/uploads\/2022\/06\/20220415_173459-scaled.jpg?resize=300%2C300&amp;ssl=1 300w, https:\/\/i0.wp.com\/nessana-art.com\/wp-content\/uploads\/2022\/06\/20220415_173459-scaled.jpg?resize=150%2C150&amp;ssl=1 150w, https:\/\/i0.wp.com\/nessana-art.com\/wp-content\/uploads\/2022\/06\/20220415_173459-scaled.jpg?resize=768%2C768&amp;ssl=1 768w, https:\/\/i0.wp.com\/nessana-art.com\/wp-content\/uploads\/2022\/06\/20220415_173459-scaled.jpg?resize=1536%2C1536&amp;ssl=1 1536w, https:\/\/i0.wp.com\/nessana-art.com\/wp-content\/uploads\/2022\/06\/20220415_173459-scaled.jpg?resize=2048%2C2048&amp;ssl=1 2048w, https:\/\/i0.wp.com\/nessana-art.com\/wp-content\/uploads\/2022\/06\/20220415_173459-scaled.jpg?resize=12%2C12&amp;ssl=1 12w, https:\/\/i0.wp.com\/nessana-art.com\/wp-content\/uploads\/2022\/06\/20220415_173459-scaled.jpg?resize=24%2C24&amp;ssl=1 24w, https:\/\/i0.wp.com\/nessana-art.com\/wp-content\/uploads\/2022\/06\/20220415_173459-scaled.jpg?resize=36%2C36&amp;ssl=1 36w, https:\/\/i0.wp.com\/nessana-art.com\/wp-content\/uploads\/2022\/06\/20220415_173459-scaled.jpg?resize=48%2C48&amp;ssl=1 48w, https:\/\/i0.wp.com\/nessana-art.com\/wp-content\/uploads\/2022\/06\/20220415_173459-scaled.jpg?w=1738&amp;ssl=1 1738w\" sizes=\"(max-width: 869px) 100vw, 869px\" \/><\/figure><\/li><li class=\"wp-block-jetpack-slideshow_slide swiper-slide\"><figure><img data-recalc-dims=\"1\" loading=\"lazy\" decoding=\"async\" width=\"869\" height=\"869\" alt=\"\" class=\"wp-block-jetpack-slideshow_image wp-image-944\" data-id=\"944\" src=\"https:\/\/i0.wp.com\/nessana-art.com\/wp-content\/uploads\/2022\/06\/20220415_173545.jpg?resize=869%2C869&#038;ssl=1\" srcset=\"https:\/\/i0.wp.com\/nessana-art.com\/wp-content\/uploads\/2022\/06\/20220415_173545-scaled.jpg?resize=1024%2C1024&amp;ssl=1 1024w, https:\/\/i0.wp.com\/nessana-art.com\/wp-content\/uploads\/2022\/06\/20220415_173545-scaled.jpg?resize=300%2C300&amp;ssl=1 300w, https:\/\/i0.wp.com\/nessana-art.com\/wp-content\/uploads\/2022\/06\/20220415_173545-scaled.jpg?resize=150%2C150&amp;ssl=1 150w, https:\/\/i0.wp.com\/nessana-art.com\/wp-content\/uploads\/2022\/06\/20220415_173545-scaled.jpg?resize=768%2C769&amp;ssl=1 768w, https:\/\/i0.wp.com\/nessana-art.com\/wp-content\/uploads\/2022\/06\/20220415_173545-scaled.jpg?resize=1534%2C1536&amp;ssl=1 1534w, https:\/\/i0.wp.com\/nessana-art.com\/wp-content\/uploads\/2022\/06\/20220415_173545-scaled.jpg?resize=2046%2C2048&amp;ssl=1 2046w, https:\/\/i0.wp.com\/nessana-art.com\/wp-content\/uploads\/2022\/06\/20220415_173545-scaled.jpg?resize=12%2C12&amp;ssl=1 12w, https:\/\/i0.wp.com\/nessana-art.com\/wp-content\/uploads\/2022\/06\/20220415_173545-scaled.jpg?resize=24%2C24&amp;ssl=1 24w, https:\/\/i0.wp.com\/nessana-art.com\/wp-content\/uploads\/2022\/06\/20220415_173545-scaled.jpg?resize=36%2C36&amp;ssl=1 36w, https:\/\/i0.wp.com\/nessana-art.com\/wp-content\/uploads\/2022\/06\/20220415_173545-scaled.jpg?resize=48%2C48&amp;ssl=1 48w, https:\/\/i0.wp.com\/nessana-art.com\/wp-content\/uploads\/2022\/06\/20220415_173545-scaled.jpg?w=1738&amp;ssl=1 1738w\" sizes=\"(max-width: 869px) 100vw, 869px\" \/><\/figure><\/li><li class=\"wp-block-jetpack-slideshow_slide swiper-slide\"><figure><img data-recalc-dims=\"1\" loading=\"lazy\" decoding=\"async\" width=\"869\" height=\"869\" alt=\"\" class=\"wp-block-jetpack-slideshow_image wp-image-946\" data-id=\"946\" src=\"https:\/\/i0.wp.com\/nessana-art.com\/wp-content\/uploads\/2022\/06\/20220415_173617.jpg?resize=869%2C869&#038;ssl=1\" srcset=\"https:\/\/i0.wp.com\/nessana-art.com\/wp-content\/uploads\/2022\/06\/20220415_173617-scaled.jpg?resize=1024%2C1024&amp;ssl=1 1024w, https:\/\/i0.wp.com\/nessana-art.com\/wp-content\/uploads\/2022\/06\/20220415_173617-scaled.jpg?resize=300%2C300&amp;ssl=1 300w, https:\/\/i0.wp.com\/nessana-art.com\/wp-content\/uploads\/2022\/06\/20220415_173617-scaled.jpg?resize=150%2C150&amp;ssl=1 150w, https:\/\/i0.wp.com\/nessana-art.com\/wp-content\/uploads\/2022\/06\/20220415_173617-scaled.jpg?resize=768%2C768&amp;ssl=1 768w, https:\/\/i0.wp.com\/nessana-art.com\/wp-content\/uploads\/2022\/06\/20220415_173617-scaled.jpg?resize=1536%2C1536&amp;ssl=1 1536w, https:\/\/i0.wp.com\/nessana-art.com\/wp-content\/uploads\/2022\/06\/20220415_173617-scaled.jpg?resize=2048%2C2048&amp;ssl=1 2048w, https:\/\/i0.wp.com\/nessana-art.com\/wp-content\/uploads\/2022\/06\/20220415_173617-scaled.jpg?resize=12%2C12&amp;ssl=1 12w, https:\/\/i0.wp.com\/nessana-art.com\/wp-content\/uploads\/2022\/06\/20220415_173617-scaled.jpg?resize=24%2C24&amp;ssl=1 24w, https:\/\/i0.wp.com\/nessana-art.com\/wp-content\/uploads\/2022\/06\/20220415_173617-scaled.jpg?resize=36%2C36&amp;ssl=1 36w, https:\/\/i0.wp.com\/nessana-art.com\/wp-content\/uploads\/2022\/06\/20220415_173617-scaled.jpg?resize=48%2C48&amp;ssl=1 48w, https:\/\/i0.wp.com\/nessana-art.com\/wp-content\/uploads\/2022\/06\/20220415_173617-scaled.jpg?w=1738&amp;ssl=1 1738w\" sizes=\"(max-width: 869px) 100vw, 869px\" \/><\/figure><\/li><li class=\"wp-block-jetpack-slideshow_slide swiper-slide\"><figure><img data-recalc-dims=\"1\" loading=\"lazy\" decoding=\"async\" width=\"864\" height=\"1024\" alt=\"\" class=\"wp-block-jetpack-slideshow_image wp-image-947\" data-id=\"947\" src=\"https:\/\/i0.wp.com\/nessana-art.com\/wp-content\/uploads\/2022\/06\/F34BC34C-A42A-422A-8290-10C5492FD816-2.jpeg?resize=864%2C1024&#038;ssl=1\" srcset=\"https:\/\/i0.wp.com\/nessana-art.com\/wp-content\/uploads\/2022\/06\/F34BC34C-A42A-422A-8290-10C5492FD816-2-scaled.jpeg?resize=864%2C1024&amp;ssl=1 864w, https:\/\/i0.wp.com\/nessana-art.com\/wp-content\/uploads\/2022\/06\/F34BC34C-A42A-422A-8290-10C5492FD816-2-scaled.jpeg?resize=253%2C300&amp;ssl=1 253w, https:\/\/i0.wp.com\/nessana-art.com\/wp-content\/uploads\/2022\/06\/F34BC34C-A42A-422A-8290-10C5492FD816-2-scaled.jpeg?resize=768%2C911&amp;ssl=1 768w, https:\/\/i0.wp.com\/nessana-art.com\/wp-content\/uploads\/2022\/06\/F34BC34C-A42A-422A-8290-10C5492FD816-2-scaled.jpeg?resize=1295%2C1536&amp;ssl=1 1295w, https:\/\/i0.wp.com\/nessana-art.com\/wp-content\/uploads\/2022\/06\/F34BC34C-A42A-422A-8290-10C5492FD816-2-scaled.jpeg?resize=1727%2C2048&amp;ssl=1 1727w, https:\/\/i0.wp.com\/nessana-art.com\/wp-content\/uploads\/2022\/06\/F34BC34C-A42A-422A-8290-10C5492FD816-2-scaled.jpeg?resize=10%2C12&amp;ssl=1 10w, https:\/\/i0.wp.com\/nessana-art.com\/wp-content\/uploads\/2022\/06\/F34BC34C-A42A-422A-8290-10C5492FD816-2-scaled.jpeg?resize=20%2C24&amp;ssl=1 20w, https:\/\/i0.wp.com\/nessana-art.com\/wp-content\/uploads\/2022\/06\/F34BC34C-A42A-422A-8290-10C5492FD816-2-scaled.jpeg?resize=30%2C36&amp;ssl=1 30w, https:\/\/i0.wp.com\/nessana-art.com\/wp-content\/uploads\/2022\/06\/F34BC34C-A42A-422A-8290-10C5492FD816-2-scaled.jpeg?resize=40%2C48&amp;ssl=1 40w\" sizes=\"(max-width: 864px) 100vw, 864px\" \/><\/figure><\/li><li class=\"wp-block-jetpack-slideshow_slide swiper-slide\"><figure><img data-recalc-dims=\"1\" loading=\"lazy\" decoding=\"async\" width=\"869\" height=\"869\" alt=\"\" class=\"wp-block-jetpack-slideshow_image wp-image-941\" data-id=\"941\" src=\"https:\/\/i0.wp.com\/nessana-art.com\/wp-content\/uploads\/2022\/06\/7FE4676E-F7E7-4A44-9F0C-BC28F38F27D2-2.jpeg?resize=869%2C869&#038;ssl=1\" srcset=\"https:\/\/i0.wp.com\/nessana-art.com\/wp-content\/uploads\/2022\/06\/7FE4676E-F7E7-4A44-9F0C-BC28F38F27D2-2-scaled.jpeg?resize=1024%2C1024&amp;ssl=1 1024w, https:\/\/i0.wp.com\/nessana-art.com\/wp-content\/uploads\/2022\/06\/7FE4676E-F7E7-4A44-9F0C-BC28F38F27D2-2-scaled.jpeg?resize=300%2C300&amp;ssl=1 300w, https:\/\/i0.wp.com\/nessana-art.com\/wp-content\/uploads\/2022\/06\/7FE4676E-F7E7-4A44-9F0C-BC28F38F27D2-2-scaled.jpeg?resize=150%2C150&amp;ssl=1 150w, https:\/\/i0.wp.com\/nessana-art.com\/wp-content\/uploads\/2022\/06\/7FE4676E-F7E7-4A44-9F0C-BC28F38F27D2-2-scaled.jpeg?resize=768%2C768&amp;ssl=1 768w, https:\/\/i0.wp.com\/nessana-art.com\/wp-content\/uploads\/2022\/06\/7FE4676E-F7E7-4A44-9F0C-BC28F38F27D2-2-scaled.jpeg?resize=1536%2C1536&amp;ssl=1 1536w, https:\/\/i0.wp.com\/nessana-art.com\/wp-content\/uploads\/2022\/06\/7FE4676E-F7E7-4A44-9F0C-BC28F38F27D2-2-scaled.jpeg?resize=2048%2C2048&amp;ssl=1 2048w, https:\/\/i0.wp.com\/nessana-art.com\/wp-content\/uploads\/2022\/06\/7FE4676E-F7E7-4A44-9F0C-BC28F38F27D2-2-scaled.jpeg?resize=12%2C12&amp;ssl=1 12w, https:\/\/i0.wp.com\/nessana-art.com\/wp-content\/uploads\/2022\/06\/7FE4676E-F7E7-4A44-9F0C-BC28F38F27D2-2-scaled.jpeg?resize=24%2C24&amp;ssl=1 24w, https:\/\/i0.wp.com\/nessana-art.com\/wp-content\/uploads\/2022\/06\/7FE4676E-F7E7-4A44-9F0C-BC28F38F27D2-2-scaled.jpeg?resize=36%2C36&amp;ssl=1 36w, https:\/\/i0.wp.com\/nessana-art.com\/wp-content\/uploads\/2022\/06\/7FE4676E-F7E7-4A44-9F0C-BC28F38F27D2-2-scaled.jpeg?resize=48%2C48&amp;ssl=1 48w, https:\/\/i0.wp.com\/nessana-art.com\/wp-content\/uploads\/2022\/06\/7FE4676E-F7E7-4A44-9F0C-BC28F38F27D2-2-scaled.jpeg?w=1738&amp;ssl=1 1738w\" sizes=\"(max-width: 869px) 100vw, 869px\" \/><\/figure><\/li><li class=\"wp-block-jetpack-slideshow_slide swiper-slide\"><figure><img data-recalc-dims=\"1\" loading=\"lazy\" decoding=\"async\" width=\"869\" height=\"869\" alt=\"\" class=\"wp-block-jetpack-slideshow_image wp-image-943\" data-id=\"943\" src=\"https:\/\/i0.wp.com\/nessana-art.com\/wp-content\/uploads\/2022\/06\/20220415_173534-2.jpg?resize=869%2C869&#038;ssl=1\" srcset=\"https:\/\/i0.wp.com\/nessana-art.com\/wp-content\/uploads\/2022\/06\/20220415_173534-2.jpg?resize=1024%2C1024&amp;ssl=1 1024w, https:\/\/i0.wp.com\/nessana-art.com\/wp-content\/uploads\/2022\/06\/20220415_173534-2.jpg?resize=300%2C300&amp;ssl=1 300w, https:\/\/i0.wp.com\/nessana-art.com\/wp-content\/uploads\/2022\/06\/20220415_173534-2.jpg?resize=150%2C150&amp;ssl=1 150w, https:\/\/i0.wp.com\/nessana-art.com\/wp-content\/uploads\/2022\/06\/20220415_173534-2.jpg?resize=768%2C768&amp;ssl=1 768w, https:\/\/i0.wp.com\/nessana-art.com\/wp-content\/uploads\/2022\/06\/20220415_173534-2.jpg?resize=1536%2C1536&amp;ssl=1 1536w, https:\/\/i0.wp.com\/nessana-art.com\/wp-content\/uploads\/2022\/06\/20220415_173534-2.jpg?resize=2048%2C2048&amp;ssl=1 2048w, https:\/\/i0.wp.com\/nessana-art.com\/wp-content\/uploads\/2022\/06\/20220415_173534-2.jpg?resize=12%2C12&amp;ssl=1 12w, https:\/\/i0.wp.com\/nessana-art.com\/wp-content\/uploads\/2022\/06\/20220415_173534-2.jpg?resize=24%2C24&amp;ssl=1 24w, https:\/\/i0.wp.com\/nessana-art.com\/wp-content\/uploads\/2022\/06\/20220415_173534-2.jpg?resize=36%2C36&amp;ssl=1 36w, https:\/\/i0.wp.com\/nessana-art.com\/wp-content\/uploads\/2022\/06\/20220415_173534-2.jpg?resize=48%2C48&amp;ssl=1 48w, https:\/\/i0.wp.com\/nessana-art.com\/wp-content\/uploads\/2022\/06\/20220415_173534-2.jpg?w=1738&amp;ssl=1 1738w\" sizes=\"(max-width: 869px) 100vw, 869px\" \/><\/figure><\/li><li class=\"wp-block-jetpack-slideshow_slide swiper-slide\"><figure><img data-recalc-dims=\"1\" loading=\"lazy\" decoding=\"async\" width=\"869\" height=\"991\" alt=\"\" class=\"wp-block-jetpack-slideshow_image wp-image-940\" data-id=\"940\" src=\"https:\/\/i0.wp.com\/nessana-art.com\/wp-content\/uploads\/2022\/06\/04FBBCB2-B711-4146-B2CD-EAC0DE4104A6-2.jpeg?resize=869%2C991&#038;ssl=1\" srcset=\"https:\/\/i0.wp.com\/nessana-art.com\/wp-content\/uploads\/2022\/06\/04FBBCB2-B711-4146-B2CD-EAC0DE4104A6-2-scaled.jpeg?resize=898%2C1024&amp;ssl=1 898w, https:\/\/i0.wp.com\/nessana-art.com\/wp-content\/uploads\/2022\/06\/04FBBCB2-B711-4146-B2CD-EAC0DE4104A6-2-scaled.jpeg?resize=263%2C300&amp;ssl=1 263w, https:\/\/i0.wp.com\/nessana-art.com\/wp-content\/uploads\/2022\/06\/04FBBCB2-B711-4146-B2CD-EAC0DE4104A6-2-scaled.jpeg?resize=768%2C875&amp;ssl=1 768w, https:\/\/i0.wp.com\/nessana-art.com\/wp-content\/uploads\/2022\/06\/04FBBCB2-B711-4146-B2CD-EAC0DE4104A6-2-scaled.jpeg?resize=1347%2C1536&amp;ssl=1 1347w, https:\/\/i0.wp.com\/nessana-art.com\/wp-content\/uploads\/2022\/06\/04FBBCB2-B711-4146-B2CD-EAC0DE4104A6-2-scaled.jpeg?resize=1797%2C2048&amp;ssl=1 1797w, https:\/\/i0.wp.com\/nessana-art.com\/wp-content\/uploads\/2022\/06\/04FBBCB2-B711-4146-B2CD-EAC0DE4104A6-2-scaled.jpeg?resize=11%2C12&amp;ssl=1 11w, https:\/\/i0.wp.com\/nessana-art.com\/wp-content\/uploads\/2022\/06\/04FBBCB2-B711-4146-B2CD-EAC0DE4104A6-2-scaled.jpeg?resize=21%2C24&amp;ssl=1 21w, https:\/\/i0.wp.com\/nessana-art.com\/wp-content\/uploads\/2022\/06\/04FBBCB2-B711-4146-B2CD-EAC0DE4104A6-2-scaled.jpeg?resize=32%2C36&amp;ssl=1 32w, https:\/\/i0.wp.com\/nessana-art.com\/wp-content\/uploads\/2022\/06\/04FBBCB2-B711-4146-B2CD-EAC0DE4104A6-2-scaled.jpeg?resize=42%2C48&amp;ssl=1 42w, https:\/\/i0.wp.com\/nessana-art.com\/wp-content\/uploads\/2022\/06\/04FBBCB2-B711-4146-B2CD-EAC0DE4104A6-2-scaled.jpeg?w=1738&amp;ssl=1 1738w\" sizes=\"(max-width: 869px) 100vw, 869px\" \/><\/figure><\/li><\/ul><a class=\"wp-block-jetpack-slideshow_button-prev swiper-button-prev swiper-button-white\" role=\"button\"><\/a><a class=\"wp-block-jetpack-slideshow_button-next swiper-button-next swiper-button-white\" role=\"button\"><\/a><a aria-label=\"Pause Slideshow\" class=\"wp-block-jetpack-slideshow_button-pause\" role=\"button\"><\/a><div class=\"wp-block-jetpack-slideshow_pagination swiper-pagination swiper-pagination-white\"><\/div><\/div><\/div>\n\n\n\n<p class=\"has-text-align-center\">Tony is available as the original painting or as an&nbsp;<a href=\"https:\/\/nessana-art.com\/en\/art-prints\/\">art-print<\/a>&nbsp;with a limited edition!<br><\/p>\n\n\n\n<div class=\"wp-block-buttons is-layout-flex wp-block-buttons-is-layout-flex\">\n<div class=\"wp-block-button has-custom-width wp-block-button__width-100 is-style-outline is-style-outline--1\"><a class=\"wp-block-button__link has-text-color has-background wp-element-button\" href=\"https:\/\/nessana-art.com\/en\/contact\/\" style=\"border-radius:5px;color:#349bb5;background-color:#efefef\">price-\/purchase request<\/a><\/div>\n<\/div>\n\n\n\n<p class=\"has-text-align-center\"><br><br>&#8222;<strong>Tony<\/strong>\u00a0asks the viewer to focus on details rather than the overall appearance and first impressions. Is Tony a pink or an orange flamingo in your very first imaginaton? Is Tony a he or a she? Is it important though? Let's try to figure out the details instead: Can you see the sun in the back? Can you sense the tropical feelings? Do you see the dense and detailed feathers? Let's try to transfer this to the everyday life and focus on details rather than first looks when we meet new people, new situations or new furry\/feathered friends.\u00a0<\/p>\n\n\n\n<p><\/p>\n\n\n\n<p class=\"has-text-align-center\"><br>Curious about more? If you want to get regular insights on origins, backgrounds and inspirations you can go to the <a href=\"https:\/\/nessana-art.com\/en\/\">homepage<\/a> and sign up for the newsletter.<\/p>","protected":false},"excerpt":{"rendered":"<p>Reversed! Tony, Acryl auf Leinwand, 60 x 60 cm Tony ist als Original oder als limitierter&nbsp;Kunst-Druck&nbsp;erh\u00e4ltlich! &#8222;Tony\u00a0erinnert die Betrachter:innen daran, sich auf Details anstatt auf erste Eindr\u00fccke und das Aussehen zu konzentrieren. Ist Tony ein pinker oder ein orangener Flamingo in Deiner Vorstellung? Ist Tony m\u00e4nnlich oder weiblich? Ist das \u00fcberhaupt wichtig? Oder sollten wir&hellip;<\/p>","protected":false},"author":1,"featured_media":0,"parent":0,"menu_order":0,"comment_status":"closed","ping_status":"closed","template":"","meta":{"footnotes":""},"class_list":["post-938","page","type-page","status-publish","hentry","no-post-thumbnail","post-grid-3-col","entry"],"jetpack_sharing_enabled":true,"_links":{"self":[{"href":"https:\/\/nessana-art.com\/en\/wp-json\/wp\/v2\/pages\/938","targetHints":{"allow":["GET"]}}],"collection":[{"href":"https:\/\/nessana-art.com\/en\/wp-json\/wp\/v2\/pages"}],"about":[{"href":"https:\/\/nessana-art.com\/en\/wp-json\/wp\/v2\/types\/page"}],"author":[{"embeddable":true,"href":"https:\/\/nessana-art.com\/en\/wp-json\/wp\/v2\/users\/1"}],"replies":[{"embeddable":true,"href":"https:\/\/nessana-art.com\/en\/wp-json\/wp\/v2\/comments?post=938"}],"version-history":[{"count":6,"href":"https:\/\/nessana-art.com\/en\/wp-json\/wp\/v2\/pages\/938\/revisions"}],"predecessor-version":[{"id":1288,"href":"https:\/\/nessana-art.com\/en\/wp-json\/wp\/v2\/pages\/938\/revisions\/1288"}],"wp:attachment":[{"href":"https:\/\/nessana-art.com\/en\/wp-json\/wp\/v2\/media?parent=938"}],"curies":[{"name":"wp","href":"https:\/\/api.w.org\/{rel}","templated":true}]}}