{"id":902,"date":"2022-06-26T12:59:32","date_gmt":"2022-06-26T10:59:32","guid":{"rendered":"https:\/\/nessana-art.com\/?page_id=902"},"modified":"2022-09-30T18:12:33","modified_gmt":"2022-09-30T16:12:33","slug":"george","status":"publish","type":"page","link":"https:\/\/nessana-art.com\/en\/george\/","title":{"rendered":""},"content":{"rendered":"<h2 class=\"has-text-align-center wp-block-heading\"><strong>Beauties of Nature<\/strong><\/h2>\n\n\n\n<p><br><\/p>\n\n\n\n<h2 class=\"has-text-align-center wp-block-heading\" id=\"jonte-acryl-auf-leinwand-50-x-50-cm\">George, acrylic on canvas, 70 x 100 cm <\/h2>\n\n\n\n<div class=\"wp-block-jetpack-slideshow aligncenter\" data-autoplay=\"true\" data-delay=\"4\" data-effect=\"slide\"><div class=\"wp-block-jetpack-slideshow_container swiper-container\"><ul class=\"wp-block-jetpack-slideshow_swiper-wrapper swiper-wrapper\"><li class=\"wp-block-jetpack-slideshow_slide swiper-slide\"><figure><img data-recalc-dims=\"1\" loading=\"lazy\" decoding=\"async\" width=\"713\" height=\"1024\" alt=\"\" class=\"wp-block-jetpack-slideshow_image wp-image-908\" data-id=\"908\" src=\"https:\/\/i0.wp.com\/nessana-art.com\/wp-content\/uploads\/2022\/06\/George-Beauties-of-Nature-c-Nessana.jpg?resize=713%2C1024&#038;ssl=1\" srcset=\"https:\/\/i0.wp.com\/nessana-art.com\/wp-content\/uploads\/2022\/06\/George-Beauties-of-Nature-c-Nessana-scaled.jpg?resize=713%2C1024&amp;ssl=1 713w, https:\/\/i0.wp.com\/nessana-art.com\/wp-content\/uploads\/2022\/06\/George-Beauties-of-Nature-c-Nessana-scaled.jpg?resize=209%2C300&amp;ssl=1 209w, https:\/\/i0.wp.com\/nessana-art.com\/wp-content\/uploads\/2022\/06\/George-Beauties-of-Nature-c-Nessana-scaled.jpg?resize=768%2C1103&amp;ssl=1 768w, https:\/\/i0.wp.com\/nessana-art.com\/wp-content\/uploads\/2022\/06\/George-Beauties-of-Nature-c-Nessana-scaled.jpg?resize=1070%2C1536&amp;ssl=1 1070w, https:\/\/i0.wp.com\/nessana-art.com\/wp-content\/uploads\/2022\/06\/George-Beauties-of-Nature-c-Nessana-scaled.jpg?resize=1427%2C2048&amp;ssl=1 1427w, https:\/\/i0.wp.com\/nessana-art.com\/wp-content\/uploads\/2022\/06\/George-Beauties-of-Nature-c-Nessana-scaled.jpg?resize=8%2C12&amp;ssl=1 8w, https:\/\/i0.wp.com\/nessana-art.com\/wp-content\/uploads\/2022\/06\/George-Beauties-of-Nature-c-Nessana-scaled.jpg?resize=17%2C24&amp;ssl=1 17w, https:\/\/i0.wp.com\/nessana-art.com\/wp-content\/uploads\/2022\/06\/George-Beauties-of-Nature-c-Nessana-scaled.jpg?resize=25%2C36&amp;ssl=1 25w, https:\/\/i0.wp.com\/nessana-art.com\/wp-content\/uploads\/2022\/06\/George-Beauties-of-Nature-c-Nessana-scaled.jpg?resize=33%2C48&amp;ssl=1 33w, https:\/\/i0.wp.com\/nessana-art.com\/wp-content\/uploads\/2022\/06\/George-Beauties-of-Nature-c-Nessana-scaled.jpg?w=1783&amp;ssl=1 1783w\" sizes=\"(max-width: 713px) 100vw, 713px\" \/><\/figure><\/li><li class=\"wp-block-jetpack-slideshow_slide swiper-slide\"><figure><img data-recalc-dims=\"1\" loading=\"lazy\" decoding=\"async\" width=\"768\" height=\"1024\" alt=\"\" class=\"wp-block-jetpack-slideshow_image wp-image-914\" data-id=\"914\" src=\"https:\/\/i0.wp.com\/nessana-art.com\/wp-content\/uploads\/2022\/06\/EA5E8155-9D90-40D2-AE4C-913C1ACB7C10-2.jpeg?resize=768%2C1024&#038;ssl=1\" srcset=\"https:\/\/i0.wp.com\/nessana-art.com\/wp-content\/uploads\/2022\/06\/EA5E8155-9D90-40D2-AE4C-913C1ACB7C10-2-scaled.jpeg?resize=768%2C1024&amp;ssl=1 768w, https:\/\/i0.wp.com\/nessana-art.com\/wp-content\/uploads\/2022\/06\/EA5E8155-9D90-40D2-AE4C-913C1ACB7C10-2-scaled.jpeg?resize=225%2C300&amp;ssl=1 225w, https:\/\/i0.wp.com\/nessana-art.com\/wp-content\/uploads\/2022\/06\/EA5E8155-9D90-40D2-AE4C-913C1ACB7C10-2-scaled.jpeg?resize=1152%2C1536&amp;ssl=1 1152w, https:\/\/i0.wp.com\/nessana-art.com\/wp-content\/uploads\/2022\/06\/EA5E8155-9D90-40D2-AE4C-913C1ACB7C10-2-scaled.jpeg?resize=1536%2C2048&amp;ssl=1 1536w, https:\/\/i0.wp.com\/nessana-art.com\/wp-content\/uploads\/2022\/06\/EA5E8155-9D90-40D2-AE4C-913C1ACB7C10-2-scaled.jpeg?resize=9%2C12&amp;ssl=1 9w, https:\/\/i0.wp.com\/nessana-art.com\/wp-content\/uploads\/2022\/06\/EA5E8155-9D90-40D2-AE4C-913C1ACB7C10-2-scaled.jpeg?resize=18%2C24&amp;ssl=1 18w, https:\/\/i0.wp.com\/nessana-art.com\/wp-content\/uploads\/2022\/06\/EA5E8155-9D90-40D2-AE4C-913C1ACB7C10-2-scaled.jpeg?resize=27%2C36&amp;ssl=1 27w, https:\/\/i0.wp.com\/nessana-art.com\/wp-content\/uploads\/2022\/06\/EA5E8155-9D90-40D2-AE4C-913C1ACB7C10-2-scaled.jpeg?resize=36%2C48&amp;ssl=1 36w, https:\/\/i0.wp.com\/nessana-art.com\/wp-content\/uploads\/2022\/06\/EA5E8155-9D90-40D2-AE4C-913C1ACB7C10-2-scaled.jpeg?w=1920&amp;ssl=1 1920w, https:\/\/i0.wp.com\/nessana-art.com\/wp-content\/uploads\/2022\/06\/EA5E8155-9D90-40D2-AE4C-913C1ACB7C10-2-scaled.jpeg?w=1738&amp;ssl=1 1738w\" sizes=\"(max-width: 768px) 100vw, 768px\" \/><\/figure><\/li><li class=\"wp-block-jetpack-slideshow_slide swiper-slide\"><figure><img data-recalc-dims=\"1\" loading=\"lazy\" decoding=\"async\" width=\"768\" height=\"1024\" alt=\"\" class=\"wp-block-jetpack-slideshow_image wp-image-911\" data-id=\"911\" src=\"https:\/\/i0.wp.com\/nessana-art.com\/wp-content\/uploads\/2022\/06\/5520F530-F1E4-4C4A-864A-142DD5E0A81E-2.jpeg?resize=768%2C1024&#038;ssl=1\" srcset=\"https:\/\/i0.wp.com\/nessana-art.com\/wp-content\/uploads\/2022\/06\/5520F530-F1E4-4C4A-864A-142DD5E0A81E-2-scaled.jpeg?resize=768%2C1024&amp;ssl=1 768w, https:\/\/i0.wp.com\/nessana-art.com\/wp-content\/uploads\/2022\/06\/5520F530-F1E4-4C4A-864A-142DD5E0A81E-2-scaled.jpeg?resize=225%2C300&amp;ssl=1 225w, https:\/\/i0.wp.com\/nessana-art.com\/wp-content\/uploads\/2022\/06\/5520F530-F1E4-4C4A-864A-142DD5E0A81E-2-scaled.jpeg?resize=1152%2C1536&amp;ssl=1 1152w, https:\/\/i0.wp.com\/nessana-art.com\/wp-content\/uploads\/2022\/06\/5520F530-F1E4-4C4A-864A-142DD5E0A81E-2-scaled.jpeg?resize=1536%2C2048&amp;ssl=1 1536w, https:\/\/i0.wp.com\/nessana-art.com\/wp-content\/uploads\/2022\/06\/5520F530-F1E4-4C4A-864A-142DD5E0A81E-2-scaled.jpeg?resize=9%2C12&amp;ssl=1 9w, https:\/\/i0.wp.com\/nessana-art.com\/wp-content\/uploads\/2022\/06\/5520F530-F1E4-4C4A-864A-142DD5E0A81E-2-scaled.jpeg?resize=18%2C24&amp;ssl=1 18w, https:\/\/i0.wp.com\/nessana-art.com\/wp-content\/uploads\/2022\/06\/5520F530-F1E4-4C4A-864A-142DD5E0A81E-2-scaled.jpeg?resize=27%2C36&amp;ssl=1 27w, https:\/\/i0.wp.com\/nessana-art.com\/wp-content\/uploads\/2022\/06\/5520F530-F1E4-4C4A-864A-142DD5E0A81E-2-scaled.jpeg?resize=36%2C48&amp;ssl=1 36w, https:\/\/i0.wp.com\/nessana-art.com\/wp-content\/uploads\/2022\/06\/5520F530-F1E4-4C4A-864A-142DD5E0A81E-2-scaled.jpeg?w=1919&amp;ssl=1 1919w, https:\/\/i0.wp.com\/nessana-art.com\/wp-content\/uploads\/2022\/06\/5520F530-F1E4-4C4A-864A-142DD5E0A81E-2-scaled.jpeg?w=1738&amp;ssl=1 1738w\" sizes=\"(max-width: 768px) 100vw, 768px\" \/><\/figure><\/li><li class=\"wp-block-jetpack-slideshow_slide swiper-slide\"><figure><img data-recalc-dims=\"1\" loading=\"lazy\" decoding=\"async\" width=\"869\" height=\"869\" alt=\"\" class=\"wp-block-jetpack-slideshow_image wp-image-905\" data-id=\"905\" src=\"https:\/\/i0.wp.com\/nessana-art.com\/wp-content\/uploads\/2022\/06\/20220617_213022.jpg?resize=869%2C869&#038;ssl=1\" srcset=\"https:\/\/i0.wp.com\/nessana-art.com\/wp-content\/uploads\/2022\/06\/20220617_213022-scaled.jpg?resize=1024%2C1024&amp;ssl=1 1024w, https:\/\/i0.wp.com\/nessana-art.com\/wp-content\/uploads\/2022\/06\/20220617_213022-scaled.jpg?resize=300%2C300&amp;ssl=1 300w, https:\/\/i0.wp.com\/nessana-art.com\/wp-content\/uploads\/2022\/06\/20220617_213022-scaled.jpg?resize=150%2C150&amp;ssl=1 150w, https:\/\/i0.wp.com\/nessana-art.com\/wp-content\/uploads\/2022\/06\/20220617_213022-scaled.jpg?resize=768%2C768&amp;ssl=1 768w, https:\/\/i0.wp.com\/nessana-art.com\/wp-content\/uploads\/2022\/06\/20220617_213022-scaled.jpg?resize=1536%2C1536&amp;ssl=1 1536w, https:\/\/i0.wp.com\/nessana-art.com\/wp-content\/uploads\/2022\/06\/20220617_213022-scaled.jpg?resize=2048%2C2048&amp;ssl=1 2048w, https:\/\/i0.wp.com\/nessana-art.com\/wp-content\/uploads\/2022\/06\/20220617_213022-scaled.jpg?resize=12%2C12&amp;ssl=1 12w, https:\/\/i0.wp.com\/nessana-art.com\/wp-content\/uploads\/2022\/06\/20220617_213022-scaled.jpg?resize=24%2C24&amp;ssl=1 24w, https:\/\/i0.wp.com\/nessana-art.com\/wp-content\/uploads\/2022\/06\/20220617_213022-scaled.jpg?resize=36%2C36&amp;ssl=1 36w, https:\/\/i0.wp.com\/nessana-art.com\/wp-content\/uploads\/2022\/06\/20220617_213022-scaled.jpg?resize=48%2C48&amp;ssl=1 48w, https:\/\/i0.wp.com\/nessana-art.com\/wp-content\/uploads\/2022\/06\/20220617_213022-scaled.jpg?w=1738&amp;ssl=1 1738w\" sizes=\"(max-width: 869px) 100vw, 869px\" \/><\/figure><\/li><li class=\"wp-block-jetpack-slideshow_slide swiper-slide\"><figure><img data-recalc-dims=\"1\" loading=\"lazy\" decoding=\"async\" width=\"768\" height=\"1024\" alt=\"\" class=\"wp-block-jetpack-slideshow_image wp-image-912\" data-id=\"912\" src=\"https:\/\/i0.wp.com\/nessana-art.com\/wp-content\/uploads\/2022\/06\/BCE10EC7-79E8-458C-8A15-77B66E0C78F2-2.jpeg?resize=768%2C1024&#038;ssl=1\" srcset=\"https:\/\/i0.wp.com\/nessana-art.com\/wp-content\/uploads\/2022\/06\/BCE10EC7-79E8-458C-8A15-77B66E0C78F2-2-scaled.jpeg?resize=768%2C1024&amp;ssl=1 768w, https:\/\/i0.wp.com\/nessana-art.com\/wp-content\/uploads\/2022\/06\/BCE10EC7-79E8-458C-8A15-77B66E0C78F2-2-scaled.jpeg?resize=225%2C300&amp;ssl=1 225w, https:\/\/i0.wp.com\/nessana-art.com\/wp-content\/uploads\/2022\/06\/BCE10EC7-79E8-458C-8A15-77B66E0C78F2-2-scaled.jpeg?resize=1152%2C1536&amp;ssl=1 1152w, https:\/\/i0.wp.com\/nessana-art.com\/wp-content\/uploads\/2022\/06\/BCE10EC7-79E8-458C-8A15-77B66E0C78F2-2-scaled.jpeg?resize=1536%2C2048&amp;ssl=1 1536w, https:\/\/i0.wp.com\/nessana-art.com\/wp-content\/uploads\/2022\/06\/BCE10EC7-79E8-458C-8A15-77B66E0C78F2-2-scaled.jpeg?resize=9%2C12&amp;ssl=1 9w, https:\/\/i0.wp.com\/nessana-art.com\/wp-content\/uploads\/2022\/06\/BCE10EC7-79E8-458C-8A15-77B66E0C78F2-2-scaled.jpeg?resize=18%2C24&amp;ssl=1 18w, https:\/\/i0.wp.com\/nessana-art.com\/wp-content\/uploads\/2022\/06\/BCE10EC7-79E8-458C-8A15-77B66E0C78F2-2-scaled.jpeg?resize=27%2C36&amp;ssl=1 27w, https:\/\/i0.wp.com\/nessana-art.com\/wp-content\/uploads\/2022\/06\/BCE10EC7-79E8-458C-8A15-77B66E0C78F2-2-scaled.jpeg?resize=36%2C48&amp;ssl=1 36w, https:\/\/i0.wp.com\/nessana-art.com\/wp-content\/uploads\/2022\/06\/BCE10EC7-79E8-458C-8A15-77B66E0C78F2-2-scaled.jpeg?w=1920&amp;ssl=1 1920w, https:\/\/i0.wp.com\/nessana-art.com\/wp-content\/uploads\/2022\/06\/BCE10EC7-79E8-458C-8A15-77B66E0C78F2-2-scaled.jpeg?w=1738&amp;ssl=1 1738w\" sizes=\"(max-width: 768px) 100vw, 768px\" \/><\/figure><\/li><li class=\"wp-block-jetpack-slideshow_slide swiper-slide\"><figure><img data-recalc-dims=\"1\" loading=\"lazy\" decoding=\"async\" width=\"768\" height=\"1024\" alt=\"\" class=\"wp-block-jetpack-slideshow_image wp-image-913\" data-id=\"913\" src=\"https:\/\/i0.wp.com\/nessana-art.com\/wp-content\/uploads\/2022\/06\/F211DAD4-8B51-4EBF-BE74-156194495F21-2.jpeg?resize=768%2C1024&#038;ssl=1\" srcset=\"https:\/\/i0.wp.com\/nessana-art.com\/wp-content\/uploads\/2022\/06\/F211DAD4-8B51-4EBF-BE74-156194495F21-2-scaled.jpeg?resize=768%2C1024&amp;ssl=1 768w, https:\/\/i0.wp.com\/nessana-art.com\/wp-content\/uploads\/2022\/06\/F211DAD4-8B51-4EBF-BE74-156194495F21-2-scaled.jpeg?resize=225%2C300&amp;ssl=1 225w, https:\/\/i0.wp.com\/nessana-art.com\/wp-content\/uploads\/2022\/06\/F211DAD4-8B51-4EBF-BE74-156194495F21-2-scaled.jpeg?resize=1152%2C1536&amp;ssl=1 1152w, https:\/\/i0.wp.com\/nessana-art.com\/wp-content\/uploads\/2022\/06\/F211DAD4-8B51-4EBF-BE74-156194495F21-2-scaled.jpeg?resize=1536%2C2048&amp;ssl=1 1536w, https:\/\/i0.wp.com\/nessana-art.com\/wp-content\/uploads\/2022\/06\/F211DAD4-8B51-4EBF-BE74-156194495F21-2-scaled.jpeg?resize=9%2C12&amp;ssl=1 9w, https:\/\/i0.wp.com\/nessana-art.com\/wp-content\/uploads\/2022\/06\/F211DAD4-8B51-4EBF-BE74-156194495F21-2-scaled.jpeg?resize=18%2C24&amp;ssl=1 18w, https:\/\/i0.wp.com\/nessana-art.com\/wp-content\/uploads\/2022\/06\/F211DAD4-8B51-4EBF-BE74-156194495F21-2-scaled.jpeg?resize=27%2C36&amp;ssl=1 27w, https:\/\/i0.wp.com\/nessana-art.com\/wp-content\/uploads\/2022\/06\/F211DAD4-8B51-4EBF-BE74-156194495F21-2-scaled.jpeg?resize=36%2C48&amp;ssl=1 36w, https:\/\/i0.wp.com\/nessana-art.com\/wp-content\/uploads\/2022\/06\/F211DAD4-8B51-4EBF-BE74-156194495F21-2-scaled.jpeg?w=1920&amp;ssl=1 1920w, https:\/\/i0.wp.com\/nessana-art.com\/wp-content\/uploads\/2022\/06\/F211DAD4-8B51-4EBF-BE74-156194495F21-2-scaled.jpeg?w=1738&amp;ssl=1 1738w\" sizes=\"(max-width: 768px) 100vw, 768px\" \/><\/figure><\/li><li class=\"wp-block-jetpack-slideshow_slide swiper-slide\"><figure><img data-recalc-dims=\"1\" loading=\"lazy\" decoding=\"async\" width=\"768\" height=\"1024\" alt=\"\" class=\"wp-block-jetpack-slideshow_image wp-image-909\" data-id=\"909\" src=\"https:\/\/i0.wp.com\/nessana-art.com\/wp-content\/uploads\/2022\/06\/00F1A27B-6FC1-454A-800A-8A67DCECF7D3-2.jpeg?resize=768%2C1024&#038;ssl=1\" srcset=\"https:\/\/i0.wp.com\/nessana-art.com\/wp-content\/uploads\/2022\/06\/00F1A27B-6FC1-454A-800A-8A67DCECF7D3-2-scaled.jpeg?resize=768%2C1024&amp;ssl=1 768w, https:\/\/i0.wp.com\/nessana-art.com\/wp-content\/uploads\/2022\/06\/00F1A27B-6FC1-454A-800A-8A67DCECF7D3-2-scaled.jpeg?resize=225%2C300&amp;ssl=1 225w, https:\/\/i0.wp.com\/nessana-art.com\/wp-content\/uploads\/2022\/06\/00F1A27B-6FC1-454A-800A-8A67DCECF7D3-2-scaled.jpeg?resize=1152%2C1536&amp;ssl=1 1152w, https:\/\/i0.wp.com\/nessana-art.com\/wp-content\/uploads\/2022\/06\/00F1A27B-6FC1-454A-800A-8A67DCECF7D3-2-scaled.jpeg?resize=1536%2C2048&amp;ssl=1 1536w, https:\/\/i0.wp.com\/nessana-art.com\/wp-content\/uploads\/2022\/06\/00F1A27B-6FC1-454A-800A-8A67DCECF7D3-2-scaled.jpeg?resize=9%2C12&amp;ssl=1 9w, https:\/\/i0.wp.com\/nessana-art.com\/wp-content\/uploads\/2022\/06\/00F1A27B-6FC1-454A-800A-8A67DCECF7D3-2-scaled.jpeg?resize=18%2C24&amp;ssl=1 18w, https:\/\/i0.wp.com\/nessana-art.com\/wp-content\/uploads\/2022\/06\/00F1A27B-6FC1-454A-800A-8A67DCECF7D3-2-scaled.jpeg?resize=27%2C36&amp;ssl=1 27w, https:\/\/i0.wp.com\/nessana-art.com\/wp-content\/uploads\/2022\/06\/00F1A27B-6FC1-454A-800A-8A67DCECF7D3-2-scaled.jpeg?resize=36%2C48&amp;ssl=1 36w, https:\/\/i0.wp.com\/nessana-art.com\/wp-content\/uploads\/2022\/06\/00F1A27B-6FC1-454A-800A-8A67DCECF7D3-2-scaled.jpeg?w=1919&amp;ssl=1 1919w, https:\/\/i0.wp.com\/nessana-art.com\/wp-content\/uploads\/2022\/06\/00F1A27B-6FC1-454A-800A-8A67DCECF7D3-2-scaled.jpeg?w=1738&amp;ssl=1 1738w\" sizes=\"(max-width: 768px) 100vw, 768px\" \/><\/figure><\/li><li class=\"wp-block-jetpack-slideshow_slide swiper-slide\"><figure><img data-recalc-dims=\"1\" loading=\"lazy\" decoding=\"async\" width=\"768\" height=\"1024\" alt=\"\" class=\"wp-block-jetpack-slideshow_image wp-image-910\" data-id=\"910\" src=\"https:\/\/i0.wp.com\/nessana-art.com\/wp-content\/uploads\/2022\/06\/3C2A514E-8DF3-4BF6-8002-288447BC7E86-2.jpeg?resize=768%2C1024&#038;ssl=1\" srcset=\"https:\/\/i0.wp.com\/nessana-art.com\/wp-content\/uploads\/2022\/06\/3C2A514E-8DF3-4BF6-8002-288447BC7E86-2-scaled.jpeg?resize=768%2C1024&amp;ssl=1 768w, https:\/\/i0.wp.com\/nessana-art.com\/wp-content\/uploads\/2022\/06\/3C2A514E-8DF3-4BF6-8002-288447BC7E86-2-scaled.jpeg?resize=225%2C300&amp;ssl=1 225w, https:\/\/i0.wp.com\/nessana-art.com\/wp-content\/uploads\/2022\/06\/3C2A514E-8DF3-4BF6-8002-288447BC7E86-2-scaled.jpeg?resize=1152%2C1536&amp;ssl=1 1152w, https:\/\/i0.wp.com\/nessana-art.com\/wp-content\/uploads\/2022\/06\/3C2A514E-8DF3-4BF6-8002-288447BC7E86-2-scaled.jpeg?resize=1536%2C2048&amp;ssl=1 1536w, https:\/\/i0.wp.com\/nessana-art.com\/wp-content\/uploads\/2022\/06\/3C2A514E-8DF3-4BF6-8002-288447BC7E86-2-scaled.jpeg?resize=9%2C12&amp;ssl=1 9w, https:\/\/i0.wp.com\/nessana-art.com\/wp-content\/uploads\/2022\/06\/3C2A514E-8DF3-4BF6-8002-288447BC7E86-2-scaled.jpeg?resize=18%2C24&amp;ssl=1 18w, https:\/\/i0.wp.com\/nessana-art.com\/wp-content\/uploads\/2022\/06\/3C2A514E-8DF3-4BF6-8002-288447BC7E86-2-scaled.jpeg?resize=27%2C36&amp;ssl=1 27w, https:\/\/i0.wp.com\/nessana-art.com\/wp-content\/uploads\/2022\/06\/3C2A514E-8DF3-4BF6-8002-288447BC7E86-2-scaled.jpeg?resize=36%2C48&amp;ssl=1 36w, https:\/\/i0.wp.com\/nessana-art.com\/wp-content\/uploads\/2022\/06\/3C2A514E-8DF3-4BF6-8002-288447BC7E86-2-scaled.jpeg?w=1920&amp;ssl=1 1920w, https:\/\/i0.wp.com\/nessana-art.com\/wp-content\/uploads\/2022\/06\/3C2A514E-8DF3-4BF6-8002-288447BC7E86-2-scaled.jpeg?w=1738&amp;ssl=1 1738w\" sizes=\"(max-width: 768px) 100vw, 768px\" \/><\/figure><\/li><\/ul><a class=\"wp-block-jetpack-slideshow_button-prev swiper-button-prev swiper-button-white\" role=\"button\"><\/a><a class=\"wp-block-jetpack-slideshow_button-next swiper-button-next swiper-button-white\" role=\"button\"><\/a><a aria-label=\"Pause Slideshow\" class=\"wp-block-jetpack-slideshow_button-pause\" role=\"button\"><\/a><div class=\"wp-block-jetpack-slideshow_pagination swiper-pagination swiper-pagination-white\"><\/div><\/div><\/div>\n\n\n\n<div class=\"wp-block-buttons is-layout-flex wp-block-buttons-is-layout-flex\">\n<div class=\"wp-block-button has-custom-width wp-block-button__width-100 is-style-outline is-style-outline--1\"><a class=\"wp-block-button__link has-text-color has-background\" href=\"https:\/\/nessana-art.com\/en\/contact\/\" style=\"border-radius:5px;background-color:#efefef;color:#349bb5\">price-\/purchase request<\/a><\/div>\n<\/div>\n\n\n\n<p><br><\/p>\n\n\n\n<p class=\"has-text-align-center\">&#8222;<strong>George<\/strong>&nbsp;is part of the Beauties of Nature collection. He is a size 70 x 100 cm and painted with acrylic paint on canvas.<br>Die blauen Farbt\u00f6ne im Hintergrund repr\u00e4sentieren die k\u00f6nigliche Wirkung des Raubtiers. Seine dunkle und gro\u00dfe M\u00e4hne zeigt seine Gesundheit und wahrscheinlich auch den Status eines Alpha-Tiers in seinem Rudel. Auch wenn diese Beschreibung gef\u00e4hrlich klingt, sitzt George mit einer ruhigen K\u00f6rperhaltung und schaut in die Ferne. Eine neugierige Katze, k\u00f6nnte man sagen&#8230;&nbsp;&#8220;&nbsp;<\/p>\n\n\n\n<p><\/p>\n\n\n\n<p class=\"has-text-align-center\"><br>Curious about more? If you want to get regular insights on origins, backgrounds and inspirations you can go to the <a href=\"https:\/\/nessana-art.com\/en\/\">homepage<\/a> and sign up for the newsletter.<\/p>","protected":false},"excerpt":{"rendered":"<p>Beauties of Nature George, Acryl auf Leinwand, 70 x 100 cm &#8222;George&nbsp;ist Teil der Beauties of Nature Kollektion. Das Bild der Gr\u00f6\u00dfe 70 x 100 cm ist mit Acrylfarben auf Leinwand gemalt.Die blauen Farbt\u00f6ne im Hintergrund repr\u00e4sentieren die k\u00f6nigliche Wirkung des Raubtiers. Seine dunkle und gro\u00dfe M\u00e4hne zeigt seine Gesundheit und wahrscheinlich auch den Status&hellip;<\/p>","protected":false},"author":1,"featured_media":0,"parent":0,"menu_order":0,"comment_status":"closed","ping_status":"closed","template":"","meta":{"footnotes":""},"class_list":["post-902","page","type-page","status-publish","hentry","no-post-thumbnail","post-grid-3-col","entry"],"jetpack_sharing_enabled":true,"_links":{"self":[{"href":"https:\/\/nessana-art.com\/en\/wp-json\/wp\/v2\/pages\/902","targetHints":{"allow":["GET"]}}],"collection":[{"href":"https:\/\/nessana-art.com\/en\/wp-json\/wp\/v2\/pages"}],"about":[{"href":"https:\/\/nessana-art.com\/en\/wp-json\/wp\/v2\/types\/page"}],"author":[{"embeddable":true,"href":"https:\/\/nessana-art.com\/en\/wp-json\/wp\/v2\/users\/1"}],"replies":[{"embeddable":true,"href":"https:\/\/nessana-art.com\/en\/wp-json\/wp\/v2\/comments?post=902"}],"version-history":[{"count":3,"href":"https:\/\/nessana-art.com\/en\/wp-json\/wp\/v2\/pages\/902\/revisions"}],"predecessor-version":[{"id":1224,"href":"https:\/\/nessana-art.com\/en\/wp-json\/wp\/v2\/pages\/902\/revisions\/1224"}],"wp:attachment":[{"href":"https:\/\/nessana-art.com\/en\/wp-json\/wp\/v2\/media?parent=902"}],"curies":[{"name":"wp","href":"https:\/\/api.w.org\/{rel}","templated":true}]}}