{"id":807,"date":"2022-03-28T10:41:47","date_gmt":"2022-03-28T08:41:47","guid":{"rendered":"https:\/\/nessana-art.com\/?page_id=807"},"modified":"2022-10-18T19:21:32","modified_gmt":"2022-10-18T17:21:32","slug":"sustainability","status":"publish","type":"page","link":"https:\/\/nessana-art.com\/en\/sustainability\/","title":{"rendered":"sustainability"},"content":{"rendered":"<p class=\"has-text-align-center\"><em>\"Many small people, who in many small places do many small things, <\/em><br><em>can alter the face of the world.\"<\/em><br>african proverb<br><\/p>\n\n\n\n<p><br><\/p>\n\n\n\n<p>This proverb shows the essential point of the topic very well: Everyone of us can contribute to protecting our planet even by taking small steps. You can find an overview of first steps that are already included in the artwork process here: <\/p>\n\n\n\n<div class=\"wp-block-columns is-layout-flex wp-container-core-columns-is-layout-9d6595d7 wp-block-columns-is-layout-flex\">\n<div class=\"wp-block-column is-layout-flow wp-block-column-is-layout-flow\">\n<ul class=\"wp-block-list\"><li><strong>new canvases: <\/strong>FSC certified qualities, made in germany<\/li><li><strong>Art Prints <\/strong>I order my art prints at Photocircle, where each order generates support for tree planting projects.<\/li><li><strong>painting palettes:<\/strong> Cardboard from e.g. old packaging boxes is used for mixing colours. <\/li><li><strong>Print:<\/strong> My businesscards are printed on recycling paper. When I don't have the option to print on recycling paper, I pay compensation fees for CO2 reduction. The needed amount of printed documents is calculated low, so that waste is reduced.   <\/li><li><strong>packaging<\/strong> When buying an artwork, you will probably find some used packacking materials. The focus nevertheless lies in protecting the artwork.<\/li><li><strong>old canvases, brushes and paint <\/strong> Reuse instead of throwing away is the motto. Some paintings may be created on an old canvases. They were bought a couple of years ago, maybe even used for studies, meaning they might have an interesting history! Paint and brushes used might also be long-time companions. <\/li><\/ul>\n<\/div>\n\n\n\n<div class=\"wp-block-column is-layout-flow wp-block-column-is-layout-flow\">\n<p><\/p>\n\n\n\n<figure class=\"wp-block-image size-large\"><img data-recalc-dims=\"1\" loading=\"lazy\" decoding=\"async\" width=\"683\" height=\"1024\" data-attachment-id=\"1050\" data-permalink=\"https:\/\/nessana-art.com\/en\/sustainability\/vanessa-22-07-2022-nr14354-c\/\" data-orig-file=\"https:\/\/i0.wp.com\/nessana-art.com\/wp-content\/uploads\/2022\/07\/Vanessa-22.07.2022-Nr14354-c.jpg?fit=1417%2C2126&amp;ssl=1\" data-orig-size=\"1417,2126\" data-comments-opened=\"0\" data-image-meta=\"{&quot;aperture&quot;:&quot;0&quot;,&quot;credit&quot;:&quot;&quot;,&quot;camera&quot;:&quot;&quot;,&quot;caption&quot;:&quot;&quot;,&quot;created_timestamp&quot;:&quot;0&quot;,&quot;copyright&quot;:&quot;&quot;,&quot;focal_length&quot;:&quot;0&quot;,&quot;iso&quot;:&quot;0&quot;,&quot;shutter_speed&quot;:&quot;0&quot;,&quot;title&quot;:&quot;&quot;,&quot;orientation&quot;:&quot;0&quot;}\" data-image-title=\"Nessa\u00f1a &amp;#8211; (c) Dirk Masbaum\" data-image-description=\"\" data-image-caption=\"\" data-large-file=\"https:\/\/i0.wp.com\/nessana-art.com\/wp-content\/uploads\/2022\/07\/Vanessa-22.07.2022-Nr14354-c.jpg?fit=683%2C1024&amp;ssl=1\" src=\"https:\/\/i0.wp.com\/nessana-art.com\/wp-content\/uploads\/2022\/07\/Vanessa-22.07.2022-Nr14354-c.jpg?resize=683%2C1024&#038;ssl=1\" alt=\"\" class=\"wp-image-1050\" srcset=\"https:\/\/i0.wp.com\/nessana-art.com\/wp-content\/uploads\/2022\/07\/Vanessa-22.07.2022-Nr14354-c.jpg?resize=683%2C1024&amp;ssl=1 683w, https:\/\/i0.wp.com\/nessana-art.com\/wp-content\/uploads\/2022\/07\/Vanessa-22.07.2022-Nr14354-c.jpg?resize=200%2C300&amp;ssl=1 200w, https:\/\/i0.wp.com\/nessana-art.com\/wp-content\/uploads\/2022\/07\/Vanessa-22.07.2022-Nr14354-c.jpg?resize=768%2C1152&amp;ssl=1 768w, https:\/\/i0.wp.com\/nessana-art.com\/wp-content\/uploads\/2022\/07\/Vanessa-22.07.2022-Nr14354-c.jpg?resize=1024%2C1536&amp;ssl=1 1024w, https:\/\/i0.wp.com\/nessana-art.com\/wp-content\/uploads\/2022\/07\/Vanessa-22.07.2022-Nr14354-c.jpg?resize=1365%2C2048&amp;ssl=1 1365w, https:\/\/i0.wp.com\/nessana-art.com\/wp-content\/uploads\/2022\/07\/Vanessa-22.07.2022-Nr14354-c.jpg?resize=8%2C12&amp;ssl=1 8w, https:\/\/i0.wp.com\/nessana-art.com\/wp-content\/uploads\/2022\/07\/Vanessa-22.07.2022-Nr14354-c.jpg?resize=16%2C24&amp;ssl=1 16w, https:\/\/i0.wp.com\/nessana-art.com\/wp-content\/uploads\/2022\/07\/Vanessa-22.07.2022-Nr14354-c.jpg?resize=24%2C36&amp;ssl=1 24w, https:\/\/i0.wp.com\/nessana-art.com\/wp-content\/uploads\/2022\/07\/Vanessa-22.07.2022-Nr14354-c.jpg?resize=32%2C48&amp;ssl=1 32w, https:\/\/i0.wp.com\/nessana-art.com\/wp-content\/uploads\/2022\/07\/Vanessa-22.07.2022-Nr14354-c.jpg?w=1417&amp;ssl=1 1417w\" sizes=\"auto, (max-width: 683px) 100vw, 683px\" \/><\/figure>\n<\/div>\n<\/div>\n\n\n\n<p>This list is only a beginning and I hope to grow it continuousley. Not only at my art business but also in my private life, I take different precautions to live more sustainable. If you have any questions about this, don't hesitate to ask! <br>Please come back to this site once in a while or sign up <a href=\"https:\/\/nessana-art.com\/en\/\">here<\/a> for the newsletter to be kept up to date regarding sustainable and social responsibility developements.<\/p>\n\n\n\n<p>If you have any advice on e.g. where to buy sustainable acrylic paint or any other topic regarding sustainability, please get in touch via the <a href=\"https:\/\/nessana-art.com\/en\/contact\/\">contact form<\/a>!<\/p>\n\n\n\n<p class=\"has-text-align-center\"><br><em>\"The world should be a little better because [one] has lived...\"<\/em><br>Frances Hodgson Burnett<\/p>\n\n\n\n<p><\/p>","protected":false},"excerpt":{"rendered":"<p>\u201eViele kleine Leute, die an vielen kleinen Orten viele kleine Dinge tun, k\u00f6nnen das Gesicht der Welt ver\u00e4ndern.\u201cafrikanisches Sprichwort Dieses Sprichwort trifft den Kern des Themas ziemlich gut: Wir alle k\u00f6nnen durch nur kleine Schritte einen wesentlichen Beitrag dazu leisten, unseren Planeten zu sch\u00fctzen. Eine \u00dcbersicht erster Schritte, die im Bezug auf Kunst bereits jetzt&hellip;<\/p>","protected":false},"author":1,"featured_media":0,"parent":0,"menu_order":0,"comment_status":"closed","ping_status":"closed","template":"","meta":{"footnotes":""},"class_list":["post-807","page","type-page","status-publish","hentry","no-post-thumbnail","post-grid-3-col","entry"],"jetpack_sharing_enabled":true,"_links":{"self":[{"href":"https:\/\/nessana-art.com\/en\/wp-json\/wp\/v2\/pages\/807","targetHints":{"allow":["GET"]}}],"collection":[{"href":"https:\/\/nessana-art.com\/en\/wp-json\/wp\/v2\/pages"}],"about":[{"href":"https:\/\/nessana-art.com\/en\/wp-json\/wp\/v2\/types\/page"}],"author":[{"embeddable":true,"href":"https:\/\/nessana-art.com\/en\/wp-json\/wp\/v2\/users\/1"}],"replies":[{"embeddable":true,"href":"https:\/\/nessana-art.com\/en\/wp-json\/wp\/v2\/comments?post=807"}],"version-history":[{"count":18,"href":"https:\/\/nessana-art.com\/en\/wp-json\/wp\/v2\/pages\/807\/revisions"}],"predecessor-version":[{"id":1257,"href":"https:\/\/nessana-art.com\/en\/wp-json\/wp\/v2\/pages\/807\/revisions\/1257"}],"wp:attachment":[{"href":"https:\/\/nessana-art.com\/en\/wp-json\/wp\/v2\/media?parent=807"}],"curies":[{"name":"wp","href":"https:\/\/api.w.org\/{rel}","templated":true}]}}