{"id":678,"date":"2022-03-11T18:32:12","date_gmt":"2022-03-11T17:32:12","guid":{"rendered":"https:\/\/nessana-art.com\/?page_id=678"},"modified":"2022-09-30T18:11:48","modified_gmt":"2022-09-30T16:11:48","slug":"bo","status":"publish","type":"page","link":"https:\/\/nessana-art.com\/en\/bo\/","title":{"rendered":""},"content":{"rendered":"<h2 class=\"has-text-align-center wp-block-heading\"><strong>Beauties of Nature<\/strong><\/h2>\n\n\n\n<p><br><\/p>\n\n\n\n<h2 class=\"has-text-align-center wp-block-heading\" id=\"jonte-acryl-auf-leinwand-50-x-50-cm\">Bo, acrylic on canvas, 60 x 70 cm <\/h2>\n\n\n\n<div class=\"wp-block-jetpack-slideshow aligncenter\" data-autoplay=\"true\" data-delay=\"4\" data-effect=\"slide\"><div class=\"wp-block-jetpack-slideshow_container swiper-container\"><ul class=\"wp-block-jetpack-slideshow_swiper-wrapper swiper-wrapper\"><li class=\"wp-block-jetpack-slideshow_slide swiper-slide\"><figure><img data-recalc-dims=\"1\" loading=\"lazy\" decoding=\"async\" width=\"869\" height=\"1008\" alt=\"\" class=\"wp-block-jetpack-slideshow_image wp-image-681\" data-id=\"681\" src=\"https:\/\/i0.wp.com\/nessana-art.com\/wp-content\/uploads\/2022\/03\/58B1AD09-9471-465E-B8EA-198717810573-3.jpeg?resize=869%2C1008&#038;ssl=1\" srcset=\"https:\/\/i0.wp.com\/nessana-art.com\/wp-content\/uploads\/2022\/03\/58B1AD09-9471-465E-B8EA-198717810573-3-scaled.jpeg?resize=883%2C1024&amp;ssl=1 883w, https:\/\/i0.wp.com\/nessana-art.com\/wp-content\/uploads\/2022\/03\/58B1AD09-9471-465E-B8EA-198717810573-3-scaled.jpeg?resize=259%2C300&amp;ssl=1 259w, https:\/\/i0.wp.com\/nessana-art.com\/wp-content\/uploads\/2022\/03\/58B1AD09-9471-465E-B8EA-198717810573-3-scaled.jpeg?resize=768%2C891&amp;ssl=1 768w, https:\/\/i0.wp.com\/nessana-art.com\/wp-content\/uploads\/2022\/03\/58B1AD09-9471-465E-B8EA-198717810573-3-scaled.jpeg?resize=1324%2C1536&amp;ssl=1 1324w, https:\/\/i0.wp.com\/nessana-art.com\/wp-content\/uploads\/2022\/03\/58B1AD09-9471-465E-B8EA-198717810573-3-scaled.jpeg?resize=1766%2C2048&amp;ssl=1 1766w, https:\/\/i0.wp.com\/nessana-art.com\/wp-content\/uploads\/2022\/03\/58B1AD09-9471-465E-B8EA-198717810573-3-scaled.jpeg?resize=10%2C12&amp;ssl=1 10w, https:\/\/i0.wp.com\/nessana-art.com\/wp-content\/uploads\/2022\/03\/58B1AD09-9471-465E-B8EA-198717810573-3-scaled.jpeg?resize=21%2C24&amp;ssl=1 21w, https:\/\/i0.wp.com\/nessana-art.com\/wp-content\/uploads\/2022\/03\/58B1AD09-9471-465E-B8EA-198717810573-3-scaled.jpeg?resize=31%2C36&amp;ssl=1 31w, https:\/\/i0.wp.com\/nessana-art.com\/wp-content\/uploads\/2022\/03\/58B1AD09-9471-465E-B8EA-198717810573-3-scaled.jpeg?resize=41%2C48&amp;ssl=1 41w\" sizes=\"(max-width: 869px) 100vw, 869px\" \/><\/figure><\/li><li class=\"wp-block-jetpack-slideshow_slide swiper-slide\"><figure><img data-recalc-dims=\"1\" loading=\"lazy\" decoding=\"async\" width=\"869\" height=\"869\" alt=\"\" class=\"wp-block-jetpack-slideshow_image wp-image-689\" data-id=\"689\" src=\"https:\/\/i0.wp.com\/nessana-art.com\/wp-content\/uploads\/2022\/03\/087FCEFC-7A41-4FC9-BDB8-F17DD3C9F5AA-2.jpeg?resize=869%2C869&#038;ssl=1\" srcset=\"https:\/\/i0.wp.com\/nessana-art.com\/wp-content\/uploads\/2022\/03\/087FCEFC-7A41-4FC9-BDB8-F17DD3C9F5AA-2-scaled.jpeg?resize=1024%2C1024&amp;ssl=1 1024w, https:\/\/i0.wp.com\/nessana-art.com\/wp-content\/uploads\/2022\/03\/087FCEFC-7A41-4FC9-BDB8-F17DD3C9F5AA-2-scaled.jpeg?resize=300%2C300&amp;ssl=1 300w, https:\/\/i0.wp.com\/nessana-art.com\/wp-content\/uploads\/2022\/03\/087FCEFC-7A41-4FC9-BDB8-F17DD3C9F5AA-2-scaled.jpeg?resize=150%2C150&amp;ssl=1 150w, https:\/\/i0.wp.com\/nessana-art.com\/wp-content\/uploads\/2022\/03\/087FCEFC-7A41-4FC9-BDB8-F17DD3C9F5AA-2-scaled.jpeg?resize=768%2C768&amp;ssl=1 768w, https:\/\/i0.wp.com\/nessana-art.com\/wp-content\/uploads\/2022\/03\/087FCEFC-7A41-4FC9-BDB8-F17DD3C9F5AA-2-scaled.jpeg?resize=1536%2C1536&amp;ssl=1 1536w, https:\/\/i0.wp.com\/nessana-art.com\/wp-content\/uploads\/2022\/03\/087FCEFC-7A41-4FC9-BDB8-F17DD3C9F5AA-2-scaled.jpeg?resize=2048%2C2048&amp;ssl=1 2048w, https:\/\/i0.wp.com\/nessana-art.com\/wp-content\/uploads\/2022\/03\/087FCEFC-7A41-4FC9-BDB8-F17DD3C9F5AA-2-scaled.jpeg?resize=12%2C12&amp;ssl=1 12w, https:\/\/i0.wp.com\/nessana-art.com\/wp-content\/uploads\/2022\/03\/087FCEFC-7A41-4FC9-BDB8-F17DD3C9F5AA-2-scaled.jpeg?resize=24%2C24&amp;ssl=1 24w, https:\/\/i0.wp.com\/nessana-art.com\/wp-content\/uploads\/2022\/03\/087FCEFC-7A41-4FC9-BDB8-F17DD3C9F5AA-2-scaled.jpeg?resize=36%2C36&amp;ssl=1 36w, https:\/\/i0.wp.com\/nessana-art.com\/wp-content\/uploads\/2022\/03\/087FCEFC-7A41-4FC9-BDB8-F17DD3C9F5AA-2-scaled.jpeg?resize=48%2C48&amp;ssl=1 48w, https:\/\/i0.wp.com\/nessana-art.com\/wp-content\/uploads\/2022\/03\/087FCEFC-7A41-4FC9-BDB8-F17DD3C9F5AA-2-scaled.jpeg?w=1738&amp;ssl=1 1738w\" sizes=\"(max-width: 869px) 100vw, 869px\" \/><\/figure><\/li><li class=\"wp-block-jetpack-slideshow_slide swiper-slide\"><figure><img data-recalc-dims=\"1\" loading=\"lazy\" decoding=\"async\" width=\"869\" height=\"869\" alt=\"\" class=\"wp-block-jetpack-slideshow_image wp-image-680\" data-id=\"680\" src=\"https:\/\/i0.wp.com\/nessana-art.com\/wp-content\/uploads\/2022\/03\/5EB58E93-FBFF-4391-8C62-86BC3C4B6AB2-2.jpeg?resize=869%2C869&#038;ssl=1\" srcset=\"https:\/\/i0.wp.com\/nessana-art.com\/wp-content\/uploads\/2022\/03\/5EB58E93-FBFF-4391-8C62-86BC3C4B6AB2-2-scaled.jpeg?resize=1024%2C1024&amp;ssl=1 1024w, https:\/\/i0.wp.com\/nessana-art.com\/wp-content\/uploads\/2022\/03\/5EB58E93-FBFF-4391-8C62-86BC3C4B6AB2-2-scaled.jpeg?resize=300%2C300&amp;ssl=1 300w, https:\/\/i0.wp.com\/nessana-art.com\/wp-content\/uploads\/2022\/03\/5EB58E93-FBFF-4391-8C62-86BC3C4B6AB2-2-scaled.jpeg?resize=150%2C150&amp;ssl=1 150w, https:\/\/i0.wp.com\/nessana-art.com\/wp-content\/uploads\/2022\/03\/5EB58E93-FBFF-4391-8C62-86BC3C4B6AB2-2-scaled.jpeg?resize=768%2C768&amp;ssl=1 768w, https:\/\/i0.wp.com\/nessana-art.com\/wp-content\/uploads\/2022\/03\/5EB58E93-FBFF-4391-8C62-86BC3C4B6AB2-2-scaled.jpeg?resize=1536%2C1536&amp;ssl=1 1536w, https:\/\/i0.wp.com\/nessana-art.com\/wp-content\/uploads\/2022\/03\/5EB58E93-FBFF-4391-8C62-86BC3C4B6AB2-2-scaled.jpeg?resize=2048%2C2048&amp;ssl=1 2048w, https:\/\/i0.wp.com\/nessana-art.com\/wp-content\/uploads\/2022\/03\/5EB58E93-FBFF-4391-8C62-86BC3C4B6AB2-2-scaled.jpeg?resize=12%2C12&amp;ssl=1 12w, https:\/\/i0.wp.com\/nessana-art.com\/wp-content\/uploads\/2022\/03\/5EB58E93-FBFF-4391-8C62-86BC3C4B6AB2-2-scaled.jpeg?resize=24%2C24&amp;ssl=1 24w, https:\/\/i0.wp.com\/nessana-art.com\/wp-content\/uploads\/2022\/03\/5EB58E93-FBFF-4391-8C62-86BC3C4B6AB2-2-scaled.jpeg?resize=36%2C36&amp;ssl=1 36w, https:\/\/i0.wp.com\/nessana-art.com\/wp-content\/uploads\/2022\/03\/5EB58E93-FBFF-4391-8C62-86BC3C4B6AB2-2-scaled.jpeg?resize=48%2C48&amp;ssl=1 48w, https:\/\/i0.wp.com\/nessana-art.com\/wp-content\/uploads\/2022\/03\/5EB58E93-FBFF-4391-8C62-86BC3C4B6AB2-2-scaled.jpeg?w=1738&amp;ssl=1 1738w\" sizes=\"(max-width: 869px) 100vw, 869px\" \/><\/figure><\/li><li class=\"wp-block-jetpack-slideshow_slide swiper-slide\"><figure><img data-recalc-dims=\"1\" loading=\"lazy\" decoding=\"async\" width=\"869\" height=\"869\" alt=\"\" class=\"wp-block-jetpack-slideshow_image wp-image-687\" data-id=\"687\" src=\"https:\/\/i0.wp.com\/nessana-art.com\/wp-content\/uploads\/2022\/03\/F21CAB38-3F4A-459E-B684-A26D733AC49B-2.jpeg?resize=869%2C869&#038;ssl=1\" srcset=\"https:\/\/i0.wp.com\/nessana-art.com\/wp-content\/uploads\/2022\/03\/F21CAB38-3F4A-459E-B684-A26D733AC49B-2-scaled.jpeg?resize=1024%2C1024&amp;ssl=1 1024w, https:\/\/i0.wp.com\/nessana-art.com\/wp-content\/uploads\/2022\/03\/F21CAB38-3F4A-459E-B684-A26D733AC49B-2-scaled.jpeg?resize=300%2C300&amp;ssl=1 300w, https:\/\/i0.wp.com\/nessana-art.com\/wp-content\/uploads\/2022\/03\/F21CAB38-3F4A-459E-B684-A26D733AC49B-2-scaled.jpeg?resize=150%2C150&amp;ssl=1 150w, https:\/\/i0.wp.com\/nessana-art.com\/wp-content\/uploads\/2022\/03\/F21CAB38-3F4A-459E-B684-A26D733AC49B-2-scaled.jpeg?resize=768%2C768&amp;ssl=1 768w, https:\/\/i0.wp.com\/nessana-art.com\/wp-content\/uploads\/2022\/03\/F21CAB38-3F4A-459E-B684-A26D733AC49B-2-scaled.jpeg?resize=1536%2C1536&amp;ssl=1 1536w, https:\/\/i0.wp.com\/nessana-art.com\/wp-content\/uploads\/2022\/03\/F21CAB38-3F4A-459E-B684-A26D733AC49B-2-scaled.jpeg?resize=2048%2C2048&amp;ssl=1 2048w, https:\/\/i0.wp.com\/nessana-art.com\/wp-content\/uploads\/2022\/03\/F21CAB38-3F4A-459E-B684-A26D733AC49B-2-scaled.jpeg?resize=12%2C12&amp;ssl=1 12w, https:\/\/i0.wp.com\/nessana-art.com\/wp-content\/uploads\/2022\/03\/F21CAB38-3F4A-459E-B684-A26D733AC49B-2-scaled.jpeg?resize=24%2C24&amp;ssl=1 24w, https:\/\/i0.wp.com\/nessana-art.com\/wp-content\/uploads\/2022\/03\/F21CAB38-3F4A-459E-B684-A26D733AC49B-2-scaled.jpeg?resize=36%2C36&amp;ssl=1 36w, https:\/\/i0.wp.com\/nessana-art.com\/wp-content\/uploads\/2022\/03\/F21CAB38-3F4A-459E-B684-A26D733AC49B-2-scaled.jpeg?resize=48%2C48&amp;ssl=1 48w, https:\/\/i0.wp.com\/nessana-art.com\/wp-content\/uploads\/2022\/03\/F21CAB38-3F4A-459E-B684-A26D733AC49B-2-scaled.jpeg?w=1738&amp;ssl=1 1738w\" sizes=\"(max-width: 869px) 100vw, 869px\" \/><\/figure><\/li><li class=\"wp-block-jetpack-slideshow_slide swiper-slide\"><figure><img data-recalc-dims=\"1\" loading=\"lazy\" decoding=\"async\" width=\"869\" height=\"869\" alt=\"\" class=\"wp-block-jetpack-slideshow_image wp-image-679\" data-id=\"679\" src=\"https:\/\/i0.wp.com\/nessana-art.com\/wp-content\/uploads\/2022\/03\/1A04593F-CBCE-429C-8309-60F8F7378DDE-2.jpeg?resize=869%2C869&#038;ssl=1\" srcset=\"https:\/\/i0.wp.com\/nessana-art.com\/wp-content\/uploads\/2022\/03\/1A04593F-CBCE-429C-8309-60F8F7378DDE-2-scaled.jpeg?resize=1024%2C1024&amp;ssl=1 1024w, https:\/\/i0.wp.com\/nessana-art.com\/wp-content\/uploads\/2022\/03\/1A04593F-CBCE-429C-8309-60F8F7378DDE-2-scaled.jpeg?resize=300%2C300&amp;ssl=1 300w, https:\/\/i0.wp.com\/nessana-art.com\/wp-content\/uploads\/2022\/03\/1A04593F-CBCE-429C-8309-60F8F7378DDE-2-scaled.jpeg?resize=150%2C150&amp;ssl=1 150w, https:\/\/i0.wp.com\/nessana-art.com\/wp-content\/uploads\/2022\/03\/1A04593F-CBCE-429C-8309-60F8F7378DDE-2-scaled.jpeg?resize=768%2C768&amp;ssl=1 768w, https:\/\/i0.wp.com\/nessana-art.com\/wp-content\/uploads\/2022\/03\/1A04593F-CBCE-429C-8309-60F8F7378DDE-2-scaled.jpeg?resize=1536%2C1536&amp;ssl=1 1536w, https:\/\/i0.wp.com\/nessana-art.com\/wp-content\/uploads\/2022\/03\/1A04593F-CBCE-429C-8309-60F8F7378DDE-2-scaled.jpeg?resize=2048%2C2048&amp;ssl=1 2048w, https:\/\/i0.wp.com\/nessana-art.com\/wp-content\/uploads\/2022\/03\/1A04593F-CBCE-429C-8309-60F8F7378DDE-2-scaled.jpeg?resize=12%2C12&amp;ssl=1 12w, https:\/\/i0.wp.com\/nessana-art.com\/wp-content\/uploads\/2022\/03\/1A04593F-CBCE-429C-8309-60F8F7378DDE-2-scaled.jpeg?resize=24%2C24&amp;ssl=1 24w, https:\/\/i0.wp.com\/nessana-art.com\/wp-content\/uploads\/2022\/03\/1A04593F-CBCE-429C-8309-60F8F7378DDE-2-scaled.jpeg?resize=36%2C36&amp;ssl=1 36w, https:\/\/i0.wp.com\/nessana-art.com\/wp-content\/uploads\/2022\/03\/1A04593F-CBCE-429C-8309-60F8F7378DDE-2-scaled.jpeg?resize=48%2C48&amp;ssl=1 48w, https:\/\/i0.wp.com\/nessana-art.com\/wp-content\/uploads\/2022\/03\/1A04593F-CBCE-429C-8309-60F8F7378DDE-2-scaled.jpeg?w=1738&amp;ssl=1 1738w\" sizes=\"(max-width: 869px) 100vw, 869px\" \/><\/figure><\/li><li class=\"wp-block-jetpack-slideshow_slide swiper-slide\"><figure><img data-recalc-dims=\"1\" loading=\"lazy\" decoding=\"async\" width=\"869\" height=\"869\" alt=\"\" class=\"wp-block-jetpack-slideshow_image wp-image-684\" data-id=\"684\" src=\"https:\/\/i0.wp.com\/nessana-art.com\/wp-content\/uploads\/2022\/03\/ABD5F509-A98E-4B94-9E76-DA44F4FE5F04-2.jpeg?resize=869%2C869&#038;ssl=1\" srcset=\"https:\/\/i0.wp.com\/nessana-art.com\/wp-content\/uploads\/2022\/03\/ABD5F509-A98E-4B94-9E76-DA44F4FE5F04-2-scaled.jpeg?resize=1024%2C1024&amp;ssl=1 1024w, https:\/\/i0.wp.com\/nessana-art.com\/wp-content\/uploads\/2022\/03\/ABD5F509-A98E-4B94-9E76-DA44F4FE5F04-2-scaled.jpeg?resize=300%2C300&amp;ssl=1 300w, https:\/\/i0.wp.com\/nessana-art.com\/wp-content\/uploads\/2022\/03\/ABD5F509-A98E-4B94-9E76-DA44F4FE5F04-2-scaled.jpeg?resize=150%2C150&amp;ssl=1 150w, https:\/\/i0.wp.com\/nessana-art.com\/wp-content\/uploads\/2022\/03\/ABD5F509-A98E-4B94-9E76-DA44F4FE5F04-2-scaled.jpeg?resize=768%2C768&amp;ssl=1 768w, https:\/\/i0.wp.com\/nessana-art.com\/wp-content\/uploads\/2022\/03\/ABD5F509-A98E-4B94-9E76-DA44F4FE5F04-2-scaled.jpeg?resize=1536%2C1536&amp;ssl=1 1536w, https:\/\/i0.wp.com\/nessana-art.com\/wp-content\/uploads\/2022\/03\/ABD5F509-A98E-4B94-9E76-DA44F4FE5F04-2-scaled.jpeg?resize=2048%2C2048&amp;ssl=1 2048w, https:\/\/i0.wp.com\/nessana-art.com\/wp-content\/uploads\/2022\/03\/ABD5F509-A98E-4B94-9E76-DA44F4FE5F04-2-scaled.jpeg?resize=12%2C12&amp;ssl=1 12w, https:\/\/i0.wp.com\/nessana-art.com\/wp-content\/uploads\/2022\/03\/ABD5F509-A98E-4B94-9E76-DA44F4FE5F04-2-scaled.jpeg?resize=24%2C24&amp;ssl=1 24w, https:\/\/i0.wp.com\/nessana-art.com\/wp-content\/uploads\/2022\/03\/ABD5F509-A98E-4B94-9E76-DA44F4FE5F04-2-scaled.jpeg?resize=36%2C36&amp;ssl=1 36w, https:\/\/i0.wp.com\/nessana-art.com\/wp-content\/uploads\/2022\/03\/ABD5F509-A98E-4B94-9E76-DA44F4FE5F04-2-scaled.jpeg?resize=48%2C48&amp;ssl=1 48w, https:\/\/i0.wp.com\/nessana-art.com\/wp-content\/uploads\/2022\/03\/ABD5F509-A98E-4B94-9E76-DA44F4FE5F04-2-scaled.jpeg?w=1738&amp;ssl=1 1738w\" sizes=\"(max-width: 869px) 100vw, 869px\" \/><\/figure><\/li><li class=\"wp-block-jetpack-slideshow_slide swiper-slide\"><figure><img data-recalc-dims=\"1\" loading=\"lazy\" decoding=\"async\" width=\"869\" height=\"869\" alt=\"\" class=\"wp-block-jetpack-slideshow_image wp-image-685\" data-id=\"685\" src=\"https:\/\/i0.wp.com\/nessana-art.com\/wp-content\/uploads\/2022\/03\/B8323E45-17F5-496E-9EA1-7E81BA319805-2.jpeg?resize=869%2C869&#038;ssl=1\" srcset=\"https:\/\/i0.wp.com\/nessana-art.com\/wp-content\/uploads\/2022\/03\/B8323E45-17F5-496E-9EA1-7E81BA319805-2-scaled.jpeg?resize=1024%2C1024&amp;ssl=1 1024w, https:\/\/i0.wp.com\/nessana-art.com\/wp-content\/uploads\/2022\/03\/B8323E45-17F5-496E-9EA1-7E81BA319805-2-scaled.jpeg?resize=300%2C300&amp;ssl=1 300w, https:\/\/i0.wp.com\/nessana-art.com\/wp-content\/uploads\/2022\/03\/B8323E45-17F5-496E-9EA1-7E81BA319805-2-scaled.jpeg?resize=150%2C150&amp;ssl=1 150w, https:\/\/i0.wp.com\/nessana-art.com\/wp-content\/uploads\/2022\/03\/B8323E45-17F5-496E-9EA1-7E81BA319805-2-scaled.jpeg?resize=768%2C768&amp;ssl=1 768w, https:\/\/i0.wp.com\/nessana-art.com\/wp-content\/uploads\/2022\/03\/B8323E45-17F5-496E-9EA1-7E81BA319805-2-scaled.jpeg?resize=1536%2C1536&amp;ssl=1 1536w, https:\/\/i0.wp.com\/nessana-art.com\/wp-content\/uploads\/2022\/03\/B8323E45-17F5-496E-9EA1-7E81BA319805-2-scaled.jpeg?resize=2048%2C2048&amp;ssl=1 2048w, https:\/\/i0.wp.com\/nessana-art.com\/wp-content\/uploads\/2022\/03\/B8323E45-17F5-496E-9EA1-7E81BA319805-2-scaled.jpeg?resize=12%2C12&amp;ssl=1 12w, https:\/\/i0.wp.com\/nessana-art.com\/wp-content\/uploads\/2022\/03\/B8323E45-17F5-496E-9EA1-7E81BA319805-2-scaled.jpeg?resize=24%2C24&amp;ssl=1 24w, https:\/\/i0.wp.com\/nessana-art.com\/wp-content\/uploads\/2022\/03\/B8323E45-17F5-496E-9EA1-7E81BA319805-2-scaled.jpeg?resize=36%2C36&amp;ssl=1 36w, https:\/\/i0.wp.com\/nessana-art.com\/wp-content\/uploads\/2022\/03\/B8323E45-17F5-496E-9EA1-7E81BA319805-2-scaled.jpeg?resize=48%2C48&amp;ssl=1 48w, https:\/\/i0.wp.com\/nessana-art.com\/wp-content\/uploads\/2022\/03\/B8323E45-17F5-496E-9EA1-7E81BA319805-2-scaled.jpeg?w=1738&amp;ssl=1 1738w\" sizes=\"(max-width: 869px) 100vw, 869px\" \/><\/figure><\/li><li class=\"wp-block-jetpack-slideshow_slide swiper-slide\"><figure><img data-recalc-dims=\"1\" loading=\"lazy\" decoding=\"async\" width=\"869\" height=\"869\" alt=\"\" class=\"wp-block-jetpack-slideshow_image wp-image-688\" data-id=\"688\" src=\"https:\/\/i0.wp.com\/nessana-art.com\/wp-content\/uploads\/2022\/03\/F82B0EE5-AA4C-48B3-90CC-5551723C4408-2.jpeg?resize=869%2C869&#038;ssl=1\" srcset=\"https:\/\/i0.wp.com\/nessana-art.com\/wp-content\/uploads\/2022\/03\/F82B0EE5-AA4C-48B3-90CC-5551723C4408-2-scaled.jpeg?resize=1024%2C1024&amp;ssl=1 1024w, https:\/\/i0.wp.com\/nessana-art.com\/wp-content\/uploads\/2022\/03\/F82B0EE5-AA4C-48B3-90CC-5551723C4408-2-scaled.jpeg?resize=300%2C300&amp;ssl=1 300w, https:\/\/i0.wp.com\/nessana-art.com\/wp-content\/uploads\/2022\/03\/F82B0EE5-AA4C-48B3-90CC-5551723C4408-2-scaled.jpeg?resize=150%2C150&amp;ssl=1 150w, https:\/\/i0.wp.com\/nessana-art.com\/wp-content\/uploads\/2022\/03\/F82B0EE5-AA4C-48B3-90CC-5551723C4408-2-scaled.jpeg?resize=768%2C768&amp;ssl=1 768w, https:\/\/i0.wp.com\/nessana-art.com\/wp-content\/uploads\/2022\/03\/F82B0EE5-AA4C-48B3-90CC-5551723C4408-2-scaled.jpeg?resize=1536%2C1536&amp;ssl=1 1536w, https:\/\/i0.wp.com\/nessana-art.com\/wp-content\/uploads\/2022\/03\/F82B0EE5-AA4C-48B3-90CC-5551723C4408-2-scaled.jpeg?resize=2048%2C2048&amp;ssl=1 2048w, https:\/\/i0.wp.com\/nessana-art.com\/wp-content\/uploads\/2022\/03\/F82B0EE5-AA4C-48B3-90CC-5551723C4408-2-scaled.jpeg?resize=12%2C12&amp;ssl=1 12w, https:\/\/i0.wp.com\/nessana-art.com\/wp-content\/uploads\/2022\/03\/F82B0EE5-AA4C-48B3-90CC-5551723C4408-2-scaled.jpeg?resize=24%2C24&amp;ssl=1 24w, https:\/\/i0.wp.com\/nessana-art.com\/wp-content\/uploads\/2022\/03\/F82B0EE5-AA4C-48B3-90CC-5551723C4408-2-scaled.jpeg?resize=36%2C36&amp;ssl=1 36w, https:\/\/i0.wp.com\/nessana-art.com\/wp-content\/uploads\/2022\/03\/F82B0EE5-AA4C-48B3-90CC-5551723C4408-2-scaled.jpeg?resize=48%2C48&amp;ssl=1 48w, https:\/\/i0.wp.com\/nessana-art.com\/wp-content\/uploads\/2022\/03\/F82B0EE5-AA4C-48B3-90CC-5551723C4408-2-scaled.jpeg?w=1738&amp;ssl=1 1738w\" sizes=\"(max-width: 869px) 100vw, 869px\" \/><\/figure><\/li><li class=\"wp-block-jetpack-slideshow_slide swiper-slide\"><figure><img data-recalc-dims=\"1\" loading=\"lazy\" decoding=\"async\" width=\"869\" height=\"869\" alt=\"\" class=\"wp-block-jetpack-slideshow_image wp-image-683\" data-id=\"683\" src=\"https:\/\/i0.wp.com\/nessana-art.com\/wp-content\/uploads\/2022\/03\/3810A8B5-80AF-4FC7-906F-A83E52395DB1-2.jpeg?resize=869%2C869&#038;ssl=1\" srcset=\"https:\/\/i0.wp.com\/nessana-art.com\/wp-content\/uploads\/2022\/03\/3810A8B5-80AF-4FC7-906F-A83E52395DB1-2-scaled.jpeg?resize=1024%2C1024&amp;ssl=1 1024w, https:\/\/i0.wp.com\/nessana-art.com\/wp-content\/uploads\/2022\/03\/3810A8B5-80AF-4FC7-906F-A83E52395DB1-2-scaled.jpeg?resize=300%2C300&amp;ssl=1 300w, https:\/\/i0.wp.com\/nessana-art.com\/wp-content\/uploads\/2022\/03\/3810A8B5-80AF-4FC7-906F-A83E52395DB1-2-scaled.jpeg?resize=150%2C150&amp;ssl=1 150w, https:\/\/i0.wp.com\/nessana-art.com\/wp-content\/uploads\/2022\/03\/3810A8B5-80AF-4FC7-906F-A83E52395DB1-2-scaled.jpeg?resize=768%2C768&amp;ssl=1 768w, https:\/\/i0.wp.com\/nessana-art.com\/wp-content\/uploads\/2022\/03\/3810A8B5-80AF-4FC7-906F-A83E52395DB1-2-scaled.jpeg?resize=1536%2C1536&amp;ssl=1 1536w, https:\/\/i0.wp.com\/nessana-art.com\/wp-content\/uploads\/2022\/03\/3810A8B5-80AF-4FC7-906F-A83E52395DB1-2-scaled.jpeg?resize=2048%2C2048&amp;ssl=1 2048w, https:\/\/i0.wp.com\/nessana-art.com\/wp-content\/uploads\/2022\/03\/3810A8B5-80AF-4FC7-906F-A83E52395DB1-2-scaled.jpeg?resize=12%2C12&amp;ssl=1 12w, https:\/\/i0.wp.com\/nessana-art.com\/wp-content\/uploads\/2022\/03\/3810A8B5-80AF-4FC7-906F-A83E52395DB1-2-scaled.jpeg?resize=24%2C24&amp;ssl=1 24w, https:\/\/i0.wp.com\/nessana-art.com\/wp-content\/uploads\/2022\/03\/3810A8B5-80AF-4FC7-906F-A83E52395DB1-2-scaled.jpeg?resize=36%2C36&amp;ssl=1 36w, https:\/\/i0.wp.com\/nessana-art.com\/wp-content\/uploads\/2022\/03\/3810A8B5-80AF-4FC7-906F-A83E52395DB1-2-scaled.jpeg?resize=48%2C48&amp;ssl=1 48w, https:\/\/i0.wp.com\/nessana-art.com\/wp-content\/uploads\/2022\/03\/3810A8B5-80AF-4FC7-906F-A83E52395DB1-2-scaled.jpeg?w=1738&amp;ssl=1 1738w\" sizes=\"(max-width: 869px) 100vw, 869px\" \/><\/figure><\/li><li class=\"wp-block-jetpack-slideshow_slide swiper-slide\"><figure><img data-recalc-dims=\"1\" loading=\"lazy\" decoding=\"async\" width=\"768\" height=\"1024\" alt=\"\" class=\"wp-block-jetpack-slideshow_image wp-image-690\" data-id=\"690\" src=\"https:\/\/i0.wp.com\/nessana-art.com\/wp-content\/uploads\/2022\/03\/448468CE-DD3D-4749-BD4D-1454A24F0FFD-2.jpeg?resize=768%2C1024&#038;ssl=1\" srcset=\"https:\/\/i0.wp.com\/nessana-art.com\/wp-content\/uploads\/2022\/03\/448468CE-DD3D-4749-BD4D-1454A24F0FFD-2-scaled.jpeg?resize=768%2C1024&amp;ssl=1 768w, https:\/\/i0.wp.com\/nessana-art.com\/wp-content\/uploads\/2022\/03\/448468CE-DD3D-4749-BD4D-1454A24F0FFD-2-scaled.jpeg?resize=225%2C300&amp;ssl=1 225w, https:\/\/i0.wp.com\/nessana-art.com\/wp-content\/uploads\/2022\/03\/448468CE-DD3D-4749-BD4D-1454A24F0FFD-2-scaled.jpeg?resize=1152%2C1536&amp;ssl=1 1152w, https:\/\/i0.wp.com\/nessana-art.com\/wp-content\/uploads\/2022\/03\/448468CE-DD3D-4749-BD4D-1454A24F0FFD-2-scaled.jpeg?resize=1536%2C2048&amp;ssl=1 1536w, https:\/\/i0.wp.com\/nessana-art.com\/wp-content\/uploads\/2022\/03\/448468CE-DD3D-4749-BD4D-1454A24F0FFD-2-scaled.jpeg?resize=9%2C12&amp;ssl=1 9w, https:\/\/i0.wp.com\/nessana-art.com\/wp-content\/uploads\/2022\/03\/448468CE-DD3D-4749-BD4D-1454A24F0FFD-2-scaled.jpeg?resize=18%2C24&amp;ssl=1 18w, https:\/\/i0.wp.com\/nessana-art.com\/wp-content\/uploads\/2022\/03\/448468CE-DD3D-4749-BD4D-1454A24F0FFD-2-scaled.jpeg?resize=27%2C36&amp;ssl=1 27w, https:\/\/i0.wp.com\/nessana-art.com\/wp-content\/uploads\/2022\/03\/448468CE-DD3D-4749-BD4D-1454A24F0FFD-2-scaled.jpeg?resize=36%2C48&amp;ssl=1 36w, https:\/\/i0.wp.com\/nessana-art.com\/wp-content\/uploads\/2022\/03\/448468CE-DD3D-4749-BD4D-1454A24F0FFD-2-scaled.jpeg?w=1920&amp;ssl=1 1920w, https:\/\/i0.wp.com\/nessana-art.com\/wp-content\/uploads\/2022\/03\/448468CE-DD3D-4749-BD4D-1454A24F0FFD-2-scaled.jpeg?w=1738&amp;ssl=1 1738w\" sizes=\"(max-width: 768px) 100vw, 768px\" \/><\/figure><\/li><li class=\"wp-block-jetpack-slideshow_slide swiper-slide\"><figure><img data-recalc-dims=\"1\" loading=\"lazy\" decoding=\"async\" width=\"844\" height=\"1024\" alt=\"\" class=\"wp-block-jetpack-slideshow_image wp-image-686\" data-id=\"686\" src=\"https:\/\/i0.wp.com\/nessana-art.com\/wp-content\/uploads\/2022\/03\/D7E31520-001E-4EAB-84F9-491A3ACD2325-2.jpeg?resize=844%2C1024&#038;ssl=1\" srcset=\"https:\/\/i0.wp.com\/nessana-art.com\/wp-content\/uploads\/2022\/03\/D7E31520-001E-4EAB-84F9-491A3ACD2325-2-scaled.jpeg?resize=844%2C1024&amp;ssl=1 844w, https:\/\/i0.wp.com\/nessana-art.com\/wp-content\/uploads\/2022\/03\/D7E31520-001E-4EAB-84F9-491A3ACD2325-2-scaled.jpeg?resize=247%2C300&amp;ssl=1 247w, https:\/\/i0.wp.com\/nessana-art.com\/wp-content\/uploads\/2022\/03\/D7E31520-001E-4EAB-84F9-491A3ACD2325-2-scaled.jpeg?resize=768%2C932&amp;ssl=1 768w, https:\/\/i0.wp.com\/nessana-art.com\/wp-content\/uploads\/2022\/03\/D7E31520-001E-4EAB-84F9-491A3ACD2325-2-scaled.jpeg?resize=1266%2C1536&amp;ssl=1 1266w, https:\/\/i0.wp.com\/nessana-art.com\/wp-content\/uploads\/2022\/03\/D7E31520-001E-4EAB-84F9-491A3ACD2325-2-scaled.jpeg?resize=1688%2C2048&amp;ssl=1 1688w, https:\/\/i0.wp.com\/nessana-art.com\/wp-content\/uploads\/2022\/03\/D7E31520-001E-4EAB-84F9-491A3ACD2325-2-scaled.jpeg?resize=10%2C12&amp;ssl=1 10w, https:\/\/i0.wp.com\/nessana-art.com\/wp-content\/uploads\/2022\/03\/D7E31520-001E-4EAB-84F9-491A3ACD2325-2-scaled.jpeg?resize=20%2C24&amp;ssl=1 20w, https:\/\/i0.wp.com\/nessana-art.com\/wp-content\/uploads\/2022\/03\/D7E31520-001E-4EAB-84F9-491A3ACD2325-2-scaled.jpeg?resize=30%2C36&amp;ssl=1 30w, https:\/\/i0.wp.com\/nessana-art.com\/wp-content\/uploads\/2022\/03\/D7E31520-001E-4EAB-84F9-491A3ACD2325-2-scaled.jpeg?resize=40%2C48&amp;ssl=1 40w, https:\/\/i0.wp.com\/nessana-art.com\/wp-content\/uploads\/2022\/03\/D7E31520-001E-4EAB-84F9-491A3ACD2325-2-scaled.jpeg?w=1738&amp;ssl=1 1738w\" sizes=\"(max-width: 844px) 100vw, 844px\" \/><\/figure><\/li><\/ul><a class=\"wp-block-jetpack-slideshow_button-prev swiper-button-prev swiper-button-white\" role=\"button\"><\/a><a class=\"wp-block-jetpack-slideshow_button-next swiper-button-next swiper-button-white\" role=\"button\"><\/a><a aria-label=\"Pause Slideshow\" class=\"wp-block-jetpack-slideshow_button-pause\" role=\"button\"><\/a><div class=\"wp-block-jetpack-slideshow_pagination swiper-pagination swiper-pagination-white\"><\/div><\/div><\/div>\n\n\n\n<div class=\"wp-block-buttons is-layout-flex wp-block-buttons-is-layout-flex\">\n<div class=\"wp-block-button has-custom-width wp-block-button__width-100 is-style-outline is-style-outline--1\"><a class=\"wp-block-button__link has-text-color has-background\" href=\"https:\/\/nessana-art.com\/en\/contact\/\" style=\"border-radius:5px;background-color:#efefef;color:#349bb5\">price-\/purchase request<\/a><\/div>\n<\/div>\n\n\n\n<p><br><\/p>\n\n\n\n<p class=\"has-text-align-center\">&#8222;<strong>Bo<\/strong>&nbsp;is part of the Natural Beauties collection. He is a size 60 x 70 cm and painted with acrylic paint on canvas.<br>I focused on background colours, that showed some natural vibes but also managed to reflect curiousity and cuteness.&nbsp;<br>Bo himself is shown a little hungry and his curious look into the viewers eyes makes you want to get to know him better.&nbsp;<\/p>\n\n\n\n<p><\/p>\n\n\n\n<p class=\"has-text-align-center\"><br>Curious about more? If you want to get regular insights on origins, backgrounds and inspirations you can go to the <a href=\"https:\/\/nessana-art.com\/en\/\">homepage<\/a> and sign up for the newsletter.<\/p>","protected":false},"excerpt":{"rendered":"<p>Beauties of Nature Bo, Acryl auf Leinwand, 60 x 70 cm &#8222;Bo&nbsp;ist Teil der Natural Beauties Kollektion. Er ist 60 x 70 cm gro\u00df und mit Acrylfarbe auf Leinwand gemalt.Bei den Hintergrundfarben habe ich mich auf T\u00f6ne fokussiert, die zum einen Nat\u00fcrlichkeit mit sich bringen und zum anderen auch in der Lage sind Neugier und&hellip;<\/p>","protected":false},"author":1,"featured_media":0,"parent":0,"menu_order":0,"comment_status":"closed","ping_status":"closed","template":"","meta":{"footnotes":""},"class_list":["post-678","page","type-page","status-publish","hentry","no-post-thumbnail","post-grid-3-col","entry"],"jetpack_sharing_enabled":true,"_links":{"self":[{"href":"https:\/\/nessana-art.com\/en\/wp-json\/wp\/v2\/pages\/678","targetHints":{"allow":["GET"]}}],"collection":[{"href":"https:\/\/nessana-art.com\/en\/wp-json\/wp\/v2\/pages"}],"about":[{"href":"https:\/\/nessana-art.com\/en\/wp-json\/wp\/v2\/types\/page"}],"author":[{"embeddable":true,"href":"https:\/\/nessana-art.com\/en\/wp-json\/wp\/v2\/users\/1"}],"replies":[{"embeddable":true,"href":"https:\/\/nessana-art.com\/en\/wp-json\/wp\/v2\/comments?post=678"}],"version-history":[{"count":3,"href":"https:\/\/nessana-art.com\/en\/wp-json\/wp\/v2\/pages\/678\/revisions"}],"predecessor-version":[{"id":1223,"href":"https:\/\/nessana-art.com\/en\/wp-json\/wp\/v2\/pages\/678\/revisions\/1223"}],"wp:attachment":[{"href":"https:\/\/nessana-art.com\/en\/wp-json\/wp\/v2\/media?parent=678"}],"curies":[{"name":"wp","href":"https:\/\/api.w.org\/{rel}","templated":true}]}}