{"id":38,"date":"2022-02-20T15:31:17","date_gmt":"2022-02-20T14:31:17","guid":{"rendered":"https:\/\/nessana-art.com\/?page_id=38"},"modified":"2023-03-12T10:39:37","modified_gmt":"2023-03-12T09:39:37","slug":"impressum","status":"publish","type":"page","link":"https:\/\/nessana-art.com\/en\/impressum\/","title":{"rendered":"legal notice"},"content":{"rendered":"<p>Verantwortlich i.S. der \u00a7\u00a7 5 TMG u. \u00a7 55 RStV ist<br><br>Vanessa Nafzger<br>NESSA\u00d1A<br>ehemals Nafzger Design <br><br>c\/o Werneburg Internet Marketing und Publikations-Service<br>Philipp-K\u00fchner-Stra\u00dfe 2<br>99817 Eisenach<\/p>\n\n\n\n<p>Versandadresse: Norderstedt<br>Genaue Adresse bitte anfragen. <\/p>\n\n\n\n<p>Domain: www.nessana-art.com<br>e-mail: contact@nessana-art.com<\/p>\n\n\n\n<p>\u200b<\/p>\n\n\n\n<p>Pers\u00f6nliche Fotos kreiert von <a rel=\"noreferrer noopener\" href=\"https:\/\/photoclub-hamburg.com\/\" target=\"_blank\">Dirk<\/a> und&nbsp;<a rel=\"noreferrer noopener\" href=\"https:\/\/www.handcraftedphotos.com\/\" target=\"_blank\">Sandra<\/a>.<\/p>\n\n\n\n<p>Mit technischer Unterst\u00fctzung von <a rel=\"noreferrer noopener\" href=\"https:\/\/www.splintnet.de\/\" data-type=\"URL\" data-id=\"https:\/\/www.splintnet.de\/\" target=\"_blank\">Splintnet<\/a>. <br><\/p>\n\n\n\n<p><br><\/p>\n\n\n\n<p><strong>DISCLAIMER<\/strong><\/p>\n\n\n\n<p>1. Warnhinweise zu Inhalten und Verlinkungen: &nbsp; &nbsp; &nbsp; &nbsp; &nbsp; &nbsp; &nbsp; &nbsp; &nbsp; &nbsp; &nbsp; &nbsp; &nbsp; &nbsp; &nbsp; &nbsp; &nbsp; &nbsp; &nbsp; &nbsp; &nbsp; &nbsp; &nbsp; &nbsp; &nbsp; &nbsp; &nbsp; &nbsp; &nbsp; &nbsp; &nbsp; &nbsp; &nbsp; &nbsp; &nbsp; &nbsp; &nbsp; &nbsp; &nbsp; &nbsp; &nbsp; &nbsp; &nbsp; &nbsp; &nbsp; &nbsp; &nbsp; &nbsp; &nbsp; &nbsp; &nbsp; &nbsp; &nbsp; &nbsp; &nbsp; &nbsp; &nbsp; &nbsp; &nbsp; &nbsp; &nbsp; &nbsp; &nbsp; &nbsp; &nbsp;<\/p>\n\n\n\n<p>Die kostenlosen und frei zug\u00e4nglichen Inhalte dieser Website wurden mit gr\u00f6\u00dfter Sorgfalt erstellt. F\u00fcr die Richtigkeit, Vollst\u00e4ndigkeit und Aktualit\u00e4t der Inhalte kann jedoch keine Gew\u00e4hr \u00fcbernommen werden.<\/p>\n\n\n\n<p>Die Website enth\u00e4lt ggf. Verlinkungen zu anderen Websites (\u201cexterne Links\u201d), f\u00fcr deren Richtigkeit und Aktualit\u00e4t keine Verantwortung oder Gew\u00e4hr \u00fcbernommen wird. Diese Websites unterliegen der Haftung der jeweiligen Seitenbetreiber. Zum Zeitpunkt der Verkn\u00fcpfung externer Links mit der Website von Nessa\u00f1a waren keine dortigen Rechtsverst\u00f6\u00dfe ersichtlich. Auf die aktuelle und k\u00fcnftige Gestaltung der verlinkten Seiten hat Nessa\u00f1a keinen Einfluss. Die permanente \u00dcberpr\u00fcfung der externen Links ist ohne konkrete Hinweise auf Rechtsverst\u00f6\u00dfe nicht zumutbar. Bei Bekanntwerden von Rechtsverst\u00f6\u00dfen werden die betroffenen externen Links selbstverst\u00e4ndlich sofort gel\u00f6scht.&nbsp;Die Nutzung dieser Websiteinhalte erfolgt auf eigene Gefahr. &nbsp; &nbsp; &nbsp; &nbsp;&nbsp; &nbsp; &nbsp; &nbsp; &nbsp; &nbsp; &nbsp; &nbsp; &nbsp; &nbsp; &nbsp; &nbsp; &nbsp; &nbsp; &nbsp; &nbsp; &nbsp; &nbsp; &nbsp; &nbsp; &nbsp; &nbsp; &nbsp; &nbsp; &nbsp; &nbsp; &nbsp; &nbsp; &nbsp; &nbsp; &nbsp; &nbsp; &nbsp; &nbsp; &nbsp; &nbsp; &nbsp;&nbsp; &nbsp; &nbsp; &nbsp; &nbsp; &nbsp; &nbsp; &nbsp; &nbsp; &nbsp; &nbsp; &nbsp; &nbsp; &nbsp; &nbsp; &nbsp; &nbsp; &nbsp; &nbsp; &nbsp; &nbsp;<\/p>\n\n\n\n<p>2. Hinweise zum Urheberrecht \/ Leistungsschutzrecht: &nbsp; &nbsp; &nbsp; &nbsp; &nbsp; &nbsp; &nbsp; &nbsp; &nbsp; &nbsp; &nbsp; &nbsp; &nbsp; &nbsp; &nbsp; &nbsp; &nbsp; &nbsp; &nbsp; &nbsp; &nbsp; &nbsp; &nbsp; &nbsp; &nbsp; &nbsp; &nbsp; &nbsp; &nbsp; &nbsp; &nbsp; &nbsp; &nbsp; &nbsp; &nbsp; &nbsp; &nbsp; &nbsp; &nbsp; &nbsp; &nbsp; &nbsp; &nbsp;<\/p>\n\n\n\n<p>Die auf dieser Website durch Nessa\u00f1a ver\u00f6ffentlichten Inhalte unterliegen dem deutschen Urheberrecht und Leistungsschutzrecht. Alle vom deutschen Urheber- und Leistungsschutzrecht nicht zugelassenen Verwertungen bedarf deshalb ausdr\u00fccklich der vorherigen schriftlichen Zustimmung von Vanessa Nafzger (Nessa\u00f1a) oder der des jeweiligen Rechteinhabers. Dies gilt vor allem f\u00fcr Vervielf\u00e4ltigung, Bearbeitung, \u00dcbersetzung, Einspeicherung, Verarbeitung bzw. Wiedergabe von Inhalten in Datenbanken oder anderen elektronischen Medien und Systemen. Dabei sind Inhalte und Rechte Dritter als solche gekennzeichnet. Das unerlaubte Kopieren der Webseiteninhalte oder der kompletten Website ist nicht gestattet und strafbar. &nbsp;&nbsp; &nbsp; &nbsp; &nbsp; &nbsp; &nbsp; &nbsp; &nbsp; &nbsp; &nbsp; &nbsp; &nbsp; &nbsp; &nbsp; &nbsp; &nbsp; &nbsp; &nbsp; &nbsp; &nbsp; &nbsp; &nbsp; &nbsp; &nbsp; &nbsp; &nbsp; &nbsp; &nbsp; &nbsp; &nbsp; &nbsp; &nbsp; &nbsp; &nbsp; &nbsp; &nbsp; &nbsp; &nbsp; &nbsp; &nbsp; &nbsp; &nbsp; &nbsp; &nbsp; &nbsp; &nbsp; &nbsp; &nbsp; &nbsp; &nbsp; &nbsp; &nbsp; &nbsp; &nbsp; &nbsp; &nbsp; &nbsp; &nbsp; &nbsp; &nbsp; &nbsp; &nbsp; &nbsp; &nbsp; &nbsp; &nbsp; &nbsp; &nbsp; &nbsp; &nbsp; &nbsp; &nbsp; &nbsp; &nbsp; &nbsp; &nbsp; &nbsp; &nbsp; &nbsp; &nbsp; &nbsp; &nbsp;<\/p>\n\n\n\n<p>3. Hinweise zu Werbung:&nbsp; &nbsp; &nbsp; &nbsp; &nbsp; &nbsp; &nbsp; &nbsp; &nbsp; &nbsp; &nbsp; &nbsp; &nbsp; &nbsp; &nbsp; &nbsp; &nbsp; &nbsp; &nbsp; &nbsp; &nbsp; &nbsp; &nbsp; &nbsp; &nbsp; &nbsp; &nbsp; &nbsp; &nbsp; &nbsp; &nbsp; &nbsp; &nbsp; &nbsp; &nbsp; &nbsp; &nbsp; &nbsp; &nbsp; &nbsp; &nbsp; &nbsp; &nbsp; &nbsp; &nbsp; &nbsp; &nbsp; &nbsp; &nbsp; &nbsp; &nbsp; &nbsp; &nbsp; &nbsp; &nbsp; &nbsp; &nbsp; &nbsp; &nbsp; &nbsp; &nbsp; &nbsp; &nbsp; &nbsp; &nbsp; &nbsp; &nbsp; &nbsp; &nbsp; &nbsp; &nbsp;<\/p>\n\n\n\n<p>Die Verwendung der Kontaktdaten des Impressums zur gewerblichen Werbung ist ausdr\u00fccklich nicht erw\u00fcnscht, es sei denn, es wurde zuvor die schriftliche Einwilligung erteilt oder es besteht bereits eine Gesch\u00e4ftsbeziehung. Vanessa Nafzger (Nessa\u00f1a) sowie alle auf dieser Website genannten Personen widersprechen hiermit jeder kommerziellen Verwendung und Weitergabe ihrer Daten. &nbsp; &nbsp; &nbsp; &nbsp; &nbsp; &nbsp; &nbsp; &nbsp; &nbsp; &nbsp; &nbsp; &nbsp; &nbsp; &nbsp; &nbsp; &nbsp; &nbsp; &nbsp; &nbsp; &nbsp; &nbsp; &nbsp; &nbsp; &nbsp;<\/p>","protected":false},"excerpt":{"rendered":"<p>Verantwortlich i.S. der \u00a7\u00a7 5 TMG u. \u00a7 55 RStV ist Vanessa NafzgerNESSA\u00d1Aehemals Nafzger Design c\/o Werneburg Internet Marketing und Publikations-ServicePhilipp-K\u00fchner-Stra\u00dfe 299817 Eisenach Versandadresse: NorderstedtGenaue Adresse bitte anfragen. Domain: www.nessana-art.comE-Mail: contact@nessana-art.com \u200b Pers\u00f6nliche Fotos kreiert von Dirk und&nbsp;Sandra. Mit technischer Unterst\u00fctzung von Splintnet. DISCLAIMER 1. Warnhinweise zu Inhalten und Verlinkungen: &nbsp; &nbsp; &nbsp; &nbsp; &nbsp;&hellip;<\/p>","protected":false},"author":1,"featured_media":0,"parent":0,"menu_order":0,"comment_status":"closed","ping_status":"closed","template":"","meta":{"footnotes":""},"class_list":["post-38","page","type-page","status-publish","hentry","no-post-thumbnail","post-grid-3-col","entry"],"jetpack_sharing_enabled":true,"_links":{"self":[{"href":"https:\/\/nessana-art.com\/en\/wp-json\/wp\/v2\/pages\/38","targetHints":{"allow":["GET"]}}],"collection":[{"href":"https:\/\/nessana-art.com\/en\/wp-json\/wp\/v2\/pages"}],"about":[{"href":"https:\/\/nessana-art.com\/en\/wp-json\/wp\/v2\/types\/page"}],"author":[{"embeddable":true,"href":"https:\/\/nessana-art.com\/en\/wp-json\/wp\/v2\/users\/1"}],"replies":[{"embeddable":true,"href":"https:\/\/nessana-art.com\/en\/wp-json\/wp\/v2\/comments?post=38"}],"version-history":[{"count":8,"href":"https:\/\/nessana-art.com\/en\/wp-json\/wp\/v2\/pages\/38\/revisions"}],"predecessor-version":[{"id":1473,"href":"https:\/\/nessana-art.com\/en\/wp-json\/wp\/v2\/pages\/38\/revisions\/1473"}],"wp:attachment":[{"href":"https:\/\/nessana-art.com\/en\/wp-json\/wp\/v2\/media?parent=38"}],"curies":[{"name":"wp","href":"https:\/\/api.w.org\/{rel}","templated":true}]}}