{"id":1986,"date":"2024-05-02T10:58:47","date_gmt":"2024-05-02T08:58:47","guid":{"rendered":"https:\/\/nessana-art.com\/?page_id=1986"},"modified":"2024-05-02T11:09:10","modified_gmt":"2024-05-02T09:09:10","slug":"her","status":"publish","type":"page","link":"https:\/\/nessana-art.com\/en\/her\/","title":{"rendered":""},"content":{"rendered":"<h2 class=\"wp-block-heading has-text-align-center\"><strong>Voices<\/strong><\/h2>\n\n\n\n<p><br><\/p>\n\n\n\n<h2 class=\"wp-block-heading has-text-align-center\" id=\"jonte-acryl-auf-leinwand-50-x-50-cm\">Her, acrylic paint and markers on canvas, <br>70 x 50 cm <\/h2>\n\n\n\n<div class=\"wp-block-jetpack-slideshow aligncenter\" data-autoplay=\"true\" data-delay=\"4\" data-effect=\"slide\"><div class=\"wp-block-jetpack-slideshow_container swiper-container\"><ul class=\"wp-block-jetpack-slideshow_swiper-wrapper swiper-wrapper\"><li class=\"wp-block-jetpack-slideshow_slide swiper-slide\"><figure><img data-recalc-dims=\"1\" loading=\"lazy\" decoding=\"async\" width=\"869\" height=\"614\" alt=\"\" class=\"wp-block-jetpack-slideshow_image wp-image-1984\" data-id=\"1984\" src=\"https:\/\/i0.wp.com\/nessana-art.com\/wp-content\/uploads\/2024\/05\/Her-c-Nessana.jpg?resize=869%2C614&#038;ssl=1\" srcset=\"https:\/\/i0.wp.com\/nessana-art.com\/wp-content\/uploads\/2024\/05\/Her-c-Nessana-scaled.jpg?resize=1024%2C724&amp;ssl=1 1024w, https:\/\/i0.wp.com\/nessana-art.com\/wp-content\/uploads\/2024\/05\/Her-c-Nessana-scaled.jpg?resize=300%2C212&amp;ssl=1 300w, https:\/\/i0.wp.com\/nessana-art.com\/wp-content\/uploads\/2024\/05\/Her-c-Nessana-scaled.jpg?resize=768%2C543&amp;ssl=1 768w, https:\/\/i0.wp.com\/nessana-art.com\/wp-content\/uploads\/2024\/05\/Her-c-Nessana-scaled.jpg?resize=1536%2C1086&amp;ssl=1 1536w, https:\/\/i0.wp.com\/nessana-art.com\/wp-content\/uploads\/2024\/05\/Her-c-Nessana-scaled.jpg?resize=2048%2C1449&amp;ssl=1 2048w, https:\/\/i0.wp.com\/nessana-art.com\/wp-content\/uploads\/2024\/05\/Her-c-Nessana-scaled.jpg?resize=18%2C12&amp;ssl=1 18w, https:\/\/i0.wp.com\/nessana-art.com\/wp-content\/uploads\/2024\/05\/Her-c-Nessana-scaled.jpg?resize=24%2C17&amp;ssl=1 24w, https:\/\/i0.wp.com\/nessana-art.com\/wp-content\/uploads\/2024\/05\/Her-c-Nessana-scaled.jpg?resize=36%2C25&amp;ssl=1 36w, https:\/\/i0.wp.com\/nessana-art.com\/wp-content\/uploads\/2024\/05\/Her-c-Nessana-scaled.jpg?resize=48%2C34&amp;ssl=1 48w, https:\/\/i0.wp.com\/nessana-art.com\/wp-content\/uploads\/2024\/05\/Her-c-Nessana-scaled.jpg?w=1738&amp;ssl=1 1738w\" sizes=\"(max-width: 869px) 100vw, 869px\" \/><\/figure><\/li><li class=\"wp-block-jetpack-slideshow_slide swiper-slide\"><figure><img data-recalc-dims=\"1\" loading=\"lazy\" decoding=\"async\" width=\"869\" height=\"869\" alt=\"\" class=\"wp-block-jetpack-slideshow_image wp-image-1983\" data-id=\"1983\" src=\"https:\/\/i0.wp.com\/nessana-art.com\/wp-content\/uploads\/2024\/05\/20230303_163842.jpg?resize=869%2C869&#038;ssl=1\" srcset=\"https:\/\/i0.wp.com\/nessana-art.com\/wp-content\/uploads\/2024\/05\/20230303_163842-scaled.jpg?resize=1024%2C1024&amp;ssl=1 1024w, https:\/\/i0.wp.com\/nessana-art.com\/wp-content\/uploads\/2024\/05\/20230303_163842-scaled.jpg?resize=300%2C300&amp;ssl=1 300w, https:\/\/i0.wp.com\/nessana-art.com\/wp-content\/uploads\/2024\/05\/20230303_163842-scaled.jpg?resize=150%2C150&amp;ssl=1 150w, https:\/\/i0.wp.com\/nessana-art.com\/wp-content\/uploads\/2024\/05\/20230303_163842-scaled.jpg?resize=768%2C768&amp;ssl=1 768w, https:\/\/i0.wp.com\/nessana-art.com\/wp-content\/uploads\/2024\/05\/20230303_163842-scaled.jpg?resize=1536%2C1536&amp;ssl=1 1536w, https:\/\/i0.wp.com\/nessana-art.com\/wp-content\/uploads\/2024\/05\/20230303_163842-scaled.jpg?resize=2048%2C2048&amp;ssl=1 2048w, https:\/\/i0.wp.com\/nessana-art.com\/wp-content\/uploads\/2024\/05\/20230303_163842-scaled.jpg?resize=12%2C12&amp;ssl=1 12w, https:\/\/i0.wp.com\/nessana-art.com\/wp-content\/uploads\/2024\/05\/20230303_163842-scaled.jpg?resize=24%2C24&amp;ssl=1 24w, https:\/\/i0.wp.com\/nessana-art.com\/wp-content\/uploads\/2024\/05\/20230303_163842-scaled.jpg?resize=36%2C36&amp;ssl=1 36w, https:\/\/i0.wp.com\/nessana-art.com\/wp-content\/uploads\/2024\/05\/20230303_163842-scaled.jpg?resize=48%2C48&amp;ssl=1 48w, https:\/\/i0.wp.com\/nessana-art.com\/wp-content\/uploads\/2024\/05\/20230303_163842-scaled.jpg?w=1738&amp;ssl=1 1738w\" sizes=\"(max-width: 869px) 100vw, 869px\" \/><\/figure><\/li><li class=\"wp-block-jetpack-slideshow_slide swiper-slide\"><figure><img data-recalc-dims=\"1\" loading=\"lazy\" decoding=\"async\" width=\"869\" height=\"869\" alt=\"\" class=\"wp-block-jetpack-slideshow_image wp-image-1982\" data-id=\"1982\" src=\"https:\/\/i0.wp.com\/nessana-art.com\/wp-content\/uploads\/2024\/05\/20230303_163823.jpg?resize=869%2C869&#038;ssl=1\" srcset=\"https:\/\/i0.wp.com\/nessana-art.com\/wp-content\/uploads\/2024\/05\/20230303_163823-scaled.jpg?resize=1024%2C1024&amp;ssl=1 1024w, https:\/\/i0.wp.com\/nessana-art.com\/wp-content\/uploads\/2024\/05\/20230303_163823-scaled.jpg?resize=300%2C300&amp;ssl=1 300w, https:\/\/i0.wp.com\/nessana-art.com\/wp-content\/uploads\/2024\/05\/20230303_163823-scaled.jpg?resize=150%2C150&amp;ssl=1 150w, https:\/\/i0.wp.com\/nessana-art.com\/wp-content\/uploads\/2024\/05\/20230303_163823-scaled.jpg?resize=768%2C768&amp;ssl=1 768w, https:\/\/i0.wp.com\/nessana-art.com\/wp-content\/uploads\/2024\/05\/20230303_163823-scaled.jpg?resize=1536%2C1536&amp;ssl=1 1536w, https:\/\/i0.wp.com\/nessana-art.com\/wp-content\/uploads\/2024\/05\/20230303_163823-scaled.jpg?resize=2048%2C2048&amp;ssl=1 2048w, https:\/\/i0.wp.com\/nessana-art.com\/wp-content\/uploads\/2024\/05\/20230303_163823-scaled.jpg?resize=12%2C12&amp;ssl=1 12w, https:\/\/i0.wp.com\/nessana-art.com\/wp-content\/uploads\/2024\/05\/20230303_163823-scaled.jpg?resize=24%2C24&amp;ssl=1 24w, https:\/\/i0.wp.com\/nessana-art.com\/wp-content\/uploads\/2024\/05\/20230303_163823-scaled.jpg?resize=36%2C36&amp;ssl=1 36w, https:\/\/i0.wp.com\/nessana-art.com\/wp-content\/uploads\/2024\/05\/20230303_163823-scaled.jpg?resize=48%2C48&amp;ssl=1 48w, https:\/\/i0.wp.com\/nessana-art.com\/wp-content\/uploads\/2024\/05\/20230303_163823-scaled.jpg?w=1738&amp;ssl=1 1738w\" sizes=\"(max-width: 869px) 100vw, 869px\" \/><\/figure><\/li><li class=\"wp-block-jetpack-slideshow_slide swiper-slide\"><figure><img data-recalc-dims=\"1\" loading=\"lazy\" decoding=\"async\" width=\"869\" height=\"869\" alt=\"\" class=\"wp-block-jetpack-slideshow_image wp-image-1985\" data-id=\"1985\" src=\"https:\/\/i0.wp.com\/nessana-art.com\/wp-content\/uploads\/2024\/05\/plant-on-wooden-drawers.jpg?resize=869%2C869&#038;ssl=1\" srcset=\"https:\/\/i0.wp.com\/nessana-art.com\/wp-content\/uploads\/2024\/05\/plant-on-wooden-drawers.jpg?resize=1024%2C1024&amp;ssl=1 1024w, https:\/\/i0.wp.com\/nessana-art.com\/wp-content\/uploads\/2024\/05\/plant-on-wooden-drawers.jpg?resize=300%2C300&amp;ssl=1 300w, https:\/\/i0.wp.com\/nessana-art.com\/wp-content\/uploads\/2024\/05\/plant-on-wooden-drawers.jpg?resize=150%2C150&amp;ssl=1 150w, https:\/\/i0.wp.com\/nessana-art.com\/wp-content\/uploads\/2024\/05\/plant-on-wooden-drawers.jpg?resize=768%2C769&amp;ssl=1 768w, https:\/\/i0.wp.com\/nessana-art.com\/wp-content\/uploads\/2024\/05\/plant-on-wooden-drawers.jpg?resize=12%2C12&amp;ssl=1 12w, https:\/\/i0.wp.com\/nessana-art.com\/wp-content\/uploads\/2024\/05\/plant-on-wooden-drawers.jpg?resize=24%2C24&amp;ssl=1 24w, https:\/\/i0.wp.com\/nessana-art.com\/wp-content\/uploads\/2024\/05\/plant-on-wooden-drawers.jpg?resize=36%2C36&amp;ssl=1 36w, https:\/\/i0.wp.com\/nessana-art.com\/wp-content\/uploads\/2024\/05\/plant-on-wooden-drawers.jpg?resize=48%2C48&amp;ssl=1 48w, https:\/\/i0.wp.com\/nessana-art.com\/wp-content\/uploads\/2024\/05\/plant-on-wooden-drawers.jpg?w=1500&amp;ssl=1 1500w\" sizes=\"(max-width: 869px) 100vw, 869px\" \/><\/figure><\/li><\/ul><a class=\"wp-block-jetpack-slideshow_button-prev swiper-button-prev swiper-button-white\" role=\"button\"><\/a><a class=\"wp-block-jetpack-slideshow_button-next swiper-button-next swiper-button-white\" role=\"button\"><\/a><a aria-label=\"Pause Slideshow\" class=\"wp-block-jetpack-slideshow_button-pause\" role=\"button\"><\/a><div class=\"wp-block-jetpack-slideshow_pagination swiper-pagination swiper-pagination-white\"><\/div><\/div><\/div>\n\n\n\n<div class=\"wp-block-buttons is-layout-flex wp-block-buttons-is-layout-flex\">\n<div class=\"wp-block-button has-custom-width wp-block-button__width-100 is-style-outline is-style-outline--1\"><a class=\"wp-block-button__link has-text-color has-background wp-element-button\" href=\"https:\/\/nessana-art.com\/en\/contact\/\" style=\"border-radius:5px;color:#349bb5;background-color:#efefef\">price-\/purchase request<\/a><\/div>\n<\/div>\n\n\n\n<p><\/p>\n\n\n\n<p class=\"has-text-align-center\">&#8222;<strong>Her<\/strong>&nbsp;portr\u00e4tiert Selbstvertrauen, St\u00e4rke und mit sich selber im Einklang zu sein. Sie fordert dazu auf, stolz auf das zu sein, was man selber erreicht hat und auch auf das, was man noch erreichen wird.&#8220;<\/p>\n\n\n\n<p class=\"has-text-align-center\">The artwork <strong>Her<\/strong> wurde 2023 im Rahmen der Ausstellung &#8222;Frauen im Iran &#8211; eine Welt voller Verbote&#8220; ausgestellt. Die Botschaft hinter diesem Werk steht im vollen Widerspruch zur Eingrenzung, Unterdr\u00fcckung und aktuellen Situation der Frauen im Iran und zeigt deswegen ziemlich eindr\u00fccklich die \u201eWelt voller Verbote\u201c. Auch dass das Gesicht von \u201eHer\u201c nicht vollst\u00e4ndig zu sehen ist, kommt beiden Botschaften zu Gute: Fast jede Frau kann sich, wenn sie m\u00f6chte, mit der urspr\u00fcnglichen Botschaft identifizieren und daraus Inspiration und St\u00e4rke sch\u00f6pfen. Im Kontext des Irans hei\u00dft es aber auch: Wie viel von mir kann ich pr\u00e4sentieren? Wie viel meiner Individualit\u00e4t geht verloren?<\/p>\n\n\n\n<p class=\"has-text-align-center\"><br>Curious about more? If you want to get regular insights on origins, backgrounds and inspirations you can go to the <a href=\"https:\/\/nessana-art.com\/en\/\">homepage<\/a> and sign up for the newsletter.<\/p>","protected":false},"excerpt":{"rendered":"<p>Voices Her, Acrylfarbe &amp; -marker auf Leinwand, 70 x 50 cm &#8222;Her&nbsp;portr\u00e4tiert Selbstvertrauen, St\u00e4rke und mit sich selber im Einklang zu sein. Sie fordert dazu auf, stolz auf das zu sein, was man selber erreicht hat und auch auf das, was man noch erreichen wird.&#8220; Das Kunstwerk Her wurde 2023 im Rahmen der Ausstellung &#8222;Frauen&hellip;<\/p>","protected":false},"author":1,"featured_media":0,"parent":0,"menu_order":0,"comment_status":"closed","ping_status":"closed","template":"","meta":{"footnotes":""},"class_list":["post-1986","page","type-page","status-publish","hentry","no-post-thumbnail","post-grid-3-col","entry"],"jetpack_sharing_enabled":true,"_links":{"self":[{"href":"https:\/\/nessana-art.com\/en\/wp-json\/wp\/v2\/pages\/1986","targetHints":{"allow":["GET"]}}],"collection":[{"href":"https:\/\/nessana-art.com\/en\/wp-json\/wp\/v2\/pages"}],"about":[{"href":"https:\/\/nessana-art.com\/en\/wp-json\/wp\/v2\/types\/page"}],"author":[{"embeddable":true,"href":"https:\/\/nessana-art.com\/en\/wp-json\/wp\/v2\/users\/1"}],"replies":[{"embeddable":true,"href":"https:\/\/nessana-art.com\/en\/wp-json\/wp\/v2\/comments?post=1986"}],"version-history":[{"count":2,"href":"https:\/\/nessana-art.com\/en\/wp-json\/wp\/v2\/pages\/1986\/revisions"}],"predecessor-version":[{"id":2000,"href":"https:\/\/nessana-art.com\/en\/wp-json\/wp\/v2\/pages\/1986\/revisions\/2000"}],"wp:attachment":[{"href":"https:\/\/nessana-art.com\/en\/wp-json\/wp\/v2\/media?parent=1986"}],"curies":[{"name":"wp","href":"https:\/\/api.w.org\/{rel}","templated":true}]}}