{"id":1780,"date":"2023-12-02T09:04:06","date_gmt":"2023-12-02T08:04:06","guid":{"rendered":"https:\/\/nessana-art.com\/?page_id=1780"},"modified":"2023-12-03T09:23:38","modified_gmt":"2023-12-03T08:23:38","slug":"spreadshirt","status":"publish","type":"page","link":"https:\/\/nessana-art.com\/en\/spreadshirt\/","title":{"rendered":""},"content":{"rendered":"<div class=\"wp-block-columns is-layout-flex wp-container-core-columns-is-layout-9d6595d7 wp-block-columns-is-layout-flex\">\n<div class=\"wp-block-column is-layout-flow wp-block-column-is-layout-flow\" style=\"flex-basis:100%\">\n<h3 class=\"wp-block-heading has-text-align-center\"><strong>SPREADSHIRT<\/strong><\/h3>\n\n\n\n<h3 class=\"wp-block-heading has-text-align-center\"><strong>- art in everyday life - <\/strong><\/h3>\n\n\n\n<p class=\"has-text-align-center\"><br>_________________________________<\/p>\n\n\n\n<h3 class=\"wp-block-heading has-text-align-center\"><strong>A couple of my sketches can now be purchased on hoodies, t-shirts, magnets etc. Have a look at spreadshirt! <\/strong><br><\/h3>\n\n\n\n<p><br><\/p>\n\n\n\n<div class=\"wp-block-columns is-layout-flex wp-container-core-columns-is-layout-9d6595d7 wp-block-columns-is-layout-flex\">\n<div class=\"wp-block-column is-layout-flow wp-block-column-is-layout-flow\"><div class=\"wp-block-image\">\n<figure class=\"aligncenter size-full\"><a href=\"https:\/\/www.spreadshirt.de\/shop\/design\/franzbroetchen+skizze+unisex+hoodie-D652d746e7f20c3743e3552eb?sellable=orXwlrqrvQfkyVG45bj2-1047-22\" target=\"_blank\" rel=\"noreferrer noopener\"><img data-recalc-dims=\"1\" loading=\"lazy\" decoding=\"async\" width=\"455\" height=\"552\" data-attachment-id=\"1782\" data-permalink=\"https:\/\/nessana-art.com\/en\/spreadshirt\/hoodie-franzbroetchen-creme\/\" data-orig-file=\"https:\/\/i0.wp.com\/nessana-art.com\/wp-content\/uploads\/2023\/12\/Hoodie-Franzbroetchen-creme.png?fit=455%2C552&amp;ssl=1\" data-orig-size=\"455,552\" data-comments-opened=\"0\" data-image-meta=\"{&quot;aperture&quot;:&quot;0&quot;,&quot;credit&quot;:&quot;&quot;,&quot;camera&quot;:&quot;&quot;,&quot;caption&quot;:&quot;&quot;,&quot;created_timestamp&quot;:&quot;0&quot;,&quot;copyright&quot;:&quot;&quot;,&quot;focal_length&quot;:&quot;0&quot;,&quot;iso&quot;:&quot;0&quot;,&quot;shutter_speed&quot;:&quot;0&quot;,&quot;title&quot;:&quot;&quot;,&quot;orientation&quot;:&quot;0&quot;}\" data-image-title=\"Hoodie-Franzbroetchen-creme\" data-image-description=\"\" data-image-caption=\"\" data-large-file=\"https:\/\/i0.wp.com\/nessana-art.com\/wp-content\/uploads\/2023\/12\/Hoodie-Franzbroetchen-creme.png?fit=455%2C552&amp;ssl=1\" src=\"https:\/\/i0.wp.com\/nessana-art.com\/wp-content\/uploads\/2023\/12\/Hoodie-Franzbroetchen-creme.png?resize=455%2C552&#038;ssl=1\" alt=\"\" class=\"wp-image-1782\" srcset=\"https:\/\/i0.wp.com\/nessana-art.com\/wp-content\/uploads\/2023\/12\/Hoodie-Franzbroetchen-creme.png?w=455&amp;ssl=1 455w, https:\/\/i0.wp.com\/nessana-art.com\/wp-content\/uploads\/2023\/12\/Hoodie-Franzbroetchen-creme.png?resize=247%2C300&amp;ssl=1 247w, https:\/\/i0.wp.com\/nessana-art.com\/wp-content\/uploads\/2023\/12\/Hoodie-Franzbroetchen-creme.png?resize=10%2C12&amp;ssl=1 10w, https:\/\/i0.wp.com\/nessana-art.com\/wp-content\/uploads\/2023\/12\/Hoodie-Franzbroetchen-creme.png?resize=20%2C24&amp;ssl=1 20w, https:\/\/i0.wp.com\/nessana-art.com\/wp-content\/uploads\/2023\/12\/Hoodie-Franzbroetchen-creme.png?resize=30%2C36&amp;ssl=1 30w, https:\/\/i0.wp.com\/nessana-art.com\/wp-content\/uploads\/2023\/12\/Hoodie-Franzbroetchen-creme.png?resize=40%2C48&amp;ssl=1 40w\" sizes=\"auto, (max-width: 455px) 100vw, 455px\" \/><\/a><\/figure>\n<\/div>\n\n\n<p class=\"has-text-align-center\"><a href=\"https:\/\/www.spreadshirt.de\/shop\/design\/franzbroetchen+skizze+unisex+hoodie-D652d746e7f20c3743e3552eb?sellable=orXwlrqrvQfkyVG45bj2-1047-22\">&#8218;Franzbr\u00f6tchen Skizze&#8216; Unisex Hoodie | Spreadshirt<\/a><\/p>\n<\/div>\n\n\n\n<div class=\"wp-block-column is-layout-flow wp-block-column-is-layout-flow\">\n<p><br><br><br><\/p>\n\n\n<div class=\"wp-block-image\">\n<figure class=\"aligncenter size-full\"><a href=\"https:\/\/www.spreadshirt.de\/shop\/user\/nessana\/\"><img data-recalc-dims=\"1\" loading=\"lazy\" decoding=\"async\" width=\"305\" height=\"68\" data-attachment-id=\"1783\" data-permalink=\"https:\/\/nessana-art.com\/en\/spreadshirt\/spreadshirt\/\" data-orig-file=\"https:\/\/i0.wp.com\/nessana-art.com\/wp-content\/uploads\/2023\/12\/Spreadshirt.png?fit=305%2C68&amp;ssl=1\" data-orig-size=\"305,68\" data-comments-opened=\"0\" data-image-meta=\"{&quot;aperture&quot;:&quot;0&quot;,&quot;credit&quot;:&quot;&quot;,&quot;camera&quot;:&quot;&quot;,&quot;caption&quot;:&quot;&quot;,&quot;created_timestamp&quot;:&quot;0&quot;,&quot;copyright&quot;:&quot;&quot;,&quot;focal_length&quot;:&quot;0&quot;,&quot;iso&quot;:&quot;0&quot;,&quot;shutter_speed&quot;:&quot;0&quot;,&quot;title&quot;:&quot;&quot;,&quot;orientation&quot;:&quot;0&quot;}\" data-image-title=\"Spreadshirt\" data-image-description=\"\" data-image-caption=\"\" data-large-file=\"https:\/\/i0.wp.com\/nessana-art.com\/wp-content\/uploads\/2023\/12\/Spreadshirt.png?fit=305%2C68&amp;ssl=1\" src=\"https:\/\/i0.wp.com\/nessana-art.com\/wp-content\/uploads\/2023\/12\/Spreadshirt.png?resize=305%2C68&#038;ssl=1\" alt=\"\" class=\"wp-image-1783\" srcset=\"https:\/\/i0.wp.com\/nessana-art.com\/wp-content\/uploads\/2023\/12\/Spreadshirt.png?w=305&amp;ssl=1 305w, https:\/\/i0.wp.com\/nessana-art.com\/wp-content\/uploads\/2023\/12\/Spreadshirt.png?resize=300%2C67&amp;ssl=1 300w, https:\/\/i0.wp.com\/nessana-art.com\/wp-content\/uploads\/2023\/12\/Spreadshirt.png?resize=18%2C4&amp;ssl=1 18w, https:\/\/i0.wp.com\/nessana-art.com\/wp-content\/uploads\/2023\/12\/Spreadshirt.png?resize=24%2C5&amp;ssl=1 24w, https:\/\/i0.wp.com\/nessana-art.com\/wp-content\/uploads\/2023\/12\/Spreadshirt.png?resize=36%2C8&amp;ssl=1 36w, https:\/\/i0.wp.com\/nessana-art.com\/wp-content\/uploads\/2023\/12\/Spreadshirt.png?resize=48%2C11&amp;ssl=1 48w\" sizes=\"auto, (max-width: 305px) 100vw, 305px\" \/><\/a><\/figure>\n<\/div>\n\n\n<p><\/p>\n<\/div>\n\n\n\n<div class=\"wp-block-column is-layout-flow wp-block-column-is-layout-flow\"><div class=\"wp-block-image\">\n<figure class=\"aligncenter size-full\"><a href=\"https:\/\/www.spreadshirt.de\/shop\/design\/franzbroetchen+skizze+stoffbeutel-D652d746e7f20c3743e3552eb?sellable=orXwlrqrvQfkyVG45bj2-56-33\" target=\"_blank\" rel=\"noreferrer noopener\"><img data-recalc-dims=\"1\" loading=\"lazy\" decoding=\"async\" width=\"480\" height=\"557\" data-attachment-id=\"1781\" data-permalink=\"https:\/\/nessana-art.com\/en\/spreadshirt\/stoffbeutel-franzbroetchen\/\" data-orig-file=\"https:\/\/i0.wp.com\/nessana-art.com\/wp-content\/uploads\/2023\/12\/Stoffbeutel-Franzbroetchen.png?fit=480%2C557&amp;ssl=1\" data-orig-size=\"480,557\" data-comments-opened=\"0\" data-image-meta=\"{&quot;aperture&quot;:&quot;0&quot;,&quot;credit&quot;:&quot;&quot;,&quot;camera&quot;:&quot;&quot;,&quot;caption&quot;:&quot;&quot;,&quot;created_timestamp&quot;:&quot;0&quot;,&quot;copyright&quot;:&quot;&quot;,&quot;focal_length&quot;:&quot;0&quot;,&quot;iso&quot;:&quot;0&quot;,&quot;shutter_speed&quot;:&quot;0&quot;,&quot;title&quot;:&quot;&quot;,&quot;orientation&quot;:&quot;0&quot;}\" data-image-title=\"Stoffbeutel-Franzbroetchen\" data-image-description=\"\" data-image-caption=\"\" data-large-file=\"https:\/\/i0.wp.com\/nessana-art.com\/wp-content\/uploads\/2023\/12\/Stoffbeutel-Franzbroetchen.png?fit=480%2C557&amp;ssl=1\" src=\"https:\/\/i0.wp.com\/nessana-art.com\/wp-content\/uploads\/2023\/12\/Stoffbeutel-Franzbroetchen.png?resize=480%2C557&#038;ssl=1\" alt=\"\" class=\"wp-image-1781\" srcset=\"https:\/\/i0.wp.com\/nessana-art.com\/wp-content\/uploads\/2023\/12\/Stoffbeutel-Franzbroetchen.png?w=480&amp;ssl=1 480w, https:\/\/i0.wp.com\/nessana-art.com\/wp-content\/uploads\/2023\/12\/Stoffbeutel-Franzbroetchen.png?resize=259%2C300&amp;ssl=1 259w, https:\/\/i0.wp.com\/nessana-art.com\/wp-content\/uploads\/2023\/12\/Stoffbeutel-Franzbroetchen.png?resize=10%2C12&amp;ssl=1 10w, https:\/\/i0.wp.com\/nessana-art.com\/wp-content\/uploads\/2023\/12\/Stoffbeutel-Franzbroetchen.png?resize=21%2C24&amp;ssl=1 21w, https:\/\/i0.wp.com\/nessana-art.com\/wp-content\/uploads\/2023\/12\/Stoffbeutel-Franzbroetchen.png?resize=31%2C36&amp;ssl=1 31w, https:\/\/i0.wp.com\/nessana-art.com\/wp-content\/uploads\/2023\/12\/Stoffbeutel-Franzbroetchen.png?resize=41%2C48&amp;ssl=1 41w\" sizes=\"auto, (max-width: 480px) 100vw, 480px\" \/><\/a><\/figure>\n<\/div>\n\n\n<p class=\"has-text-align-center\"><a href=\"https:\/\/www.spreadshirt.de\/shop\/design\/franzbroetchen+skizze+stoffbeutel-D652d746e7f20c3743e3552eb?sellable=orXwlrqrvQfkyVG45bj2-56-33\">&#8218;Franzbr\u00f6tchen Skizze&#8216; Stoffbeutel | Spreadshirt<\/a><\/p>\n<\/div>\n<\/div>\n\n\n\n<p class=\"has-text-align-center\"><\/p>\n\n\n\n<p class=\"has-text-align-center\"><\/p>\n\n\n\n<p><\/p>\n\n\n\n<div class=\"wp-block-buttons is-layout-flex wp-block-buttons-is-layout-flex\">\n<div class=\"wp-block-button has-custom-width wp-block-button__width-100 has-custom-font-size is-style-outline has-medium-font-size is-style-outline--1\"><a class=\"wp-block-button__link has-text-color has-background wp-element-button\" href=\"https:\/\/www.spreadshirt.de\/shop\/user\/nessana\/\" style=\"border-radius:5px;color:#349bb5;background-color:#efefef\" target=\"_blank\" rel=\"noreferrer noopener\">SPREADSHIRT<\/a><\/div>\n<\/div>\n<\/div>\n<\/div>\n\n\n\n<p><br><br><\/p>\n\n\n\n<div class=\"wp-block-columns is-layout-flex wp-container-core-columns-is-layout-9d6595d7 wp-block-columns-is-layout-flex\">\n<div class=\"wp-block-column is-layout-flow wp-block-column-is-layout-flow\" style=\"flex-basis:50%\">\n<h2 class=\"wp-block-heading\">Spreadshirt designs<\/h2>\n\n\n\n<p><\/p>\n\n\n\n<p class=\"has-text-align-left\"><br>The following motives can be found on spreadshirt. You can order the pre-designed products or you can design your own products by searching for e.g. \"Elefant Skizze\".  <br><br>Orders, support, retoure etc. are managed by spreadshirt.<\/p>\n<\/div>\n\n\n\n<div class=\"wp-block-column is-layout-flow wp-block-column-is-layout-flow\" style=\"flex-basis:50%\">\n<div class=\"wp-block-jetpack-slideshow aligncenter is-style-columns\" data-effect=\"slide\"><div class=\"wp-block-jetpack-slideshow_container swiper-container\"><ul class=\"wp-block-jetpack-slideshow_swiper-wrapper swiper-wrapper\"><li class=\"wp-block-jetpack-slideshow_slide swiper-slide\"><figure><img data-recalc-dims=\"1\" loading=\"lazy\" decoding=\"async\" width=\"869\" height=\"1192\" alt=\"\" class=\"wp-block-jetpack-slideshow_image wp-image-1791\" data-id=\"1791\" src=\"https:\/\/i0.wp.com\/nessana-art.com\/wp-content\/uploads\/2023\/12\/Pinguin-sw-w-2.png?resize=869%2C1192&#038;ssl=1\" srcset=\"https:\/\/i0.wp.com\/nessana-art.com\/wp-content\/uploads\/2023\/12\/Pinguin-sw-w-2.png?w=2351&amp;ssl=1 2351w, https:\/\/i0.wp.com\/nessana-art.com\/wp-content\/uploads\/2023\/12\/Pinguin-sw-w-2.png?resize=219%2C300&amp;ssl=1 219w, https:\/\/i0.wp.com\/nessana-art.com\/wp-content\/uploads\/2023\/12\/Pinguin-sw-w-2.png?resize=747%2C1024&amp;ssl=1 747w, https:\/\/i0.wp.com\/nessana-art.com\/wp-content\/uploads\/2023\/12\/Pinguin-sw-w-2.png?resize=768%2C1053&amp;ssl=1 768w, https:\/\/i0.wp.com\/nessana-art.com\/wp-content\/uploads\/2023\/12\/Pinguin-sw-w-2.png?resize=1120%2C1536&amp;ssl=1 1120w, https:\/\/i0.wp.com\/nessana-art.com\/wp-content\/uploads\/2023\/12\/Pinguin-sw-w-2.png?resize=1493%2C2048&amp;ssl=1 1493w, https:\/\/i0.wp.com\/nessana-art.com\/wp-content\/uploads\/2023\/12\/Pinguin-sw-w-2.png?resize=9%2C12&amp;ssl=1 9w, https:\/\/i0.wp.com\/nessana-art.com\/wp-content\/uploads\/2023\/12\/Pinguin-sw-w-2.png?resize=18%2C24&amp;ssl=1 18w, https:\/\/i0.wp.com\/nessana-art.com\/wp-content\/uploads\/2023\/12\/Pinguin-sw-w-2.png?resize=26%2C36&amp;ssl=1 26w, https:\/\/i0.wp.com\/nessana-art.com\/wp-content\/uploads\/2023\/12\/Pinguin-sw-w-2.png?resize=35%2C48&amp;ssl=1 35w, https:\/\/i0.wp.com\/nessana-art.com\/wp-content\/uploads\/2023\/12\/Pinguin-sw-w-2.png?w=1738&amp;ssl=1 1738w\" sizes=\"(max-width: 869px) 100vw, 869px\" \/><\/figure><\/li><li class=\"wp-block-jetpack-slideshow_slide swiper-slide\"><figure><img data-recalc-dims=\"1\" loading=\"lazy\" decoding=\"async\" width=\"869\" height=\"869\" alt=\"\" class=\"wp-block-jetpack-slideshow_image wp-image-1792\" data-id=\"1792\" src=\"https:\/\/i0.wp.com\/nessana-art.com\/wp-content\/uploads\/2023\/12\/Franzbroetchen-w2q.png?resize=869%2C869&#038;ssl=1\" srcset=\"https:\/\/i0.wp.com\/nessana-art.com\/wp-content\/uploads\/2023\/12\/Franzbroetchen-w2q.png?w=2146&amp;ssl=1 2146w, https:\/\/i0.wp.com\/nessana-art.com\/wp-content\/uploads\/2023\/12\/Franzbroetchen-w2q.png?resize=300%2C300&amp;ssl=1 300w, https:\/\/i0.wp.com\/nessana-art.com\/wp-content\/uploads\/2023\/12\/Franzbroetchen-w2q.png?resize=1024%2C1024&amp;ssl=1 1024w, https:\/\/i0.wp.com\/nessana-art.com\/wp-content\/uploads\/2023\/12\/Franzbroetchen-w2q.png?resize=150%2C150&amp;ssl=1 150w, https:\/\/i0.wp.com\/nessana-art.com\/wp-content\/uploads\/2023\/12\/Franzbroetchen-w2q.png?resize=768%2C768&amp;ssl=1 768w, https:\/\/i0.wp.com\/nessana-art.com\/wp-content\/uploads\/2023\/12\/Franzbroetchen-w2q.png?resize=1536%2C1536&amp;ssl=1 1536w, https:\/\/i0.wp.com\/nessana-art.com\/wp-content\/uploads\/2023\/12\/Franzbroetchen-w2q.png?resize=2048%2C2048&amp;ssl=1 2048w, https:\/\/i0.wp.com\/nessana-art.com\/wp-content\/uploads\/2023\/12\/Franzbroetchen-w2q.png?resize=12%2C12&amp;ssl=1 12w, https:\/\/i0.wp.com\/nessana-art.com\/wp-content\/uploads\/2023\/12\/Franzbroetchen-w2q.png?resize=24%2C24&amp;ssl=1 24w, https:\/\/i0.wp.com\/nessana-art.com\/wp-content\/uploads\/2023\/12\/Franzbroetchen-w2q.png?resize=36%2C36&amp;ssl=1 36w, https:\/\/i0.wp.com\/nessana-art.com\/wp-content\/uploads\/2023\/12\/Franzbroetchen-w2q.png?resize=48%2C48&amp;ssl=1 48w, https:\/\/i0.wp.com\/nessana-art.com\/wp-content\/uploads\/2023\/12\/Franzbroetchen-w2q.png?w=1738&amp;ssl=1 1738w\" sizes=\"(max-width: 869px) 100vw, 869px\" \/><\/figure><\/li><li class=\"wp-block-jetpack-slideshow_slide swiper-slide\"><figure><img data-recalc-dims=\"1\" loading=\"lazy\" decoding=\"async\" width=\"869\" height=\"1394\" alt=\"\" class=\"wp-block-jetpack-slideshow_image wp-image-1790\" data-id=\"1790\" src=\"https:\/\/i0.wp.com\/nessana-art.com\/wp-content\/uploads\/2023\/12\/Giraffe-sw-wr.png?resize=869%2C1394&#038;ssl=1\" srcset=\"https:\/\/i0.wp.com\/nessana-art.com\/wp-content\/uploads\/2023\/12\/Giraffe-sw-wr.png?w=2650&amp;ssl=1 2650w, https:\/\/i0.wp.com\/nessana-art.com\/wp-content\/uploads\/2023\/12\/Giraffe-sw-wr.png?resize=187%2C300&amp;ssl=1 187w, https:\/\/i0.wp.com\/nessana-art.com\/wp-content\/uploads\/2023\/12\/Giraffe-sw-wr.png?resize=638%2C1024&amp;ssl=1 638w, https:\/\/i0.wp.com\/nessana-art.com\/wp-content\/uploads\/2023\/12\/Giraffe-sw-wr.png?resize=768%2C1232&amp;ssl=1 768w, https:\/\/i0.wp.com\/nessana-art.com\/wp-content\/uploads\/2023\/12\/Giraffe-sw-wr.png?resize=957%2C1536&amp;ssl=1 957w, https:\/\/i0.wp.com\/nessana-art.com\/wp-content\/uploads\/2023\/12\/Giraffe-sw-wr.png?resize=1276%2C2048&amp;ssl=1 1276w, https:\/\/i0.wp.com\/nessana-art.com\/wp-content\/uploads\/2023\/12\/Giraffe-sw-wr.png?resize=7%2C12&amp;ssl=1 7w, https:\/\/i0.wp.com\/nessana-art.com\/wp-content\/uploads\/2023\/12\/Giraffe-sw-wr.png?resize=15%2C24&amp;ssl=1 15w, https:\/\/i0.wp.com\/nessana-art.com\/wp-content\/uploads\/2023\/12\/Giraffe-sw-wr.png?resize=22%2C36&amp;ssl=1 22w, https:\/\/i0.wp.com\/nessana-art.com\/wp-content\/uploads\/2023\/12\/Giraffe-sw-wr.png?resize=30%2C48&amp;ssl=1 30w, https:\/\/i0.wp.com\/nessana-art.com\/wp-content\/uploads\/2023\/12\/Giraffe-sw-wr.png?w=1738&amp;ssl=1 1738w\" sizes=\"(max-width: 869px) 100vw, 869px\" \/><\/figure><\/li><li class=\"wp-block-jetpack-slideshow_slide swiper-slide\"><figure><img data-recalc-dims=\"1\" loading=\"lazy\" decoding=\"async\" width=\"869\" height=\"632\" alt=\"\" class=\"wp-block-jetpack-slideshow_image wp-image-1789\" data-id=\"1789\" src=\"https:\/\/i0.wp.com\/nessana-art.com\/wp-content\/uploads\/2023\/12\/Faultier-swrc.png?resize=869%2C632&#038;ssl=1\" srcset=\"https:\/\/i0.wp.com\/nessana-art.com\/wp-content\/uploads\/2023\/12\/Faultier-swrc.png?w=4122&amp;ssl=1 4122w, https:\/\/i0.wp.com\/nessana-art.com\/wp-content\/uploads\/2023\/12\/Faultier-swrc.png?resize=300%2C218&amp;ssl=1 300w, https:\/\/i0.wp.com\/nessana-art.com\/wp-content\/uploads\/2023\/12\/Faultier-swrc.png?resize=1024%2C745&amp;ssl=1 1024w, https:\/\/i0.wp.com\/nessana-art.com\/wp-content\/uploads\/2023\/12\/Faultier-swrc.png?resize=768%2C559&amp;ssl=1 768w, https:\/\/i0.wp.com\/nessana-art.com\/wp-content\/uploads\/2023\/12\/Faultier-swrc.png?resize=1536%2C1118&amp;ssl=1 1536w, https:\/\/i0.wp.com\/nessana-art.com\/wp-content\/uploads\/2023\/12\/Faultier-swrc.png?resize=2048%2C1491&amp;ssl=1 2048w, https:\/\/i0.wp.com\/nessana-art.com\/wp-content\/uploads\/2023\/12\/Faultier-swrc.png?resize=16%2C12&amp;ssl=1 16w, https:\/\/i0.wp.com\/nessana-art.com\/wp-content\/uploads\/2023\/12\/Faultier-swrc.png?resize=24%2C17&amp;ssl=1 24w, https:\/\/i0.wp.com\/nessana-art.com\/wp-content\/uploads\/2023\/12\/Faultier-swrc.png?resize=36%2C26&amp;ssl=1 36w, https:\/\/i0.wp.com\/nessana-art.com\/wp-content\/uploads\/2023\/12\/Faultier-swrc.png?resize=48%2C35&amp;ssl=1 48w, https:\/\/i0.wp.com\/nessana-art.com\/wp-content\/uploads\/2023\/12\/Faultier-swrc.png?w=1738&amp;ssl=1 1738w, https:\/\/i0.wp.com\/nessana-art.com\/wp-content\/uploads\/2023\/12\/Faultier-swrc.png?w=2607&amp;ssl=1 2607w\" sizes=\"(max-width: 869px) 100vw, 869px\" \/><\/figure><\/li><li class=\"wp-block-jetpack-slideshow_slide swiper-slide\"><figure><img data-recalc-dims=\"1\" loading=\"lazy\" decoding=\"async\" width=\"869\" height=\"612\" alt=\"\" class=\"wp-block-jetpack-slideshow_image wp-image-1788\" data-id=\"1788\" src=\"https:\/\/i0.wp.com\/nessana-art.com\/wp-content\/uploads\/2023\/12\/Elefant-swrc.png?resize=869%2C612&#038;ssl=1\" srcset=\"https:\/\/i0.wp.com\/nessana-art.com\/wp-content\/uploads\/2023\/12\/Elefant-swrc.png?w=4341&amp;ssl=1 4341w, https:\/\/i0.wp.com\/nessana-art.com\/wp-content\/uploads\/2023\/12\/Elefant-swrc.png?resize=300%2C211&amp;ssl=1 300w, https:\/\/i0.wp.com\/nessana-art.com\/wp-content\/uploads\/2023\/12\/Elefant-swrc.png?resize=1024%2C721&amp;ssl=1 1024w, https:\/\/i0.wp.com\/nessana-art.com\/wp-content\/uploads\/2023\/12\/Elefant-swrc.png?resize=768%2C541&amp;ssl=1 768w, https:\/\/i0.wp.com\/nessana-art.com\/wp-content\/uploads\/2023\/12\/Elefant-swrc.png?resize=1536%2C1082&amp;ssl=1 1536w, https:\/\/i0.wp.com\/nessana-art.com\/wp-content\/uploads\/2023\/12\/Elefant-swrc.png?resize=2048%2C1443&amp;ssl=1 2048w, https:\/\/i0.wp.com\/nessana-art.com\/wp-content\/uploads\/2023\/12\/Elefant-swrc.png?resize=18%2C12&amp;ssl=1 18w, https:\/\/i0.wp.com\/nessana-art.com\/wp-content\/uploads\/2023\/12\/Elefant-swrc.png?resize=24%2C17&amp;ssl=1 24w, https:\/\/i0.wp.com\/nessana-art.com\/wp-content\/uploads\/2023\/12\/Elefant-swrc.png?resize=36%2C25&amp;ssl=1 36w, https:\/\/i0.wp.com\/nessana-art.com\/wp-content\/uploads\/2023\/12\/Elefant-swrc.png?resize=48%2C34&amp;ssl=1 48w, https:\/\/i0.wp.com\/nessana-art.com\/wp-content\/uploads\/2023\/12\/Elefant-swrc.png?w=1738&amp;ssl=1 1738w, https:\/\/i0.wp.com\/nessana-art.com\/wp-content\/uploads\/2023\/12\/Elefant-swrc.png?w=2607&amp;ssl=1 2607w\" sizes=\"(max-width: 869px) 100vw, 869px\" \/><\/figure><\/li><li class=\"wp-block-jetpack-slideshow_slide swiper-slide\"><figure><img data-recalc-dims=\"1\" loading=\"lazy\" decoding=\"async\" width=\"305\" height=\"68\" alt=\"\" class=\"wp-block-jetpack-slideshow_image wp-image-1783\" data-id=\"1783\" src=\"https:\/\/i0.wp.com\/nessana-art.com\/wp-content\/uploads\/2023\/12\/Spreadshirt.png?resize=305%2C68&#038;ssl=1\" srcset=\"https:\/\/i0.wp.com\/nessana-art.com\/wp-content\/uploads\/2023\/12\/Spreadshirt.png?w=305&amp;ssl=1 305w, https:\/\/i0.wp.com\/nessana-art.com\/wp-content\/uploads\/2023\/12\/Spreadshirt.png?resize=300%2C67&amp;ssl=1 300w, https:\/\/i0.wp.com\/nessana-art.com\/wp-content\/uploads\/2023\/12\/Spreadshirt.png?resize=18%2C4&amp;ssl=1 18w, https:\/\/i0.wp.com\/nessana-art.com\/wp-content\/uploads\/2023\/12\/Spreadshirt.png?resize=24%2C5&amp;ssl=1 24w, https:\/\/i0.wp.com\/nessana-art.com\/wp-content\/uploads\/2023\/12\/Spreadshirt.png?resize=36%2C8&amp;ssl=1 36w, https:\/\/i0.wp.com\/nessana-art.com\/wp-content\/uploads\/2023\/12\/Spreadshirt.png?resize=48%2C11&amp;ssl=1 48w\" sizes=\"(max-width: 305px) 100vw, 305px\" \/><\/figure><\/li><\/ul><a class=\"wp-block-jetpack-slideshow_button-prev swiper-button-prev swiper-button-white\" role=\"button\"><\/a><a class=\"wp-block-jetpack-slideshow_button-next swiper-button-next swiper-button-white\" role=\"button\"><\/a><a aria-label=\"Pause Slideshow\" class=\"wp-block-jetpack-slideshow_button-pause\" role=\"button\"><\/a><div class=\"wp-block-jetpack-slideshow_pagination swiper-pagination swiper-pagination-white\"><\/div><\/div><\/div>\n<\/div>\n<\/div>","protected":false},"excerpt":{"rendered":"<p>SPREADSHIRT &#8211; Kunst im Alltag &#8211; _________________________________ Einige meiner Skizzen k\u00f6nnt Ihr nun auf Hoodies, T-Shirts, Magneten und Co. finden. Schaut dazu bei Spreadshirt vorbei! &#8218;Franzbr\u00f6tchen Skizze&#8216; Unisex Hoodie | Spreadshirt &#8218;Franzbr\u00f6tchen Skizze&#8216; Stoffbeutel | Spreadshirt Spreadshirt Motive Die nachfolgenden Motive findet Ihr auf Spreadshirt. Ihr k\u00f6nnt die bereits hinterlegten Produkte bestellen oder eigene Produkte&hellip;<\/p>","protected":false},"author":1,"featured_media":0,"parent":0,"menu_order":0,"comment_status":"closed","ping_status":"closed","template":"","meta":{"footnotes":""},"class_list":["post-1780","page","type-page","status-publish","hentry","no-post-thumbnail","post-grid-3-col","entry"],"jetpack_sharing_enabled":true,"_links":{"self":[{"href":"https:\/\/nessana-art.com\/en\/wp-json\/wp\/v2\/pages\/1780","targetHints":{"allow":["GET"]}}],"collection":[{"href":"https:\/\/nessana-art.com\/en\/wp-json\/wp\/v2\/pages"}],"about":[{"href":"https:\/\/nessana-art.com\/en\/wp-json\/wp\/v2\/types\/page"}],"author":[{"embeddable":true,"href":"https:\/\/nessana-art.com\/en\/wp-json\/wp\/v2\/users\/1"}],"replies":[{"embeddable":true,"href":"https:\/\/nessana-art.com\/en\/wp-json\/wp\/v2\/comments?post=1780"}],"version-history":[{"count":2,"href":"https:\/\/nessana-art.com\/en\/wp-json\/wp\/v2\/pages\/1780\/revisions"}],"predecessor-version":[{"id":1793,"href":"https:\/\/nessana-art.com\/en\/wp-json\/wp\/v2\/pages\/1780\/revisions\/1793"}],"wp:attachment":[{"href":"https:\/\/nessana-art.com\/en\/wp-json\/wp\/v2\/media?parent=1780"}],"curies":[{"name":"wp","href":"https:\/\/api.w.org\/{rel}","templated":true}]}}