{"id":1724,"date":"2023-10-02T12:18:42","date_gmt":"2023-10-02T10:18:42","guid":{"rendered":"https:\/\/nessana-art.com\/?page_id=1724"},"modified":"2023-10-06T14:59:53","modified_gmt":"2023-10-06T12:59:53","slug":"natu","status":"publish","type":"page","link":"https:\/\/nessana-art.com\/en\/natu\/","title":{"rendered":""},"content":{"rendered":"<div class=\"wp-block-group\"><div class=\"wp-block-group__inner-container is-layout-flow wp-block-group-is-layout-flow\">\n<h2 class=\"wp-block-heading has-text-align-center\"><strong>Reversed!<\/strong><\/h2>\n\n\n\n<p><br><\/p>\n\n\n\n<h2 class=\"wp-block-heading has-text-align-center\" id=\"jonte-acryl-auf-leinwand-50-x-50-cm\">Natu, acrylic on canvas, 120 x 100 cm <\/h2>\n\n\n\n<div class=\"wp-block-jetpack-slideshow aligncenter\" data-autoplay=\"true\" data-delay=\"4\" data-effect=\"slide\"><div class=\"wp-block-jetpack-slideshow_container swiper-container\"><ul class=\"wp-block-jetpack-slideshow_swiper-wrapper swiper-wrapper\"><li class=\"wp-block-jetpack-slideshow_slide swiper-slide\"><figure><img data-recalc-dims=\"1\" loading=\"lazy\" decoding=\"async\" width=\"869\" height=\"869\" alt=\"\" class=\"wp-block-jetpack-slideshow_image wp-image-1725\" data-id=\"1725\" src=\"https:\/\/i0.wp.com\/nessana-art.com\/wp-content\/uploads\/2023\/10\/20230910_105933-2.jpg?resize=869%2C869&#038;ssl=1\" srcset=\"https:\/\/i0.wp.com\/nessana-art.com\/wp-content\/uploads\/2023\/10\/20230910_105933-2.jpg?resize=1024%2C1024&amp;ssl=1 1024w, https:\/\/i0.wp.com\/nessana-art.com\/wp-content\/uploads\/2023\/10\/20230910_105933-2.jpg?resize=300%2C300&amp;ssl=1 300w, https:\/\/i0.wp.com\/nessana-art.com\/wp-content\/uploads\/2023\/10\/20230910_105933-2.jpg?resize=150%2C150&amp;ssl=1 150w, https:\/\/i0.wp.com\/nessana-art.com\/wp-content\/uploads\/2023\/10\/20230910_105933-2.jpg?resize=768%2C768&amp;ssl=1 768w, https:\/\/i0.wp.com\/nessana-art.com\/wp-content\/uploads\/2023\/10\/20230910_105933-2.jpg?resize=1536%2C1536&amp;ssl=1 1536w, https:\/\/i0.wp.com\/nessana-art.com\/wp-content\/uploads\/2023\/10\/20230910_105933-2.jpg?resize=2048%2C2048&amp;ssl=1 2048w, https:\/\/i0.wp.com\/nessana-art.com\/wp-content\/uploads\/2023\/10\/20230910_105933-2.jpg?resize=12%2C12&amp;ssl=1 12w, https:\/\/i0.wp.com\/nessana-art.com\/wp-content\/uploads\/2023\/10\/20230910_105933-2.jpg?resize=24%2C24&amp;ssl=1 24w, https:\/\/i0.wp.com\/nessana-art.com\/wp-content\/uploads\/2023\/10\/20230910_105933-2.jpg?resize=36%2C36&amp;ssl=1 36w, https:\/\/i0.wp.com\/nessana-art.com\/wp-content\/uploads\/2023\/10\/20230910_105933-2.jpg?resize=48%2C48&amp;ssl=1 48w, https:\/\/i0.wp.com\/nessana-art.com\/wp-content\/uploads\/2023\/10\/20230910_105933-2.jpg?w=1738&amp;ssl=1 1738w\" sizes=\"(max-width: 869px) 100vw, 869px\" \/><\/figure><\/li><li class=\"wp-block-jetpack-slideshow_slide swiper-slide\"><figure><img data-recalc-dims=\"1\" loading=\"lazy\" decoding=\"async\" width=\"869\" height=\"869\" alt=\"\" class=\"wp-block-jetpack-slideshow_image wp-image-1726\" data-id=\"1726\" src=\"https:\/\/i0.wp.com\/nessana-art.com\/wp-content\/uploads\/2023\/10\/20230910_105933-3-1.jpg?resize=869%2C869&#038;ssl=1\" srcset=\"https:\/\/i0.wp.com\/nessana-art.com\/wp-content\/uploads\/2023\/10\/20230910_105933-3-1.jpg?resize=1024%2C1024&amp;ssl=1 1024w, https:\/\/i0.wp.com\/nessana-art.com\/wp-content\/uploads\/2023\/10\/20230910_105933-3-1.jpg?resize=300%2C300&amp;ssl=1 300w, https:\/\/i0.wp.com\/nessana-art.com\/wp-content\/uploads\/2023\/10\/20230910_105933-3-1.jpg?resize=150%2C150&amp;ssl=1 150w, https:\/\/i0.wp.com\/nessana-art.com\/wp-content\/uploads\/2023\/10\/20230910_105933-3-1.jpg?resize=768%2C768&amp;ssl=1 768w, https:\/\/i0.wp.com\/nessana-art.com\/wp-content\/uploads\/2023\/10\/20230910_105933-3-1.jpg?resize=12%2C12&amp;ssl=1 12w, https:\/\/i0.wp.com\/nessana-art.com\/wp-content\/uploads\/2023\/10\/20230910_105933-3-1.jpg?resize=24%2C24&amp;ssl=1 24w, https:\/\/i0.wp.com\/nessana-art.com\/wp-content\/uploads\/2023\/10\/20230910_105933-3-1.jpg?resize=36%2C36&amp;ssl=1 36w, https:\/\/i0.wp.com\/nessana-art.com\/wp-content\/uploads\/2023\/10\/20230910_105933-3-1.jpg?resize=48%2C48&amp;ssl=1 48w, https:\/\/i0.wp.com\/nessana-art.com\/wp-content\/uploads\/2023\/10\/20230910_105933-3-1.jpg?w=1494&amp;ssl=1 1494w\" sizes=\"(max-width: 869px) 100vw, 869px\" \/><\/figure><\/li><li class=\"wp-block-jetpack-slideshow_slide swiper-slide\"><figure><img data-recalc-dims=\"1\" loading=\"lazy\" decoding=\"async\" width=\"869\" height=\"726\" alt=\"\" class=\"wp-block-jetpack-slideshow_image wp-image-1727\" data-id=\"1727\" src=\"https:\/\/i0.wp.com\/nessana-art.com\/wp-content\/uploads\/2023\/10\/20230910_105933-5.jpg?resize=869%2C726&#038;ssl=1\" srcset=\"https:\/\/i0.wp.com\/nessana-art.com\/wp-content\/uploads\/2023\/10\/20230910_105933-5.jpg?resize=1024%2C856&amp;ssl=1 1024w, https:\/\/i0.wp.com\/nessana-art.com\/wp-content\/uploads\/2023\/10\/20230910_105933-5.jpg?resize=300%2C251&amp;ssl=1 300w, https:\/\/i0.wp.com\/nessana-art.com\/wp-content\/uploads\/2023\/10\/20230910_105933-5.jpg?resize=768%2C642&amp;ssl=1 768w, https:\/\/i0.wp.com\/nessana-art.com\/wp-content\/uploads\/2023\/10\/20230910_105933-5.jpg?resize=1536%2C1284&amp;ssl=1 1536w, https:\/\/i0.wp.com\/nessana-art.com\/wp-content\/uploads\/2023\/10\/20230910_105933-5.jpg?resize=14%2C12&amp;ssl=1 14w, https:\/\/i0.wp.com\/nessana-art.com\/wp-content\/uploads\/2023\/10\/20230910_105933-5.jpg?resize=24%2C20&amp;ssl=1 24w, https:\/\/i0.wp.com\/nessana-art.com\/wp-content\/uploads\/2023\/10\/20230910_105933-5.jpg?resize=36%2C30&amp;ssl=1 36w, https:\/\/i0.wp.com\/nessana-art.com\/wp-content\/uploads\/2023\/10\/20230910_105933-5.jpg?resize=48%2C40&amp;ssl=1 48w, https:\/\/i0.wp.com\/nessana-art.com\/wp-content\/uploads\/2023\/10\/20230910_105933-5.jpg?w=1793&amp;ssl=1 1793w, https:\/\/i0.wp.com\/nessana-art.com\/wp-content\/uploads\/2023\/10\/20230910_105933-5.jpg?w=1738&amp;ssl=1 1738w\" sizes=\"(max-width: 869px) 100vw, 869px\" \/><\/figure><\/li><li class=\"wp-block-jetpack-slideshow_slide swiper-slide\"><figure><img data-recalc-dims=\"1\" loading=\"lazy\" decoding=\"async\" width=\"869\" height=\"869\" alt=\"\" class=\"wp-block-jetpack-slideshow_image wp-image-1728\" data-id=\"1728\" src=\"https:\/\/i0.wp.com\/nessana-art.com\/wp-content\/uploads\/2023\/10\/20230910_110115-2.jpg?resize=869%2C869&#038;ssl=1\" srcset=\"https:\/\/i0.wp.com\/nessana-art.com\/wp-content\/uploads\/2023\/10\/20230910_110115-2.jpg?resize=1024%2C1024&amp;ssl=1 1024w, https:\/\/i0.wp.com\/nessana-art.com\/wp-content\/uploads\/2023\/10\/20230910_110115-2.jpg?resize=300%2C300&amp;ssl=1 300w, https:\/\/i0.wp.com\/nessana-art.com\/wp-content\/uploads\/2023\/10\/20230910_110115-2.jpg?resize=150%2C150&amp;ssl=1 150w, https:\/\/i0.wp.com\/nessana-art.com\/wp-content\/uploads\/2023\/10\/20230910_110115-2.jpg?resize=768%2C768&amp;ssl=1 768w, https:\/\/i0.wp.com\/nessana-art.com\/wp-content\/uploads\/2023\/10\/20230910_110115-2.jpg?resize=1536%2C1536&amp;ssl=1 1536w, https:\/\/i0.wp.com\/nessana-art.com\/wp-content\/uploads\/2023\/10\/20230910_110115-2.jpg?resize=2048%2C2048&amp;ssl=1 2048w, https:\/\/i0.wp.com\/nessana-art.com\/wp-content\/uploads\/2023\/10\/20230910_110115-2.jpg?resize=12%2C12&amp;ssl=1 12w, https:\/\/i0.wp.com\/nessana-art.com\/wp-content\/uploads\/2023\/10\/20230910_110115-2.jpg?resize=24%2C24&amp;ssl=1 24w, https:\/\/i0.wp.com\/nessana-art.com\/wp-content\/uploads\/2023\/10\/20230910_110115-2.jpg?resize=36%2C36&amp;ssl=1 36w, https:\/\/i0.wp.com\/nessana-art.com\/wp-content\/uploads\/2023\/10\/20230910_110115-2.jpg?resize=48%2C48&amp;ssl=1 48w, https:\/\/i0.wp.com\/nessana-art.com\/wp-content\/uploads\/2023\/10\/20230910_110115-2.jpg?w=1738&amp;ssl=1 1738w\" sizes=\"(max-width: 869px) 100vw, 869px\" \/><\/figure><\/li><\/ul><a class=\"wp-block-jetpack-slideshow_button-prev swiper-button-prev swiper-button-white\" role=\"button\"><\/a><a class=\"wp-block-jetpack-slideshow_button-next swiper-button-next swiper-button-white\" role=\"button\"><\/a><a aria-label=\"Pause Slideshow\" class=\"wp-block-jetpack-slideshow_button-pause\" role=\"button\"><\/a><div class=\"wp-block-jetpack-slideshow_pagination swiper-pagination swiper-pagination-white\"><\/div><\/div><\/div>\n\n\n\n<div class=\"wp-block-buttons is-layout-flex wp-block-buttons-is-layout-flex\">\n<div class=\"wp-block-button has-custom-width wp-block-button__width-100 is-style-outline is-style-outline--1\"><a class=\"wp-block-button__link has-text-color has-background wp-element-button\" href=\"https:\/\/nessana-art.com\/en\/contact\/\" style=\"border-radius:5px;color:#349bb5;background-color:#efefef\">price-\/purchase request<\/a><\/div>\n<\/div>\n<\/div><\/div>\n\n\n\n<p class=\"has-text-align-center\"><br>\u201c<strong>Natu<\/strong> ist mein Beitrag zur 2. Norderstedter Trude, dem Kunstwettbewerb der Stadt im Norden Hamburgs. Auf 120 x 100 cm entstand das Bild des grauen Orang-Utan Weibchens live vor Ort und die Besucher:innen konnten f\u00fcr den Namen des Kunstwerkes abstimmen. Neben &#8218;Conny&#8216; (in Anlehnung an das verstorbene Weibchen in Hagenbecks Tierpark) und &#8218;Birut\u00e9&#8216; (in Anlehnung an Birut\u0117 Galdikas, der bekanntesten Orang-Utan Forscherin) stand auch &#8218;Natu&#8216; zur Auswahl und ging als klarer Gewinner aus der Abstimmung hervor. Der Name steht f\u00fcr unsere Verwandschaft mit den Menschenaffen, denn er ist die spiegelverkehrte Schreibweise von &#8218;Utan&#8216;. Unter dem Begriff \u201egro\u00dfe Menschenaffen\u201c werden neben Gorillas, Schimpansen und Orang-Utans auch der Mensch aufgef\u00fchrt und unsere DNA stimmen zu 97 % mit denen von Orang-Utans \u00fcberein. Wann haben sich aus diesen Gemeinsamkeiten solch gravierende Chancen f\u00fcr die Weiterentwicklung der Menschheit geboten? Haben wir eventuell doch mehr gemeinsam, als wir wahrhaben m\u00f6chten? Warum ist der Mensch noch immer der gef\u00e4hrlichste Faktor, wenn es um die Bedrohung von Arten geht und welche Pflicht haben wir, uns mit solchen Themen und ihren Auswirkungen auseinander zu setzen?\u00a0\u201d\u00a0<\/p>\n\n\n\n<p class=\"has-text-align-center\"><br>Curious about more? If you want to get regular insights on origins, backgrounds and inspirations you can go to the&nbsp;<a href=\"https:\/\/nessana-art.com\/en\/\">homepage<\/a>&nbsp;and sign up for the newsletter.<\/p>","protected":false},"excerpt":{"rendered":"<p>Reversed! Natu, Acryl auf Leinwand, 120 x 100 cm \u201cNatu ist mein Beitrag zur 2. Norderstedter Trude, dem Kunstwettbewerb der Stadt im Norden Hamburgs. Auf 120 x 100 cm entstand das Bild des grauen Orang-Utan Weibchens live vor Ort und die Besucher:innen konnten f\u00fcr den Namen des Kunstwerkes abstimmen. Neben &#8218;Conny&#8216; (in Anlehnung an das&hellip;<\/p>","protected":false},"author":1,"featured_media":0,"parent":0,"menu_order":0,"comment_status":"closed","ping_status":"closed","template":"","meta":{"footnotes":""},"class_list":["post-1724","page","type-page","status-publish","hentry","no-post-thumbnail","post-grid-3-col","entry"],"jetpack_sharing_enabled":true,"_links":{"self":[{"href":"https:\/\/nessana-art.com\/en\/wp-json\/wp\/v2\/pages\/1724","targetHints":{"allow":["GET"]}}],"collection":[{"href":"https:\/\/nessana-art.com\/en\/wp-json\/wp\/v2\/pages"}],"about":[{"href":"https:\/\/nessana-art.com\/en\/wp-json\/wp\/v2\/types\/page"}],"author":[{"embeddable":true,"href":"https:\/\/nessana-art.com\/en\/wp-json\/wp\/v2\/users\/1"}],"replies":[{"embeddable":true,"href":"https:\/\/nessana-art.com\/en\/wp-json\/wp\/v2\/comments?post=1724"}],"version-history":[{"count":2,"href":"https:\/\/nessana-art.com\/en\/wp-json\/wp\/v2\/pages\/1724\/revisions"}],"predecessor-version":[{"id":1742,"href":"https:\/\/nessana-art.com\/en\/wp-json\/wp\/v2\/pages\/1724\/revisions\/1742"}],"wp:attachment":[{"href":"https:\/\/nessana-art.com\/en\/wp-json\/wp\/v2\/media?parent=1724"}],"curies":[{"name":"wp","href":"https:\/\/api.w.org\/{rel}","templated":true}]}}