{"id":1233,"date":"2022-11-03T18:01:00","date_gmt":"2022-11-03T17:01:00","guid":{"rendered":"https:\/\/nessana-art.com\/?page_id=1233"},"modified":"2025-01-06T16:27:58","modified_gmt":"2025-01-06T15:27:58","slug":"art-prints","status":"publish","type":"page","link":"https:\/\/nessana-art.com\/en\/art-prints\/","title":{"rendered":""},"content":{"rendered":"<h3 class=\"wp-block-heading has-text-align-center\"><strong>Art-Prints<\/strong><\/h3>\n\n\n\n<p><br><\/p>\n\n\n\n<p class=\"has-text-align-center\">For the very first time, you have the opportunity to purchase limited editions as fine art prints! <br>Not only a perfect match for your own walls, but also a beautiful idea as a christmas-, birthday- or wedding-gift!<\/p>\n\n\n\n<p><br><\/p>\n\n\n\n<div class=\"wp-block-columns is-layout-flex wp-container-core-columns-is-layout-9d6595d7 wp-block-columns-is-layout-flex\">\n<div class=\"wp-block-column is-layout-flow wp-block-column-is-layout-flow\">\n<figure class=\"wp-block-image size-large\"><a href=\"https:\/\/nessana-art.com\/en\/hamburg-vibes\/\"><img data-recalc-dims=\"1\" loading=\"lazy\" decoding=\"async\" width=\"869\" height=\"869\" data-attachment-id=\"117\" data-permalink=\"https:\/\/nessana-art.com\/en\/natural-abstract\/dsc0073-favorit-2-2\/\" data-orig-file=\"https:\/\/i0.wp.com\/nessana-art.com\/wp-content\/uploads\/2022\/02\/DSC0073-Favorit-2-2-scaled.jpg?fit=2560%2C2560&amp;ssl=1\" data-orig-size=\"2560,2560\" data-comments-opened=\"0\" data-image-meta=\"{&quot;aperture&quot;:&quot;4.5&quot;,&quot;credit&quot;:&quot;&quot;,&quot;camera&quot;:&quot;NIKON D5100&quot;,&quot;caption&quot;:&quot;&quot;,&quot;created_timestamp&quot;:&quot;1634391105&quot;,&quot;copyright&quot;:&quot;&quot;,&quot;focal_length&quot;:&quot;30&quot;,&quot;iso&quot;:&quot;1600&quot;,&quot;shutter_speed&quot;:&quot;0.005&quot;,&quot;title&quot;:&quot;&quot;,&quot;orientation&quot;:&quot;1&quot;}\" data-image-title=\"Hamburg Vibes\" data-image-description=\"\" data-image-caption=\"\" data-large-file=\"https:\/\/i0.wp.com\/nessana-art.com\/wp-content\/uploads\/2022\/02\/DSC0073-Favorit-2-2-scaled.jpg?fit=869%2C869&amp;ssl=1\" src=\"https:\/\/i0.wp.com\/nessana-art.com\/wp-content\/uploads\/2022\/02\/DSC0073-Favorit-2-2.jpg?resize=869%2C869&#038;ssl=1\" alt=\"\" class=\"wp-image-117\" srcset=\"https:\/\/i0.wp.com\/nessana-art.com\/wp-content\/uploads\/2022\/02\/DSC0073-Favorit-2-2-scaled.jpg?resize=1024%2C1024&amp;ssl=1 1024w, https:\/\/i0.wp.com\/nessana-art.com\/wp-content\/uploads\/2022\/02\/DSC0073-Favorit-2-2-scaled.jpg?resize=300%2C300&amp;ssl=1 300w, https:\/\/i0.wp.com\/nessana-art.com\/wp-content\/uploads\/2022\/02\/DSC0073-Favorit-2-2-scaled.jpg?resize=150%2C150&amp;ssl=1 150w, https:\/\/i0.wp.com\/nessana-art.com\/wp-content\/uploads\/2022\/02\/DSC0073-Favorit-2-2-scaled.jpg?resize=768%2C768&amp;ssl=1 768w, https:\/\/i0.wp.com\/nessana-art.com\/wp-content\/uploads\/2022\/02\/DSC0073-Favorit-2-2-scaled.jpg?resize=1536%2C1536&amp;ssl=1 1536w, https:\/\/i0.wp.com\/nessana-art.com\/wp-content\/uploads\/2022\/02\/DSC0073-Favorit-2-2-scaled.jpg?resize=2048%2C2048&amp;ssl=1 2048w, https:\/\/i0.wp.com\/nessana-art.com\/wp-content\/uploads\/2022\/02\/DSC0073-Favorit-2-2-scaled.jpg?resize=12%2C12&amp;ssl=1 12w, https:\/\/i0.wp.com\/nessana-art.com\/wp-content\/uploads\/2022\/02\/DSC0073-Favorit-2-2-scaled.jpg?w=1738&amp;ssl=1 1738w\" sizes=\"auto, (max-width: 869px) 100vw, 869px\" \/><\/a><\/figure>\n\n\n\n<p class=\"has-text-align-center\"><strong>Hamburg Vibes, 30 x 40 cm<\/strong><br>58,- \u20ac plus shipping<\/p>\n<\/div>\n\n\n\n<div class=\"wp-block-column is-layout-flow wp-block-column-is-layout-flow\">\n<figure class=\"wp-block-image size-large\"><a href=\"https:\/\/nessana-art.com\/en\/tony\/\"><img data-recalc-dims=\"1\" loading=\"lazy\" decoding=\"async\" width=\"869\" height=\"869\" data-attachment-id=\"948\" data-permalink=\"https:\/\/nessana-art.com\/en\/tony\/tony-reversed-c-nessana\/\" data-orig-file=\"https:\/\/i0.wp.com\/nessana-art.com\/wp-content\/uploads\/2022\/06\/Tony-Reversed-c-Nessana-scaled.jpg?fit=2560%2C2557&amp;ssl=1\" data-orig-size=\"2560,2557\" data-comments-opened=\"0\" data-image-meta=\"{&quot;aperture&quot;:&quot;0&quot;,&quot;credit&quot;:&quot;&quot;,&quot;camera&quot;:&quot;&quot;,&quot;caption&quot;:&quot;&quot;,&quot;created_timestamp&quot;:&quot;0&quot;,&quot;copyright&quot;:&quot;&quot;,&quot;focal_length&quot;:&quot;0&quot;,&quot;iso&quot;:&quot;0&quot;,&quot;shutter_speed&quot;:&quot;0&quot;,&quot;title&quot;:&quot;&quot;,&quot;orientation&quot;:&quot;1&quot;}\" data-image-title=\"Tony &amp;#8211; Reversed! &amp;#8211; (c) Nessa\u00f1a\" data-image-description=\"\" data-image-caption=\"\" data-large-file=\"https:\/\/i0.wp.com\/nessana-art.com\/wp-content\/uploads\/2022\/06\/Tony-Reversed-c-Nessana-scaled.jpg?fit=869%2C869&amp;ssl=1\" src=\"https:\/\/i0.wp.com\/nessana-art.com\/wp-content\/uploads\/2022\/06\/Tony-Reversed-c-Nessana.jpg?resize=869%2C869&#038;ssl=1\" alt=\"\" class=\"wp-image-948\" srcset=\"https:\/\/i0.wp.com\/nessana-art.com\/wp-content\/uploads\/2022\/06\/Tony-Reversed-c-Nessana-scaled.jpg?resize=1024%2C1024&amp;ssl=1 1024w, https:\/\/i0.wp.com\/nessana-art.com\/wp-content\/uploads\/2022\/06\/Tony-Reversed-c-Nessana-scaled.jpg?resize=300%2C300&amp;ssl=1 300w, https:\/\/i0.wp.com\/nessana-art.com\/wp-content\/uploads\/2022\/06\/Tony-Reversed-c-Nessana-scaled.jpg?resize=150%2C150&amp;ssl=1 150w, https:\/\/i0.wp.com\/nessana-art.com\/wp-content\/uploads\/2022\/06\/Tony-Reversed-c-Nessana-scaled.jpg?resize=768%2C767&amp;ssl=1 768w, https:\/\/i0.wp.com\/nessana-art.com\/wp-content\/uploads\/2022\/06\/Tony-Reversed-c-Nessana-scaled.jpg?resize=1536%2C1534&amp;ssl=1 1536w, https:\/\/i0.wp.com\/nessana-art.com\/wp-content\/uploads\/2022\/06\/Tony-Reversed-c-Nessana-scaled.jpg?resize=2048%2C2046&amp;ssl=1 2048w, https:\/\/i0.wp.com\/nessana-art.com\/wp-content\/uploads\/2022\/06\/Tony-Reversed-c-Nessana-scaled.jpg?resize=12%2C12&amp;ssl=1 12w, https:\/\/i0.wp.com\/nessana-art.com\/wp-content\/uploads\/2022\/06\/Tony-Reversed-c-Nessana-scaled.jpg?resize=24%2C24&amp;ssl=1 24w, https:\/\/i0.wp.com\/nessana-art.com\/wp-content\/uploads\/2022\/06\/Tony-Reversed-c-Nessana-scaled.jpg?resize=36%2C36&amp;ssl=1 36w, https:\/\/i0.wp.com\/nessana-art.com\/wp-content\/uploads\/2022\/06\/Tony-Reversed-c-Nessana-scaled.jpg?resize=48%2C48&amp;ssl=1 48w, https:\/\/i0.wp.com\/nessana-art.com\/wp-content\/uploads\/2022\/06\/Tony-Reversed-c-Nessana-scaled.jpg?w=1738&amp;ssl=1 1738w\" sizes=\"auto, (max-width: 869px) 100vw, 869px\" \/><\/a><\/figure>\n\n\n\n<p class=\"has-text-align-center\"><strong>Tony, 40 x 40 cm<\/strong><br>58,- \u20ac plus shipping<\/p>\n<\/div>\n<\/div>\n\n\n\n<div class=\"wp-block-columns is-layout-flex wp-container-core-columns-is-layout-9d6595d7 wp-block-columns-is-layout-flex\">\n<div class=\"wp-block-column is-layout-flow wp-block-column-is-layout-flow\">\n<figure class=\"wp-block-image size-large\"><a href=\"https:\/\/nessana-art.com\/en\/rokka\/\"><img data-recalc-dims=\"1\" loading=\"lazy\" decoding=\"async\" width=\"869\" height=\"869\" data-attachment-id=\"1178\" data-permalink=\"https:\/\/nessana-art.com\/en\/beauties-of-nature\/20220930_143214\/\" data-orig-file=\"https:\/\/i0.wp.com\/nessana-art.com\/wp-content\/uploads\/2022\/09\/20220930_143214-scaled.jpg?fit=2560%2C2560&amp;ssl=1\" data-orig-size=\"2560,2560\" data-comments-opened=\"0\" data-image-meta=\"{&quot;aperture&quot;:&quot;0&quot;,&quot;credit&quot;:&quot;&quot;,&quot;camera&quot;:&quot;&quot;,&quot;caption&quot;:&quot;&quot;,&quot;created_timestamp&quot;:&quot;0&quot;,&quot;copyright&quot;:&quot;&quot;,&quot;focal_length&quot;:&quot;0&quot;,&quot;iso&quot;:&quot;0&quot;,&quot;shutter_speed&quot;:&quot;0&quot;,&quot;title&quot;:&quot;&quot;,&quot;orientation&quot;:&quot;1&quot;}\" data-image-title=\"20220930_143214\" data-image-description=\"\" data-image-caption=\"\" data-large-file=\"https:\/\/i0.wp.com\/nessana-art.com\/wp-content\/uploads\/2022\/09\/20220930_143214-scaled.jpg?fit=869%2C869&amp;ssl=1\" src=\"https:\/\/i0.wp.com\/nessana-art.com\/wp-content\/uploads\/2022\/09\/20220930_143214.jpg?resize=869%2C869&#038;ssl=1\" alt=\"\" class=\"wp-image-1178\" srcset=\"https:\/\/i0.wp.com\/nessana-art.com\/wp-content\/uploads\/2022\/09\/20220930_143214-scaled.jpg?resize=1024%2C1024&amp;ssl=1 1024w, https:\/\/i0.wp.com\/nessana-art.com\/wp-content\/uploads\/2022\/09\/20220930_143214-scaled.jpg?resize=300%2C300&amp;ssl=1 300w, https:\/\/i0.wp.com\/nessana-art.com\/wp-content\/uploads\/2022\/09\/20220930_143214-scaled.jpg?resize=150%2C150&amp;ssl=1 150w, https:\/\/i0.wp.com\/nessana-art.com\/wp-content\/uploads\/2022\/09\/20220930_143214-scaled.jpg?resize=768%2C768&amp;ssl=1 768w, https:\/\/i0.wp.com\/nessana-art.com\/wp-content\/uploads\/2022\/09\/20220930_143214-scaled.jpg?resize=1536%2C1536&amp;ssl=1 1536w, https:\/\/i0.wp.com\/nessana-art.com\/wp-content\/uploads\/2022\/09\/20220930_143214-scaled.jpg?resize=2048%2C2048&amp;ssl=1 2048w, https:\/\/i0.wp.com\/nessana-art.com\/wp-content\/uploads\/2022\/09\/20220930_143214-scaled.jpg?resize=12%2C12&amp;ssl=1 12w, https:\/\/i0.wp.com\/nessana-art.com\/wp-content\/uploads\/2022\/09\/20220930_143214-scaled.jpg?resize=24%2C24&amp;ssl=1 24w, https:\/\/i0.wp.com\/nessana-art.com\/wp-content\/uploads\/2022\/09\/20220930_143214-scaled.jpg?resize=36%2C36&amp;ssl=1 36w, https:\/\/i0.wp.com\/nessana-art.com\/wp-content\/uploads\/2022\/09\/20220930_143214-scaled.jpg?resize=48%2C48&amp;ssl=1 48w, https:\/\/i0.wp.com\/nessana-art.com\/wp-content\/uploads\/2022\/09\/20220930_143214-scaled.jpg?w=1738&amp;ssl=1 1738w\" sizes=\"auto, (max-width: 869px) 100vw, 869px\" \/><\/a><\/figure>\n\n\n\n<p class=\"has-text-align-center\"><strong>Rokka, 40 x 40 cm<\/strong><br>58,- \u20ac plus shipping<\/p>\n<\/div>\n\n\n\n<div class=\"wp-block-column is-layout-flow wp-block-column-is-layout-flow\">\n<figure class=\"wp-block-image size-large\"><a href=\"https:\/\/nessana-art.com\/en\/maggie\/\"><img data-recalc-dims=\"1\" loading=\"lazy\" decoding=\"async\" width=\"869\" height=\"869\" data-attachment-id=\"1317\" data-permalink=\"https:\/\/nessana-art.com\/en\/beauties-of-nature\/maggie-beauties-of-nature-c-nessana-3\/\" data-orig-file=\"https:\/\/i0.wp.com\/nessana-art.com\/wp-content\/uploads\/2022\/11\/Maggie-Beauties-of-Nature-c-Nessana-3-scaled.jpeg?fit=2560%2C2560&amp;ssl=1\" data-orig-size=\"2560,2560\" data-comments-opened=\"0\" data-image-meta=\"{&quot;aperture&quot;:&quot;0&quot;,&quot;credit&quot;:&quot;&quot;,&quot;camera&quot;:&quot;&quot;,&quot;caption&quot;:&quot;&quot;,&quot;created_timestamp&quot;:&quot;1668337860&quot;,&quot;copyright&quot;:&quot;&quot;,&quot;focal_length&quot;:&quot;0&quot;,&quot;iso&quot;:&quot;0&quot;,&quot;shutter_speed&quot;:&quot;0&quot;,&quot;title&quot;:&quot;&quot;,&quot;orientation&quot;:&quot;1&quot;}\" data-image-title=\"Maggie-Beauties-of-Nature-c-Nessana-3\" data-image-description=\"\" data-image-caption=\"\" data-large-file=\"https:\/\/i0.wp.com\/nessana-art.com\/wp-content\/uploads\/2022\/11\/Maggie-Beauties-of-Nature-c-Nessana-3-scaled.jpeg?fit=869%2C869&amp;ssl=1\" src=\"https:\/\/i0.wp.com\/nessana-art.com\/wp-content\/uploads\/2022\/11\/Maggie-Beauties-of-Nature-c-Nessana-3.jpeg?resize=869%2C869&#038;ssl=1\" alt=\"\" class=\"wp-image-1317\" srcset=\"https:\/\/i0.wp.com\/nessana-art.com\/wp-content\/uploads\/2022\/11\/Maggie-Beauties-of-Nature-c-Nessana-3-scaled.jpeg?resize=1024%2C1024&amp;ssl=1 1024w, https:\/\/i0.wp.com\/nessana-art.com\/wp-content\/uploads\/2022\/11\/Maggie-Beauties-of-Nature-c-Nessana-3-scaled.jpeg?resize=300%2C300&amp;ssl=1 300w, https:\/\/i0.wp.com\/nessana-art.com\/wp-content\/uploads\/2022\/11\/Maggie-Beauties-of-Nature-c-Nessana-3-scaled.jpeg?resize=150%2C150&amp;ssl=1 150w, https:\/\/i0.wp.com\/nessana-art.com\/wp-content\/uploads\/2022\/11\/Maggie-Beauties-of-Nature-c-Nessana-3-scaled.jpeg?resize=768%2C768&amp;ssl=1 768w, https:\/\/i0.wp.com\/nessana-art.com\/wp-content\/uploads\/2022\/11\/Maggie-Beauties-of-Nature-c-Nessana-3-scaled.jpeg?resize=1536%2C1536&amp;ssl=1 1536w, https:\/\/i0.wp.com\/nessana-art.com\/wp-content\/uploads\/2022\/11\/Maggie-Beauties-of-Nature-c-Nessana-3-scaled.jpeg?resize=2048%2C2048&amp;ssl=1 2048w, https:\/\/i0.wp.com\/nessana-art.com\/wp-content\/uploads\/2022\/11\/Maggie-Beauties-of-Nature-c-Nessana-3-scaled.jpeg?resize=12%2C12&amp;ssl=1 12w, https:\/\/i0.wp.com\/nessana-art.com\/wp-content\/uploads\/2022\/11\/Maggie-Beauties-of-Nature-c-Nessana-3-scaled.jpeg?resize=24%2C24&amp;ssl=1 24w, https:\/\/i0.wp.com\/nessana-art.com\/wp-content\/uploads\/2022\/11\/Maggie-Beauties-of-Nature-c-Nessana-3-scaled.jpeg?resize=36%2C36&amp;ssl=1 36w, https:\/\/i0.wp.com\/nessana-art.com\/wp-content\/uploads\/2022\/11\/Maggie-Beauties-of-Nature-c-Nessana-3-scaled.jpeg?resize=48%2C48&amp;ssl=1 48w, https:\/\/i0.wp.com\/nessana-art.com\/wp-content\/uploads\/2022\/11\/Maggie-Beauties-of-Nature-c-Nessana-3-scaled.jpeg?w=1738&amp;ssl=1 1738w\" sizes=\"auto, (max-width: 869px) 100vw, 869px\" \/><\/a><\/figure>\n\n\n\n<p class=\"has-text-align-center\"><strong>Maggie, 40 x 40 cm<\/strong><br>58,- \u20ac plus shipping<\/p>\n<\/div>\n<\/div>\n\n\n\n<p class=\"has-text-align-center\"><br>The high quality, mat prints are printed via <a href=\"https:\/\/www.photocircle.net\/de\/home\">Photocircle<\/a> on \"Photo Matt Fibre 200\" fine art paper by Hahnem\u00fchle. The 200 g\/m\u00b2 paper consists of 100 % cellulose and the 100 % acid-free printing colours stay resistent to light for many decades. <\/p>\n\n\n\n<p class=\"has-text-align-center\">The art prints will be delivered without a frame. Their sizes go from 30 x 40 cm to 40 x 40 cm. \nShipping within Germany is calculated with 7,- \u20ac at this time (changes might occour). <\/p>\n\n\n\n<p class=\"has-text-align-center\">By ordering an art print, you will support tree planting projects. <\/p>\n\n\n\n<div class=\"wp-block-jetpack-slideshow aligncenter\" data-effect=\"slide\"><div class=\"wp-block-jetpack-slideshow_container swiper-container\"><ul class=\"wp-block-jetpack-slideshow_swiper-wrapper swiper-wrapper\"><li class=\"wp-block-jetpack-slideshow_slide swiper-slide\"><figure><img data-recalc-dims=\"1\" loading=\"lazy\" decoding=\"async\" width=\"869\" height=\"489\" alt=\"\" class=\"wp-block-jetpack-slideshow_image wp-image-1269\" data-id=\"1269\" src=\"https:\/\/i0.wp.com\/nessana-art.com\/wp-content\/uploads\/2022\/10\/20221024_174932-2.jpg?resize=869%2C489&#038;ssl=1\" srcset=\"https:\/\/i0.wp.com\/nessana-art.com\/wp-content\/uploads\/2022\/10\/20221024_174932-2-scaled.jpg?resize=1024%2C576&amp;ssl=1 1024w, https:\/\/i0.wp.com\/nessana-art.com\/wp-content\/uploads\/2022\/10\/20221024_174932-2-scaled.jpg?resize=300%2C169&amp;ssl=1 300w, https:\/\/i0.wp.com\/nessana-art.com\/wp-content\/uploads\/2022\/10\/20221024_174932-2-scaled.jpg?resize=768%2C432&amp;ssl=1 768w, https:\/\/i0.wp.com\/nessana-art.com\/wp-content\/uploads\/2022\/10\/20221024_174932-2-scaled.jpg?resize=1536%2C864&amp;ssl=1 1536w, https:\/\/i0.wp.com\/nessana-art.com\/wp-content\/uploads\/2022\/10\/20221024_174932-2-scaled.jpg?resize=2048%2C1152&amp;ssl=1 2048w, https:\/\/i0.wp.com\/nessana-art.com\/wp-content\/uploads\/2022\/10\/20221024_174932-2-scaled.jpg?resize=18%2C10&amp;ssl=1 18w, https:\/\/i0.wp.com\/nessana-art.com\/wp-content\/uploads\/2022\/10\/20221024_174932-2-scaled.jpg?resize=24%2C13&amp;ssl=1 24w, https:\/\/i0.wp.com\/nessana-art.com\/wp-content\/uploads\/2022\/10\/20221024_174932-2-scaled.jpg?resize=36%2C20&amp;ssl=1 36w, https:\/\/i0.wp.com\/nessana-art.com\/wp-content\/uploads\/2022\/10\/20221024_174932-2-scaled.jpg?resize=48%2C27&amp;ssl=1 48w, https:\/\/i0.wp.com\/nessana-art.com\/wp-content\/uploads\/2022\/10\/20221024_174932-2-scaled.jpg?w=1738&amp;ssl=1 1738w\" sizes=\"(max-width: 869px) 100vw, 869px\" \/><\/figure><\/li><li class=\"wp-block-jetpack-slideshow_slide swiper-slide\"><figure><img data-recalc-dims=\"1\" loading=\"lazy\" decoding=\"async\" width=\"869\" height=\"489\" alt=\"\" class=\"wp-block-jetpack-slideshow_image wp-image-1299\" data-id=\"1299\" src=\"https:\/\/i0.wp.com\/nessana-art.com\/wp-content\/uploads\/2022\/11\/20221105_103731-2.jpg?resize=869%2C489&#038;ssl=1\" srcset=\"https:\/\/i0.wp.com\/nessana-art.com\/wp-content\/uploads\/2022\/11\/20221105_103731-2-scaled.jpg?resize=1024%2C576&amp;ssl=1 1024w, https:\/\/i0.wp.com\/nessana-art.com\/wp-content\/uploads\/2022\/11\/20221105_103731-2-scaled.jpg?resize=300%2C169&amp;ssl=1 300w, https:\/\/i0.wp.com\/nessana-art.com\/wp-content\/uploads\/2022\/11\/20221105_103731-2-scaled.jpg?resize=768%2C432&amp;ssl=1 768w, https:\/\/i0.wp.com\/nessana-art.com\/wp-content\/uploads\/2022\/11\/20221105_103731-2-scaled.jpg?resize=1536%2C864&amp;ssl=1 1536w, https:\/\/i0.wp.com\/nessana-art.com\/wp-content\/uploads\/2022\/11\/20221105_103731-2-scaled.jpg?resize=2048%2C1152&amp;ssl=1 2048w, https:\/\/i0.wp.com\/nessana-art.com\/wp-content\/uploads\/2022\/11\/20221105_103731-2-scaled.jpg?resize=18%2C10&amp;ssl=1 18w, https:\/\/i0.wp.com\/nessana-art.com\/wp-content\/uploads\/2022\/11\/20221105_103731-2-scaled.jpg?resize=24%2C14&amp;ssl=1 24w, https:\/\/i0.wp.com\/nessana-art.com\/wp-content\/uploads\/2022\/11\/20221105_103731-2-scaled.jpg?resize=36%2C20&amp;ssl=1 36w, https:\/\/i0.wp.com\/nessana-art.com\/wp-content\/uploads\/2022\/11\/20221105_103731-2-scaled.jpg?resize=48%2C27&amp;ssl=1 48w, https:\/\/i0.wp.com\/nessana-art.com\/wp-content\/uploads\/2022\/11\/20221105_103731-2-scaled.jpg?w=1738&amp;ssl=1 1738w\" sizes=\"(max-width: 869px) 100vw, 869px\" \/><\/figure><\/li><li class=\"wp-block-jetpack-slideshow_slide swiper-slide\"><figure><img data-recalc-dims=\"1\" loading=\"lazy\" decoding=\"async\" width=\"869\" height=\"489\" alt=\"\" class=\"wp-block-jetpack-slideshow_image wp-image-1270\" data-id=\"1270\" src=\"https:\/\/i0.wp.com\/nessana-art.com\/wp-content\/uploads\/2022\/10\/20221024_174941-2.jpg?resize=869%2C489&#038;ssl=1\" srcset=\"https:\/\/i0.wp.com\/nessana-art.com\/wp-content\/uploads\/2022\/10\/20221024_174941-2-scaled.jpg?resize=1024%2C576&amp;ssl=1 1024w, https:\/\/i0.wp.com\/nessana-art.com\/wp-content\/uploads\/2022\/10\/20221024_174941-2-scaled.jpg?resize=300%2C169&amp;ssl=1 300w, https:\/\/i0.wp.com\/nessana-art.com\/wp-content\/uploads\/2022\/10\/20221024_174941-2-scaled.jpg?resize=768%2C432&amp;ssl=1 768w, https:\/\/i0.wp.com\/nessana-art.com\/wp-content\/uploads\/2022\/10\/20221024_174941-2-scaled.jpg?resize=1536%2C864&amp;ssl=1 1536w, https:\/\/i0.wp.com\/nessana-art.com\/wp-content\/uploads\/2022\/10\/20221024_174941-2-scaled.jpg?resize=2048%2C1152&amp;ssl=1 2048w, https:\/\/i0.wp.com\/nessana-art.com\/wp-content\/uploads\/2022\/10\/20221024_174941-2-scaled.jpg?resize=18%2C10&amp;ssl=1 18w, https:\/\/i0.wp.com\/nessana-art.com\/wp-content\/uploads\/2022\/10\/20221024_174941-2-scaled.jpg?resize=24%2C13&amp;ssl=1 24w, https:\/\/i0.wp.com\/nessana-art.com\/wp-content\/uploads\/2022\/10\/20221024_174941-2-scaled.jpg?resize=36%2C20&amp;ssl=1 36w, https:\/\/i0.wp.com\/nessana-art.com\/wp-content\/uploads\/2022\/10\/20221024_174941-2-scaled.jpg?resize=48%2C27&amp;ssl=1 48w, https:\/\/i0.wp.com\/nessana-art.com\/wp-content\/uploads\/2022\/10\/20221024_174941-2-scaled.jpg?w=1738&amp;ssl=1 1738w\" sizes=\"(max-width: 869px) 100vw, 869px\" \/><\/figure><\/li><\/ul><a class=\"wp-block-jetpack-slideshow_button-prev swiper-button-prev swiper-button-white\" role=\"button\"><\/a><a class=\"wp-block-jetpack-slideshow_button-next swiper-button-next swiper-button-white\" role=\"button\"><\/a><a aria-label=\"Pause Slideshow\" class=\"wp-block-jetpack-slideshow_button-pause\" role=\"button\"><\/a><div class=\"wp-block-jetpack-slideshow_pagination swiper-pagination swiper-pagination-white\"><\/div><\/div><\/div>\n\n\n\n<p><br><\/p>\n\n\n\n<h3 class=\"wp-block-heading has-text-align-center\"><strong>The<\/strong> <strong>Order <\/strong><\/h3>\n\n\n\n<p><br><\/p>\n\n\n\n<p class=\"has-text-align-left\">Write a short e-mail via <a href=\"https:\/\/nessana-art.com\/en\/contact\/\">contact<\/a> with the following information: <\/p>\n\n\n\n<ul class=\"wp-block-list\">\n<li>Which limited art-print do you like to buy?<\/li>\n\n\n\n<li>Would you prefer shipment by DHL or do we see each other in person in the Hamburg region?<\/li>\n\n\n\n<li>Is there a deadline, when you need the art print?<\/li>\n\n\n\n<li>Are you interested in also purchasing a frame?<\/li>\n<\/ul>\n\n\n\n<p class=\"has-text-align-left\">When I receive your e-mail, I will get in touch! We will talk about the payment, the address info etc. and after receiving the payment and ordering the print-on-demand artwork, I will send you your new limited art print! <\/p>\n\n\n\n<div class=\"wp-block-columns is-layout-flex wp-container-core-columns-is-layout-9d6595d7 wp-block-columns-is-layout-flex\">\n<div class=\"wp-block-column is-layout-flow wp-block-column-is-layout-flow\">\n<p class=\"has-text-align-center\"><\/p>\n<\/div>\n<\/div>","protected":false},"excerpt":{"rendered":"<p>Kunst-Drucke Erstmalig besteht die M\u00f6glichkeit limitierte Kunst-Drucke zu erwerben! Nicht nur f\u00fcr die eigenen W\u00e4nde hervorragend geeignet sondern auch eine tolle Idee als Weihnachts-, Geburtstags- oder Hochzeitsgeschenk! Hamburg Vibes, 30 x 40 cm58,- \u20ac zzgl. Versand Tony, 40 x 40 cm58,- \u20ac zzgl. Versand Rokka, 40 x 40 cm58,- \u20ac zzgl. Versand Maggie, 40 x&hellip;<\/p>","protected":false},"author":1,"featured_media":0,"parent":0,"menu_order":0,"comment_status":"closed","ping_status":"closed","template":"","meta":{"footnotes":""},"class_list":["post-1233","page","type-page","status-publish","hentry","no-post-thumbnail","post-grid-3-col","entry"],"jetpack_sharing_enabled":true,"_links":{"self":[{"href":"https:\/\/nessana-art.com\/en\/wp-json\/wp\/v2\/pages\/1233","targetHints":{"allow":["GET"]}}],"collection":[{"href":"https:\/\/nessana-art.com\/en\/wp-json\/wp\/v2\/pages"}],"about":[{"href":"https:\/\/nessana-art.com\/en\/wp-json\/wp\/v2\/types\/page"}],"author":[{"embeddable":true,"href":"https:\/\/nessana-art.com\/en\/wp-json\/wp\/v2\/users\/1"}],"replies":[{"embeddable":true,"href":"https:\/\/nessana-art.com\/en\/wp-json\/wp\/v2\/comments?post=1233"}],"version-history":[{"count":14,"href":"https:\/\/nessana-art.com\/en\/wp-json\/wp\/v2\/pages\/1233\/revisions"}],"predecessor-version":[{"id":2119,"href":"https:\/\/nessana-art.com\/en\/wp-json\/wp\/v2\/pages\/1233\/revisions\/2119"}],"wp:attachment":[{"href":"https:\/\/nessana-art.com\/en\/wp-json\/wp\/v2\/media?parent=1233"}],"curies":[{"name":"wp","href":"https:\/\/api.w.org\/{rel}","templated":true}]}}